{"id":10039,"date":"2024-05-29T21:44:13","date_gmt":"2024-05-29T21:44:13","guid":{"rendered":"https:\/\/senseadelic.com\/?page_id=10039"},"modified":"2024-06-17T16:40:44","modified_gmt":"2024-06-17T16:40:44","slug":"html-sitemap","status":"publish","type":"page","link":"https:\/\/senseadelic.com\/de\/html-sitemap\/","title":{"rendered":"HTML-Sitemap"},"content":{"rendered":"\t\t<div data-elementor-type=\"wp-page\" data-elementor-id=\"10039\" class=\"elementor elementor-10039\" data-elementor-post-type=\"page\">\n\t\t\t\t<div class=\"elementor-element elementor-element-5516e5d6 e-flex e-con-boxed e-con e-parent\" data-id=\"5516e5d6\" data-element_type=\"container\" data-e-type=\"container\">\n\t\t\t\t\t<div class=\"e-con-inner\">\n\t\t<div class=\"elementor-element elementor-element-96be5bf e-con-full elementor-hidden-mobile e-flex e-con e-child\" data-id=\"96be5bf\" data-element_type=\"container\" data-e-type=\"container\" data-settings=\"{&quot;sticky&quot;:&quot;top&quot;,&quot;sticky_on&quot;:[&quot;desktop&quot;,&quot;laptop&quot;,&quot;tablet_extra&quot;,&quot;tablet&quot;,&quot;mobile&quot;],&quot;sticky_offset&quot;:0,&quot;sticky_effects_offset&quot;:0,&quot;sticky_anchor_link_offset&quot;:0}\">\n\t\t\t\t<div class=\"elementor-element elementor-element-db7ce4d elementor-widget elementor-widget-template\" data-id=\"db7ce4d\" data-element_type=\"widget\" data-e-type=\"widget\" data-widget_type=\"template.default\">\n\t\t\t\t<div class=\"elementor-widget-container\">\n\t\t\t\t\t\t\t<div class=\"elementor-template\">\n\t\t\t\t\t<div data-elementor-type=\"container\" data-elementor-id=\"606\" class=\"elementor elementor-606\" data-elementor-post-type=\"elementor_library\">\n\t\t\t\t<div class=\"elementor-element elementor-element-78738f10 e-con-full e-flex e-con e-child\" data-id=\"78738f10\" data-element_type=\"container\" data-e-type=\"container\">\n\t\t\t\t<div class=\"elementor-element elementor-element-2a449b79 elementor-nav-menu__align-justify elementor-nav-menu--dropdown-none sidebar-cat-menu elementor-widget elementor-widget-nav-menu\" data-id=\"2a449b79\" data-element_type=\"widget\" data-e-type=\"widget\" data-settings=\"{&quot;layout&quot;:&quot;vertical&quot;,&quot;submenu_icon&quot;:{&quot;value&quot;:&quot;&lt;i aria-hidden=\\&quot;true\\&quot; class=\\&quot;\\&quot;&gt;&lt;\\\/i&gt;&quot;,&quot;library&quot;:&quot;&quot;}}\" data-widget_type=\"nav-menu.default\">\n\t\t\t\t\t\t\t\t<nav aria-label=\"Men\u00fc\" class=\"elementor-nav-menu--main elementor-nav-menu__container elementor-nav-menu--layout-vertical e--pointer-text e--animation-none\">\n\t\t\t\t<ul id=\"menu-1-2a449b79\" class=\"elementor-nav-menu sm-vertical\"><li class=\"menu-item menu-item-type-taxonomy menu-item-object-product_cat menu-item-446\"><a href=\"https:\/\/senseadelic.com\/de\/shop\/smoking-blends\/\" class=\"elementor-item\">Smoking Blends<\/a><\/li>\n<li class=\"sec-menu-sub menu-item menu-item-type-taxonomy menu-item-object-product_cat menu-item-447\"><a href=\"https:\/\/senseadelic.com\/de\/shop\/smoking-blends\/herbal-blends\/\" title=\"Dutch Orange Herbal Blends\" class=\"elementor-item\">Herbal Blends<\/a><\/li>\n<li class=\"sec-menu-sub menu-item menu-item-type-taxonomy menu-item-object-product_cat menu-item-448\"><a href=\"https:\/\/senseadelic.com\/de\/shop\/smoking-blends\/solid-blends\/\" class=\"elementor-item\">Solid Blends<\/a><\/li>\n<li class=\"soldout menu-item menu-item-type-taxonomy menu-item-object-product_cat menu-item-6993\"><a href=\"https:\/\/senseadelic.com\/de\/shop\/cannabis\/\" class=\"elementor-item\">Cannabis<\/a><\/li>\n<li class=\"mushrooms menu-item menu-item-type-taxonomy menu-item-object-product_cat menu-item-451\"><a href=\"https:\/\/senseadelic.com\/de\/shop\/magic-mushrooms\/\" class=\"elementor-item\">Magic Mushrooms<\/a><\/li>\n<li class=\"menu-item menu-item-type-taxonomy menu-item-object-product_cat menu-item-443\"><a href=\"https:\/\/senseadelic.com\/de\/shop\/hhc-gummies\/\" class=\"elementor-item\">Gummies<\/a><\/li>\n<li class=\"menu-item menu-item-type-taxonomy menu-item-object-product_cat menu-item-449\"><a href=\"https:\/\/senseadelic.com\/de\/shop\/vapes-liquids\/\" title=\"Dutch Orange Vapes Liquids\" class=\"elementor-item\">Vapes Liquids<\/a><\/li>\n<li class=\"menu-item menu-item-type-taxonomy menu-item-object-product_cat menu-item-444\"><a href=\"https:\/\/senseadelic.com\/de\/shop\/premium-kratom-powder\/\" title=\"Premium Kratom Powder\" class=\"elementor-item\">Kratom Powder<\/a><\/li>\n<li class=\"menu-item menu-item-type-taxonomy menu-item-object-product_cat menu-item-442\"><a href=\"https:\/\/senseadelic.com\/de\/shop\/cbd-oil\/\" class=\"elementor-item\">CBD Oil<\/a><\/li>\n<li class=\"menu-item menu-item-type-taxonomy menu-item-object-product_cat menu-item-445\"><a href=\"https:\/\/senseadelic.com\/de\/shop\/psychedelics-supplies\/\" class=\"elementor-item\">Psychedelics<\/a><\/li>\n<li class=\"menu-item menu-item-type-taxonomy menu-item-object-product_cat menu-item-450\"><a href=\"https:\/\/senseadelic.com\/de\/shop\/stimulants-supplies\/\" class=\"elementor-item\">Stimulants<\/a><\/li>\n<\/ul>\t\t\t<\/nav>\n\t\t\t\t\t\t<nav class=\"elementor-nav-menu--dropdown elementor-nav-menu__container\" aria-hidden=\"true\">\n\t\t\t\t<ul id=\"menu-2-2a449b79\" class=\"elementor-nav-menu sm-vertical\"><li class=\"menu-item menu-item-type-taxonomy menu-item-object-product_cat menu-item-446\"><a href=\"https:\/\/senseadelic.com\/de\/shop\/smoking-blends\/\" class=\"elementor-item\" tabindex=\"-1\">Smoking Blends<\/a><\/li>\n<li class=\"sec-menu-sub menu-item menu-item-type-taxonomy menu-item-object-product_cat menu-item-447\"><a href=\"https:\/\/senseadelic.com\/de\/shop\/smoking-blends\/herbal-blends\/\" title=\"Dutch Orange Herbal Blends\" class=\"elementor-item\" tabindex=\"-1\">Herbal Blends<\/a><\/li>\n<li class=\"sec-menu-sub menu-item menu-item-type-taxonomy menu-item-object-product_cat menu-item-448\"><a href=\"https:\/\/senseadelic.com\/de\/shop\/smoking-blends\/solid-blends\/\" class=\"elementor-item\" tabindex=\"-1\">Solid Blends<\/a><\/li>\n<li class=\"soldout menu-item menu-item-type-taxonomy menu-item-object-product_cat menu-item-6993\"><a href=\"https:\/\/senseadelic.com\/de\/shop\/cannabis\/\" class=\"elementor-item\" tabindex=\"-1\">Cannabis<\/a><\/li>\n<li class=\"mushrooms menu-item menu-item-type-taxonomy menu-item-object-product_cat menu-item-451\"><a href=\"https:\/\/senseadelic.com\/de\/shop\/magic-mushrooms\/\" class=\"elementor-item\" tabindex=\"-1\">Magic Mushrooms<\/a><\/li>\n<li class=\"menu-item menu-item-type-taxonomy menu-item-object-product_cat menu-item-443\"><a href=\"https:\/\/senseadelic.com\/de\/shop\/hhc-gummies\/\" class=\"elementor-item\" tabindex=\"-1\">Gummies<\/a><\/li>\n<li class=\"menu-item menu-item-type-taxonomy menu-item-object-product_cat menu-item-449\"><a href=\"https:\/\/senseadelic.com\/de\/shop\/vapes-liquids\/\" title=\"Dutch Orange Vapes Liquids\" class=\"elementor-item\" tabindex=\"-1\">Vapes Liquids<\/a><\/li>\n<li class=\"menu-item menu-item-type-taxonomy menu-item-object-product_cat menu-item-444\"><a href=\"https:\/\/senseadelic.com\/de\/shop\/premium-kratom-powder\/\" title=\"Premium Kratom Powder\" class=\"elementor-item\" tabindex=\"-1\">Kratom Powder<\/a><\/li>\n<li class=\"menu-item menu-item-type-taxonomy menu-item-object-product_cat menu-item-442\"><a href=\"https:\/\/senseadelic.com\/de\/shop\/cbd-oil\/\" class=\"elementor-item\" tabindex=\"-1\">CBD Oil<\/a><\/li>\n<li class=\"menu-item menu-item-type-taxonomy menu-item-object-product_cat menu-item-445\"><a href=\"https:\/\/senseadelic.com\/de\/shop\/psychedelics-supplies\/\" class=\"elementor-item\" tabindex=\"-1\">Psychedelics<\/a><\/li>\n<li class=\"menu-item menu-item-type-taxonomy menu-item-object-product_cat menu-item-450\"><a href=\"https:\/\/senseadelic.com\/de\/shop\/stimulants-supplies\/\" class=\"elementor-item\" tabindex=\"-1\">Stimulants<\/a><\/li>\n<\/ul>\t\t\t<\/nav>\n\t\t\t\t\t\t<\/div>\n\t\t\t\t<div class=\"elementor-element elementor-element-4543f46 elementor-widget elementor-widget-spacer\" data-id=\"4543f46\" data-element_type=\"widget\" data-e-type=\"widget\" data-widget_type=\"spacer.default\">\n\t\t\t\t\t\t\t<div class=\"elementor-spacer\">\n\t\t\t<div class=\"elementor-spacer-inner\"><\/div>\n\t\t<\/div>\n\t\t\t\t\t\t<\/div>\n\t\t\t\t<div class=\"elementor-element elementor-element-3ddf8663 animated-fast e-transform jedv-enabled--yes elementor-widget__width-inherit elementor-invisible elementor-widget elementor-widget-image\" data-id=\"3ddf8663\" data-element_type=\"widget\" data-e-type=\"widget\" data-settings=\"{&quot;_animation&quot;:&quot;bounceInLeft&quot;,&quot;_animation_delay&quot;:50,&quot;_transform_flipX_effect&quot;:&quot;transform&quot;}\" data-widget_type=\"image.default\">\n\t\t\t\t\t\t\t\t\t\t\t\t\t\t\t<img decoding=\"async\" src=\"https:\/\/senseadelic.com\/wp-content\/uploads\/sense-a-delic-space-ship-1.avif\" class=\"attachment-large size-large wp-image-3021\" alt=\"sense a delic space ship\" \/>\t\t\t\t\t\t\t\t\t\t\t\t\t\t\t<\/div>\n\t\t\t\t<div class=\"elementor-element elementor-element-4e89c9b elementor-widget__width-inherit textonfire jedv-enabled--yes elementor-invisible elementor-widget elementor-widget-heading\" data-id=\"4e89c9b\" data-element_type=\"widget\" data-e-type=\"widget\" data-settings=\"{&quot;_animation&quot;:&quot;fadeIn&quot;,&quot;_animation_delay&quot;:300}\" data-widget_type=\"heading.default\">\n\t\t\t\t\t<h3 class=\"elementor-heading-title elementor-size-default\">Buy Two Get One Free!<\/h3>\t\t\t\t<\/div>\n\t\t\t\t<\/div>\n\t\t\t\t<\/div>\n\t\t\t\t<\/div>\n\t\t\t\t\t\t<\/div>\n\t\t\t\t<\/div>\n\t\t\t\t<\/div>\n\t\t<div class=\"elementor-element elementor-element-21d2ae6 e-con-full e-flex e-con e-child\" data-id=\"21d2ae6\" data-element_type=\"container\" data-e-type=\"container\">\n\t\t\t\t<div class=\"elementor-element elementor-element-3c83b04 page-title elementor-widget elementor-widget-heading\" data-id=\"3c83b04\" data-element_type=\"widget\" data-e-type=\"widget\" data-widget_type=\"heading.default\">\n\t\t\t\t\t<h1 class=\"elementor-heading-title elementor-size-default\"> Smart Shop Sense A Delic HTML Sitemap<\/h1>\t\t\t\t<\/div>\n\t\t\t\t<div class=\"elementor-element elementor-element-8859605 elementor-widget elementor-widget-heading\" data-id=\"8859605\" data-element_type=\"widget\" data-e-type=\"widget\" data-widget_type=\"heading.default\">\n\t\t\t\t\t<span class=\"elementor-heading-title elementor-size-default\">Navigate through Sense A Delic with ease using our comprehensive HTML Sitemap. Explore all our categories including psychedelics, stimulants, magic mushrooms, and more.<\/span>\t\t\t\t<\/div>\n\t\t\t\t<div class=\"elementor-element elementor-element-d8c2250 elementor-widget elementor-widget-heading\" data-id=\"d8c2250\" data-element_type=\"widget\" data-e-type=\"widget\" data-widget_type=\"heading.default\">\n\t\t\t\t\t<span class=\"elementor-heading-title elementor-size-default\">Discover our wide range of products and detailed guides on smart shop items. Visit now to find everything you need in one place.<\/span>\t\t\t\t<\/div>\n\t\t\t\t<div class=\"elementor-element elementor-element-2e2c233d elementor-widget__width-inherit elementor-widget elementor-widget-shortcode\" data-id=\"2e2c233d\" data-element_type=\"widget\" data-e-type=\"widget\" data-widget_type=\"shortcode.default\">\n\t\t\t\t\t\t\t<div class=\"elementor-shortcode\"><div class=\"wrap-html-sitemap sp-html-sitemap\"><div class=\"sp-wrap-cpt\"><h2 class=\"sp-cpt-name\">Seiten<\/h2><ul class=\"sp-list-posts sp-cpt-hierarchical\"><li class=\"page_item page-item-34570\"><a href=\"https:\/\/senseadelic.com\/de\/products-information\/\">Products information<\/a><\/li><li class=\"page_item page-item-10039\"><a href=\"https:\/\/senseadelic.com\/de\/html-sitemap\/\">HTML Sitemap<\/a><\/li><li class=\"page_item page-item-8176\"><a href=\"https:\/\/senseadelic.com\/de\/unsubscribe\/\">Unsubscribe<\/a><\/li><li class=\"page_item page-item-1495\"><a href=\"https:\/\/senseadelic.com\/de\/order-invoice-page\/\">Order Invoice Page<\/a><\/li><li class=\"page_item page-item-1236\"><a href=\"https:\/\/senseadelic.com\/de\/about-smart-shop-sense-a-delic\/\">About Smart Shop Sense a Delic<\/a><\/li><li class=\"page_item page-item-1082\"><a href=\"https:\/\/senseadelic.com\/de\/health-disclaimer\/\">Health Disclaimer<\/a><\/li><li class=\"page_item page-item-1076\"><a href=\"https:\/\/senseadelic.com\/de\/privacy-policy\/\">Privacy Policy<\/a><\/li><li class=\"page_item page-item-1075\"><a href=\"https:\/\/senseadelic.com\/de\/terms-and-conditions\/\">Terms and Conditions<\/a><\/li><li class=\"page_item page-item-1059\"><a href=\"https:\/\/senseadelic.com\/de\/sitemap\/\">Sitemap<\/a><\/li><li class=\"page_item page-item-1021\"><a href=\"https:\/\/senseadelic.com\/de\/\">Sense A Delic<\/a><\/li><li class=\"page_item page-item-902\"><a href=\"https:\/\/senseadelic.com\/de\/products-on-sale\/\">Products on Sale<\/a><\/li><li class=\"page_item page-item-820 current_page_parent\"><a href=\"https:\/\/senseadelic.com\/de\/blog\/\">Blog<\/a><\/li><li class=\"page_item page-item-842\"><a href=\"https:\/\/senseadelic.com\/de\/order-tracking\/\">Order Tracking<\/a><\/li><li class=\"page_item page-item-818\"><a href=\"https:\/\/senseadelic.com\/de\/contact-us\/\">Contact Us<\/a><\/li><li class=\"page_item page-item-513\"><a href=\"https:\/\/senseadelic.com\/de\/frequently-asked-questions\/\">Frequently Asked Questions<\/a><\/li><li class=\"page_item page-item-25\"><a href=\"https:\/\/senseadelic.com\/de\/shop\/\">Shop<\/a><\/li><li class=\"page_item page-item-26\"><a href=\"https:\/\/senseadelic.com\/de\/shopping-basket\/\">Shopping Basket<\/a><\/li><li class=\"page_item page-item-27\"><a href=\"https:\/\/senseadelic.com\/de\/checkout-page\/\">Checkout Page<\/a><\/li><li class=\"page_item page-item-28\"><a href=\"https:\/\/senseadelic.com\/de\/my-account\/\">My Account<\/a><\/li><\/ul><\/div><div class=\"sp-wrap-cpt\"><h2 class=\"sp-cpt-name\">Beitr\u00e4ge<\/h2><div class=\"sp-wrap-cats\"><div class=\"sp-wrap-cat\"><h3 class=\"sp-cat-name\"><a href=\"https:\/\/senseadelic.com\/de\/category\/health\/\">Health<\/a><\/h3><ul class=\"sp-list-posts\"><li><a href=\"https:\/\/senseadelic.com\/de\/what-is-hhc-everything-you-need-to-know\/\">What is HHC? Everything You Need to Know<\/a><\/li><li><a href=\"https:\/\/senseadelic.com\/de\/the-remarkable-benefits-of-cbd-oil-information\/\">The Remarkable Benefits of CBD Oil Information<\/a><\/li><li><a href=\"https:\/\/senseadelic.com\/de\/premium-kratom-powder-guide\/\">Premium Kratom Powder Guide<\/a><\/li><li><a href=\"https:\/\/senseadelic.com\/de\/a-guide-to-cbd-oil\/\">A Guide to CBD Oil<\/a><\/li><\/ul><\/div><div class=\"sp-wrap-cat\"><h3 class=\"sp-cat-name\"><a href=\"https:\/\/senseadelic.com\/de\/category\/hhc\/\">HHC<\/a><\/h3><ul class=\"sp-list-posts\"><li><a href=\"https:\/\/senseadelic.com\/de\/what-is-hhc-everything-you-need-to-know\/\">What is HHC? Everything You Need to Know<\/a><\/li><li><a href=\"https:\/\/senseadelic.com\/de\/the-ultimate-guide-to-hhc-vapes\/\">The Ultimate Guide to HHC Vapes Elevate Your Experience<\/a><\/li><li><a href=\"https:\/\/senseadelic.com\/de\/discover-hhc-gummies-at-sense-a-delic-smart-shop\/\">Discover HHC Gummies at Sense a Delic Smart Shop<\/a><\/li><\/ul><\/div><div class=\"sp-wrap-cat\"><h3 class=\"sp-cat-name\"><a href=\"https:\/\/senseadelic.com\/de\/category\/information\/\">Information<\/a><\/h3><ul class=\"sp-list-posts\"><li><a href=\"https:\/\/senseadelic.com\/de\/what-is-hhc-everything-you-need-to-know\/\">What is HHC? Everything You Need to Know<\/a><\/li><li><a href=\"https:\/\/senseadelic.com\/de\/the-remarkable-benefits-of-cbd-oil-information\/\">The Remarkable Benefits of CBD Oil Information<\/a><\/li><li><a href=\"https:\/\/senseadelic.com\/de\/your-info-guide-to-shamanic-snuff\/\">Your Info Guide to Shamanic Snuff<\/a><\/li><li><a href=\"https:\/\/senseadelic.com\/de\/research-chemicals-of-psychoactive-substances\/\">Research Chemicals of Psychoactive Substances<\/a><\/li><li><a href=\"https:\/\/senseadelic.com\/de\/the-emerging-trend-in-vaping-hhc-alternatives\/\">The Emerging Trend in Vaping HHC Alternatives<\/a><\/li><\/ul><\/div><div class=\"sp-wrap-cat\"><h3 class=\"sp-cat-name\"><a href=\"https:\/\/senseadelic.com\/de\/category\/magic-mushrooms\/\">Magic Mushrooms<\/a><\/h3><ul class=\"sp-list-posts\"><li><a href=\"https:\/\/senseadelic.com\/de\/magic-mushrooms-a-psychedelic-trip-from-mother-nature\/\">Magic Mushrooms a Psychedelic Trip from Mother Nature<\/a><\/li><li><a href=\"https:\/\/senseadelic.com\/de\/the-mystique-of-magic-truffles\/\">The Mystique of Magic Truffles<\/a><\/li><\/ul><\/div><div class=\"sp-wrap-cat\"><h3 class=\"sp-cat-name\"><a href=\"https:\/\/senseadelic.com\/de\/category\/mushrooms\/\">Mushrooms<\/a><\/h3><ul class=\"sp-list-posts\"><li><a href=\"https:\/\/senseadelic.com\/de\/amanita-muscaria-exploration\/\">Amanita Muscaria Exploration<\/a><\/li><\/ul><\/div><div class=\"sp-wrap-cat\"><h3 class=\"sp-cat-name\"><a href=\"https:\/\/senseadelic.com\/de\/category\/smartshops\/\">SmartShops<\/a><\/h3><ul class=\"sp-list-posts\"><li><a href=\"https:\/\/senseadelic.com\/de\/smartshops-the-world-of-legal-psychoactive-substances\/\">SmartShops the World of Legal Psychoactive Substances<\/a><\/li><\/ul><\/div><\/div><\/div><div class=\"sp-wrap-cpt\"><h2 class=\"sp-cpt-name\">Produkte<\/h2><div class=\"sp-archive-link\"><a href=\"https:\/\/senseadelic.com\/de\/shop\/\">Zeige alle produkte<\/a><\/div><div class=\"sp-wrap-cats\"><div class=\"sp-wrap-cat\"><h3 class=\"sp-cat-name\"><a href=\"https:\/\/senseadelic.com\/de\/shop\/smoking-blends\/herbal-blends\/\">Herbal Blends<\/a><\/h3><ul class=\"sp-list-posts\"><li><a href=\"https:\/\/senseadelic.com\/de\/shop\/smoking-blends\/herbal-blends\/dutch-royale-sublime\/\">Dutch Royale Sublime<\/a><\/li><li><a href=\"https:\/\/senseadelic.com\/de\/shop\/smoking-blends\/herbal-blends\/elixir-herbal-blend\/\">Elixir Herbal Blend<\/a><\/li><li><a href=\"https:\/\/senseadelic.com\/de\/shop\/smoking-blends\/herbal-blends\/dutch-royale-elite-herbal-blend\/\">Dutch Royale Elite Herbal Blend<\/a><\/li><li><a href=\"https:\/\/senseadelic.com\/de\/shop\/smoking-blends\/herbal-blends\/dutch-orange-long-lasting\/\">Dutch Orange Long Lasting<\/a><\/li><li><a href=\"https:\/\/senseadelic.com\/de\/shop\/smoking-blends\/herbal-blends\/dutch-royale-platinium\/\">Dutch Royale Platinium<\/a><\/li><li><a href=\"https:\/\/senseadelic.com\/de\/shop\/smoking-blends\/herbal-blends\/ganja\/\">Ganja Premium Quality Herbal Blend<\/a><\/li><li><a href=\"https:\/\/senseadelic.com\/de\/shop\/smoking-blends\/herbal-blends\/dutch-orange-extreme\/\">Dutch Orange Extreme<\/a><\/li><li><a href=\"https:\/\/senseadelic.com\/de\/shop\/smoking-blends\/herbal-blends\/dutch-orange-original\/\">Dutch Orange Original<\/a><\/li><li><a href=\"https:\/\/senseadelic.com\/de\/shop\/smoking-blends\/herbal-blends\/dutch-orange-intense\/\">Dutch Orange Intense<\/a><\/li><li><a href=\"https:\/\/senseadelic.com\/de\/shop\/smoking-blends\/herbal-blends\/dutch-orange-supreme\/\">Dutch Orange Supreme<\/a><\/li><li><a href=\"https:\/\/senseadelic.com\/de\/shop\/smoking-blends\/herbal-blends\/dutch-royale-suave\/\">Dutch Royale Suave<\/a><\/li><li><a href=\"https:\/\/senseadelic.com\/de\/shop\/smoking-blends\/herbal-blends\/dutch-royale-imperial\/\">Dutch Royale Imperial<\/a><\/li><\/ul><\/div><div class=\"sp-wrap-cat\"><h3 class=\"sp-cat-name\"><a href=\"https:\/\/senseadelic.com\/de\/shop\/smoking-blends\/\">Smoking Blends<\/a><\/h3><ul class=\"sp-list-posts\"><li><a href=\"https:\/\/senseadelic.com\/de\/shop\/smoking-blends\/herbal-blends\/dutch-royale-sublime\/\">Dutch Royale Sublime<\/a><\/li><li><a href=\"https:\/\/senseadelic.com\/de\/shop\/smoking-blends\/herbal-blends\/elixir-herbal-blend\/\">Elixir Herbal Blend<\/a><\/li><li><a href=\"https:\/\/senseadelic.com\/de\/shop\/smoking-blends\/herbal-blends\/dutch-royale-elite-herbal-blend\/\">Dutch Royale Elite Herbal Blend<\/a><\/li><li><a href=\"https:\/\/senseadelic.com\/de\/shop\/smoking-blends\/herbal-blends\/dutch-orange-long-lasting\/\">Dutch Orange Long Lasting<\/a><\/li><li><a href=\"https:\/\/senseadelic.com\/de\/shop\/smoking-blends\/herbal-blends\/dutch-royale-platinium\/\">Dutch Royale Platinium<\/a><\/li><li><a href=\"https:\/\/senseadelic.com\/de\/shop\/smoking-blends\/herbal-blends\/ganja\/\">Ganja Premium Quality Herbal Blend<\/a><\/li><li><a href=\"https:\/\/senseadelic.com\/de\/shop\/smoking-blends\/herbal-blends\/dutch-orange-extreme\/\">Dutch Orange Extreme<\/a><\/li><li><a href=\"https:\/\/senseadelic.com\/de\/shop\/smoking-blends\/herbal-blends\/dutch-orange-original\/\">Dutch Orange Original<\/a><\/li><li><a href=\"https:\/\/senseadelic.com\/de\/shop\/smoking-blends\/herbal-blends\/dutch-orange-intense\/\">Dutch Orange Intense<\/a><\/li><li><a href=\"https:\/\/senseadelic.com\/de\/shop\/smoking-blends\/herbal-blends\/dutch-orange-supreme\/\">Dutch Orange Supreme<\/a><\/li><li><a href=\"https:\/\/senseadelic.com\/de\/shop\/smoking-blends\/herbal-blends\/dutch-royale-suave\/\">Dutch Royale Suave<\/a><\/li><li><a href=\"https:\/\/senseadelic.com\/de\/shop\/smoking-blends\/herbal-blends\/dutch-royale-imperial\/\">Dutch Royale Imperial<\/a><\/li><\/ul><\/div><\/div><\/div><\/div><\/div>\n\t\t\t\t\t\t<\/div>\n\t\t\t\t<\/div>\n\t\t\t\t\t<\/div>\n\t\t\t\t<\/div>\n\t\t\t\t<\/div>\n\t\t","protected":false},"excerpt":{"rendered":"<p>Wir empfehlen Ihnen, unsere h\u00e4ufig gestellten Fragen sorgf\u00e4ltig zu lesen! Willkommen auf der FAQ-Seite von Sense a Delic! Wir haben eine Liste der am h\u00e4ufigsten gestellten Fragen zusammengestellt und ausf\u00fchrliche Antworten in einem klaren, leicht verst\u00e4ndlichen Format gegeben. Wenn Sie weitere Fragen haben, z\u00f6gern Sie nicht, sich an uns zu wenden. Lassen Sie uns eintauchen!<\/p>","protected":false},"author":1,"featured_media":0,"parent":0,"menu_order":99,"comment_status":"closed","ping_status":"closed","template":"","meta":{"_seopress_robots_primary_cat":"","_seopress_titles_title":"Smart Shop Sense a Delic HTML Sitemap","_seopress_titles_desc":"Navigate Sense A Delic Sitemap. Discover our wide range of products and detailed guides on smart shop items. Visit now to find everything you need in one place.","_seopress_robots_index":"","footnotes":""},"class_list":["post-10039","page","type-page","status-publish"],"_links":{"self":[{"href":"https:\/\/senseadelic.com\/de\/wp-json\/wp\/v2\/pages\/10039","targetHints":{"allow":["GET"]}}],"collection":[{"href":"https:\/\/senseadelic.com\/de\/wp-json\/wp\/v2\/pages"}],"about":[{"href":"https:\/\/senseadelic.com\/de\/wp-json\/wp\/v2\/types\/page"}],"author":[{"embeddable":true,"href":"https:\/\/senseadelic.com\/de\/wp-json\/wp\/v2\/users\/1"}],"replies":[{"embeddable":true,"href":"https:\/\/senseadelic.com\/de\/wp-json\/wp\/v2\/comments?post=10039"}],"version-history":[{"count":0,"href":"https:\/\/senseadelic.com\/de\/wp-json\/wp\/v2\/pages\/10039\/revisions"}],"wp:attachment":[{"href":"https:\/\/senseadelic.com\/de\/wp-json\/wp\/v2\/media?parent=10039"}],"curies":[{"name":"wp","href":"https:\/\/api.w.org\/{rel}","templated":true}]}}