{"id":118,"date":"2023-12-27T00:49:04","date_gmt":"2023-12-27T00:49:04","guid":{"rendered":"https:\/\/live3.senseadelic.com\/?post_type=product&#038;p=118"},"modified":"2025-12-15T19:22:42","modified_gmt":"2025-12-15T19:22:42","slug":"hollandische-orange-leicht-rauchen-vapes","status":"publish","type":"product","link":"https:\/\/senseadelic.com\/de\/shop\/vapes-liquids\/dutch-orange-easy-smoke-vapes\/","title":{"rendered":"Holl\u00e4ndische Orange Easy Smoke Vapes"},"content":{"rendered":"","protected":false},"excerpt":{"rendered":"<p>Entdecke einen chilligen Vibe mit Dutch Orange Easy Smoke Vapes Kr\u00e4utermischung in Vape-Form. Diese Fl\u00fcssigkeit mischt coole Vibes mit der neuesten Technologie f\u00fcr ein ges\u00fcnderes, entspannendes \"Rauch\"-Ritual. Perfekt f\u00fcr einen entspannten Dutch Orange-Moment, Sie werden die sanfte und friedliche Reise lieben. Genie\u00dfen Sie eine ruhige und doch lebendige Erfahrung.<\/p>","protected":false},"featured_media":147,"comment_status":"open","ping_status":"closed","template":"","meta":{"_seopress_robots_primary_cat":"none","_seopress_titles_title":"Buy Dutch Orange Easy Smoke Vapes Liquids Online Now","_seopress_titles_desc":"Experience a unique, fresh zing with Dutch Orange Easy Smoke Vapes Liquids. Available now at Sense a Delic, the authentic vape shop in the UK.","_seopress_robots_index":""},"product_brand":[],"product_cat":[20],"product_tag":[],"class_list":{"0":"post-118","1":"product","2":"type-product","3":"status-publish","4":"has-post-thumbnail","6":"product_cat-vapes-liquids","8":"first","9":"outofstock","10":"taxable","11":"shipping-taxable","12":"purchasable","13":"product-type-variable","14":"has-default-attributes"},"_links":{"self":[{"href":"https:\/\/senseadelic.com\/de\/wp-json\/wp\/v2\/product\/118","targetHints":{"allow":["GET"]}}],"collection":[{"href":"https:\/\/senseadelic.com\/de\/wp-json\/wp\/v2\/product"}],"about":[{"href":"https:\/\/senseadelic.com\/de\/wp-json\/wp\/v2\/types\/product"}],"replies":[{"embeddable":true,"href":"https:\/\/senseadelic.com\/de\/wp-json\/wp\/v2\/comments?post=118"}],"version-history":[{"count":0,"href":"https:\/\/senseadelic.com\/de\/wp-json\/wp\/v2\/product\/118\/revisions"}],"wp:featuredmedia":[{"embeddable":true,"href":"https:\/\/senseadelic.com\/de\/wp-json\/wp\/v2\/media\/147"}],"wp:attachment":[{"href":"https:\/\/senseadelic.com\/de\/wp-json\/wp\/v2\/media?parent=118"}],"wp:term":[{"taxonomy":"product_brand","embeddable":true,"href":"https:\/\/senseadelic.com\/de\/wp-json\/wp\/v2\/product_brand?post=118"},{"taxonomy":"product_cat","embeddable":true,"href":"https:\/\/senseadelic.com\/de\/wp-json\/wp\/v2\/product_cat?post=118"},{"taxonomy":"product_tag","embeddable":true,"href":"https:\/\/senseadelic.com\/de\/wp-json\/wp\/v2\/product_tag?post=118"}],"curies":[{"name":"wp","href":"https:\/\/api.w.org\/{rel}","templated":true}]}}