{"id":182,"date":"2023-12-27T00:49:19","date_gmt":"2023-12-27T00:49:19","guid":{"rendered":"https:\/\/live3.senseadelic.com\/?post_type=product&#038;p=182"},"modified":"2024-10-23T16:11:00","modified_gmt":"2024-10-23T16:11:00","slug":"ganja","status":"publish","type":"product","link":"https:\/\/senseadelic.com\/de\/shop\/smoking-blends\/herbal-blends\/ganja\/","title":{"rendered":"Ganja Premium Qualit\u00e4t Kr\u00e4utermischung"},"content":{"rendered":"","protected":false},"excerpt":{"rendered":"<p>GANJA ist eine potente Kr\u00e4utermischung, die aus Amsterdam, der Welthauptstadt des Cannabis, stammt. Sie bietet ein au\u00dfergew\u00f6hnliches Aroma, einen k\u00f6stlichen Geschmack und eine starke Wirkung, die an die ber\u00fchmten Coffee Shops in Amsterdam erinnert.<\/p>","protected":false},"featured_media":213,"comment_status":"closed","ping_status":"closed","template":"","meta":{"_seopress_robots_primary_cat":"none","_seopress_titles_title":"Buy Premium Quality Ganja Herbal Blends Online","_seopress_titles_desc":"Explore Sense a Delic's Ganja Herbal Blends. High-quality, relaxing smoking alternatives. Kick back, unwind, and savour the flavour. Shop now!","_seopress_robots_index":""},"product_brand":[],"product_cat":[29],"product_tag":[],"class_list":{"0":"post-182","1":"product","2":"type-product","3":"status-publish","4":"has-post-thumbnail","6":"product_cat-herbal-blends","8":"first","9":"outofstock","10":"taxable","11":"shipping-taxable","12":"purchasable","13":"product-type-variable","14":"has-default-attributes"},"_links":{"self":[{"href":"https:\/\/senseadelic.com\/de\/wp-json\/wp\/v2\/product\/182","targetHints":{"allow":["GET"]}}],"collection":[{"href":"https:\/\/senseadelic.com\/de\/wp-json\/wp\/v2\/product"}],"about":[{"href":"https:\/\/senseadelic.com\/de\/wp-json\/wp\/v2\/types\/product"}],"replies":[{"embeddable":true,"href":"https:\/\/senseadelic.com\/de\/wp-json\/wp\/v2\/comments?post=182"}],"version-history":[{"count":0,"href":"https:\/\/senseadelic.com\/de\/wp-json\/wp\/v2\/product\/182\/revisions"}],"wp:featuredmedia":[{"embeddable":true,"href":"https:\/\/senseadelic.com\/de\/wp-json\/wp\/v2\/media\/213"}],"wp:attachment":[{"href":"https:\/\/senseadelic.com\/de\/wp-json\/wp\/v2\/media?parent=182"}],"wp:term":[{"taxonomy":"product_brand","embeddable":true,"href":"https:\/\/senseadelic.com\/de\/wp-json\/wp\/v2\/product_brand?post=182"},{"taxonomy":"product_cat","embeddable":true,"href":"https:\/\/senseadelic.com\/de\/wp-json\/wp\/v2\/product_cat?post=182"},{"taxonomy":"product_tag","embeddable":true,"href":"https:\/\/senseadelic.com\/de\/wp-json\/wp\/v2\/product_tag?post=182"}],"curies":[{"name":"wp","href":"https:\/\/api.w.org\/{rel}","templated":true}]}}