{"id":183,"date":"2023-12-27T00:49:19","date_gmt":"2023-12-27T00:49:19","guid":{"rendered":"https:\/\/live3.senseadelic.com\/?post_type=product&#038;p=183"},"modified":"2024-09-26T12:20:29","modified_gmt":"2024-09-26T12:20:29","slug":"goldener-lehrer-psilocybe-magic-mushrooms","status":"publish","type":"product","link":"https:\/\/senseadelic.com\/de\/shop\/magic-mushrooms\/golden-teacher-psilocybe-magic-mushrooms\/","title":{"rendered":"Goldener Lehrer Psilocybe Magic Mushrooms"},"content":{"rendered":"","protected":false},"excerpt":{"rendered":"<p>Der Golden Teacher Magic Mushroom hat sich zu einem hervorragenden Magic Truffles entwickelt! Diese Art des beliebten Psilocybe cubensis Pilzes bringt erstaunliche Effekte mit sich, die Deine Kreativit\u00e4t f\u00f6rdern und Deine k\u00fcnstlerische Seite aufwecken. Mit Golden Teacher sp\u00fcrst Du, wie Deine Sinne gesch\u00e4rft werden und Du f\u00fchlst eine tiefe Verbindung mit Kl\u00e4ngen und der Natur. Er nimmt dich mit auf ein inspirierendes Abenteuer voller Freude und starker Gef\u00fchle, die du sehen, h\u00f6ren und f\u00fchlen kannst. Dieser magische Tr\u00fcffel eignet sich hervorragend f\u00fcr K\u00fcnstler, Musiker und Maler.<\/p>","protected":false},"featured_media":5023,"comment_status":"closed","ping_status":"closed","template":"","meta":{"_seopress_robots_primary_cat":"none","_seopress_titles_title":"Buy High-Quality Golden Teacher Magic Mushrooms Online","_seopress_titles_desc":"Experience a profound journey & spiritual enlightenment with our Golden Teacher Psilocybe Magic Mushrooms. Award-winning quality, delivered to your door.","_seopress_robots_index":""},"product_brand":[],"product_cat":[34],"product_tag":[],"class_list":{"0":"post-183","1":"product","2":"type-product","3":"status-publish","4":"has-post-thumbnail","6":"product_cat-magic-mushrooms","8":"first","9":"outofstock","10":"sale","11":"taxable","12":"shipping-taxable","13":"purchasable","14":"product-type-variable","15":"has-default-attributes"},"_links":{"self":[{"href":"https:\/\/senseadelic.com\/de\/wp-json\/wp\/v2\/product\/183","targetHints":{"allow":["GET"]}}],"collection":[{"href":"https:\/\/senseadelic.com\/de\/wp-json\/wp\/v2\/product"}],"about":[{"href":"https:\/\/senseadelic.com\/de\/wp-json\/wp\/v2\/types\/product"}],"replies":[{"embeddable":true,"href":"https:\/\/senseadelic.com\/de\/wp-json\/wp\/v2\/comments?post=183"}],"version-history":[{"count":0,"href":"https:\/\/senseadelic.com\/de\/wp-json\/wp\/v2\/product\/183\/revisions"}],"wp:featuredmedia":[{"embeddable":true,"href":"https:\/\/senseadelic.com\/de\/wp-json\/wp\/v2\/media\/5023"}],"wp:attachment":[{"href":"https:\/\/senseadelic.com\/de\/wp-json\/wp\/v2\/media?parent=183"}],"wp:term":[{"taxonomy":"product_brand","embeddable":true,"href":"https:\/\/senseadelic.com\/de\/wp-json\/wp\/v2\/product_brand?post=183"},{"taxonomy":"product_cat","embeddable":true,"href":"https:\/\/senseadelic.com\/de\/wp-json\/wp\/v2\/product_cat?post=183"},{"taxonomy":"product_tag","embeddable":true,"href":"https:\/\/senseadelic.com\/de\/wp-json\/wp\/v2\/product_tag?post=183"}],"curies":[{"name":"wp","href":"https:\/\/api.w.org\/{rel}","templated":true}]}}