{"id":196,"date":"2023-12-27T00:49:20","date_gmt":"2023-12-27T00:49:20","guid":{"rendered":"https:\/\/live3.senseadelic.com\/?post_type=product&#038;p=196"},"modified":"2024-09-26T12:20:24","modified_gmt":"2024-09-26T12:20:24","slug":"blitzlicht","status":"publish","type":"product","link":"https:\/\/senseadelic.com\/de\/shop\/stimulants-supplies\/flash\/","title":{"rendered":"Blitzlicht"},"content":{"rendered":"","protected":false},"excerpt":{"rendered":"<p>Flash ist eine Musik, die ein lebhaftes und erhebendes Erlebnis vermittelt. Sie bietet eine Mischung aus Sanftheit und Aufregung, so dass Sie sich energiegeladen, geliebt und lebendig f\u00fchlen. Ob bei k\u00f6rperlichen Aktivit\u00e4ten, beim Beeindrucken anderer mit Ihren Tanzk\u00fcnsten oder einfach beim geselligen Beisammensein, Flash verspricht eine unterhaltsame Zeit.<\/p>","protected":false},"featured_media":235,"comment_status":"closed","ping_status":"closed","template":"","meta":{"_seopress_robots_primary_cat":"none","_seopress_titles_title":"Buy Flash Stimulants for Unmatched Energy - Sense a Delic","_seopress_titles_desc":"Experience the powerful impact of the Flash stimulant. Shop now at Sense a Delic for quality, trusted products. Fast shipping on all orders.","_seopress_robots_index":""},"product_brand":[],"product_cat":[21],"product_tag":[86],"class_list":{"0":"post-196","1":"product","2":"type-product","3":"status-publish","4":"has-post-thumbnail","6":"product_cat-stimulants-supplies","7":"product_tag-tropacaine","9":"first","10":"outofstock","11":"taxable","12":"shipping-taxable","13":"purchasable","14":"product-type-variable","15":"has-default-attributes"},"_links":{"self":[{"href":"https:\/\/senseadelic.com\/de\/wp-json\/wp\/v2\/product\/196","targetHints":{"allow":["GET"]}}],"collection":[{"href":"https:\/\/senseadelic.com\/de\/wp-json\/wp\/v2\/product"}],"about":[{"href":"https:\/\/senseadelic.com\/de\/wp-json\/wp\/v2\/types\/product"}],"replies":[{"embeddable":true,"href":"https:\/\/senseadelic.com\/de\/wp-json\/wp\/v2\/comments?post=196"}],"version-history":[{"count":0,"href":"https:\/\/senseadelic.com\/de\/wp-json\/wp\/v2\/product\/196\/revisions"}],"wp:featuredmedia":[{"embeddable":true,"href":"https:\/\/senseadelic.com\/de\/wp-json\/wp\/v2\/media\/235"}],"wp:attachment":[{"href":"https:\/\/senseadelic.com\/de\/wp-json\/wp\/v2\/media?parent=196"}],"wp:term":[{"taxonomy":"product_brand","embeddable":true,"href":"https:\/\/senseadelic.com\/de\/wp-json\/wp\/v2\/product_brand?post=196"},{"taxonomy":"product_cat","embeddable":true,"href":"https:\/\/senseadelic.com\/de\/wp-json\/wp\/v2\/product_cat?post=196"},{"taxonomy":"product_tag","embeddable":true,"href":"https:\/\/senseadelic.com\/de\/wp-json\/wp\/v2\/product_tag?post=196"}],"curies":[{"name":"wp","href":"https:\/\/api.w.org\/{rel}","templated":true}]}}