{"id":204,"date":"2023-12-27T00:49:20","date_gmt":"2023-12-27T00:49:20","guid":{"rendered":"https:\/\/live3.senseadelic.com\/?post_type=product&#038;p=204"},"modified":"2025-09-12T18:57:51","modified_gmt":"2025-09-12T18:57:51","slug":"kaleidoskope","status":"publish","type":"product","link":"https:\/\/senseadelic.com\/de\/shop\/psychedelics-supplies\/kaleidoskope\/","title":{"rendered":"Kaleidoskope"},"content":{"rendered":"","protected":false},"excerpt":{"rendered":"<p>Dies ist eine Einladung, sich auf eine visuelle Reise durch ein Kaleidoskop positiver Schwingungen zu begeben. Auf diese Weise kann man die Welt auf einzigartige und au\u00dfergew\u00f6hnliche Weise erleben. Dieses Abenteuer verspricht, mit leuchtenden Farben, symmetrischen Mustern und tiefem Frieden und Positivit\u00e4t gef\u00fcllt zu werden. Am besten genie\u00dft man es mit Freunden, da es ein strahlendes und unvergessliches Erlebnis sein kann.<\/p>","protected":false},"featured_media":245,"comment_status":"closed","ping_status":"closed","template":"","meta":{"_seopress_robots_primary_cat":"none","_seopress_titles_title":"Buy Kaleidoskope Psychedelics at Smart Shop Sense a Delic","_seopress_titles_desc":"Explore Sense a Delic's Kaleidoskope! Dive into immersive, mind-bending visual experiences. Psychedelic art at its finest, available now.","_seopress_robots_index":""},"product_brand":[],"product_cat":[35],"product_tag":[91],"class_list":{"0":"post-204","1":"product","2":"type-product","3":"status-publish","4":"has-post-thumbnail","6":"product_cat-psychedelics-supplies","7":"product_tag-cp-lsd","9":"first","10":"outofstock","11":"featured","12":"taxable","13":"shipping-taxable","14":"purchasable","15":"product-type-variable","16":"has-default-attributes"},"_links":{"self":[{"href":"https:\/\/senseadelic.com\/de\/wp-json\/wp\/v2\/product\/204","targetHints":{"allow":["GET"]}}],"collection":[{"href":"https:\/\/senseadelic.com\/de\/wp-json\/wp\/v2\/product"}],"about":[{"href":"https:\/\/senseadelic.com\/de\/wp-json\/wp\/v2\/types\/product"}],"replies":[{"embeddable":true,"href":"https:\/\/senseadelic.com\/de\/wp-json\/wp\/v2\/comments?post=204"}],"version-history":[{"count":0,"href":"https:\/\/senseadelic.com\/de\/wp-json\/wp\/v2\/product\/204\/revisions"}],"wp:featuredmedia":[{"embeddable":true,"href":"https:\/\/senseadelic.com\/de\/wp-json\/wp\/v2\/media\/245"}],"wp:attachment":[{"href":"https:\/\/senseadelic.com\/de\/wp-json\/wp\/v2\/media?parent=204"}],"wp:term":[{"taxonomy":"product_brand","embeddable":true,"href":"https:\/\/senseadelic.com\/de\/wp-json\/wp\/v2\/product_brand?post=204"},{"taxonomy":"product_cat","embeddable":true,"href":"https:\/\/senseadelic.com\/de\/wp-json\/wp\/v2\/product_cat?post=204"},{"taxonomy":"product_tag","embeddable":true,"href":"https:\/\/senseadelic.com\/de\/wp-json\/wp\/v2\/product_tag?post=204"}],"curies":[{"name":"wp","href":"https:\/\/api.w.org\/{rel}","templated":true}]}}