{"id":210,"date":"2023-12-27T00:49:21","date_gmt":"2023-12-27T00:49:21","guid":{"rendered":"https:\/\/live3.senseadelic.com\/?post_type=product&#038;p=210"},"modified":"2026-02-13T19:43:04","modified_gmt":"2026-02-13T19:43:04","slug":"cbd-komfort","status":"publish","type":"product","link":"https:\/\/senseadelic.com\/de\/shop\/cbd-oil\/cbd-comfort\/","title":{"rendered":"CBD Komfort"},"content":{"rendered":"","protected":false},"excerpt":{"rendered":"<p>Entdecken Sie neu, wie Sie sich erholen. Mit dem COMFORT CBD-\u00d6l von Spirit of Nature k\u00f6nnen Sie sich von den Schmerzen erholen, die Ihr Wohlbefinden jeden Tag beeintr\u00e4chtigen k\u00f6nnen. Mit einem hohen CBD-Gehalt und angereichert mit Honokiol und Terpenen, die helfen k\u00f6nnen, Schmerzen zu lindern und Entz\u00fcndungen zu reduzieren, ist COMFORT CBD-\u00d6l ein ganz nat\u00fcrlicher, sicherer Weg, um die Unannehmlichkeiten von Schmerzen zu bek\u00e4mpfen.<\/p>\n<ul>\n<li>Schmerzlinderung auf nat\u00fcrliche Weise<\/li>\n<li>Jede 10ml Flasche enth\u00e4lt 2000mg CBD<\/li>\n<li>Enth\u00e4lt eine breite Palette von Cannabinoiden und Terpenen<\/li>\n<li>Extraktion von superkritischem CO2<\/li>\n<li>THC-Gehalt weniger als 0,2%<\/li>\n<\/ul>","protected":false},"featured_media":283,"comment_status":"open","ping_status":"closed","template":"","meta":{"_seopress_robots_primary_cat":"none","_seopress_titles_title":"","_seopress_titles_desc":"","_seopress_robots_index":""},"product_brand":[],"product_cat":[19],"product_tag":[],"class_list":{"0":"post-210","1":"product","2":"type-product","3":"status-publish","4":"has-post-thumbnail","6":"product_cat-cbd-oil","8":"first","9":"outofstock","10":"taxable","11":"shipping-taxable","12":"purchasable","13":"product-type-variable","14":"has-default-attributes"},"_links":{"self":[{"href":"https:\/\/senseadelic.com\/de\/wp-json\/wp\/v2\/product\/210","targetHints":{"allow":["GET"]}}],"collection":[{"href":"https:\/\/senseadelic.com\/de\/wp-json\/wp\/v2\/product"}],"about":[{"href":"https:\/\/senseadelic.com\/de\/wp-json\/wp\/v2\/types\/product"}],"replies":[{"embeddable":true,"href":"https:\/\/senseadelic.com\/de\/wp-json\/wp\/v2\/comments?post=210"}],"version-history":[{"count":0,"href":"https:\/\/senseadelic.com\/de\/wp-json\/wp\/v2\/product\/210\/revisions"}],"wp:featuredmedia":[{"embeddable":true,"href":"https:\/\/senseadelic.com\/de\/wp-json\/wp\/v2\/media\/283"}],"wp:attachment":[{"href":"https:\/\/senseadelic.com\/de\/wp-json\/wp\/v2\/media?parent=210"}],"wp:term":[{"taxonomy":"product_brand","embeddable":true,"href":"https:\/\/senseadelic.com\/de\/wp-json\/wp\/v2\/product_brand?post=210"},{"taxonomy":"product_cat","embeddable":true,"href":"https:\/\/senseadelic.com\/de\/wp-json\/wp\/v2\/product_cat?post=210"},{"taxonomy":"product_tag","embeddable":true,"href":"https:\/\/senseadelic.com\/de\/wp-json\/wp\/v2\/product_tag?post=210"}],"curies":[{"name":"wp","href":"https:\/\/api.w.org\/{rel}","templated":true}]}}