{"id":256,"date":"2023-12-27T00:49:34","date_gmt":"2023-12-27T00:49:34","guid":{"rendered":"https:\/\/live3.senseadelic.com\/?post_type=product&#038;p=256"},"modified":"2025-12-15T19:22:42","modified_gmt":"2025-12-15T19:22:42","slug":"hollandische-orange-intensiv-vapes","status":"publish","type":"product","link":"https:\/\/senseadelic.com\/de\/shop\/vapes-liquids\/dutch-orange-intense-vapes\/","title":{"rendered":"Holl\u00e4ndische Orangen-Intensiv-Vapes"},"content":{"rendered":"","protected":false},"excerpt":{"rendered":"<p>Probieren Sie unsere einzigartige Dutch Orange Intense Vapes Liquid-Mischung, die nach dem meistverkauften Rezept der originalen Dutch Orange-Mischung hergestellt wurde, um Sie auf eine h\u00f6here Bewusstseinsebene zu heben. Diese Mischung, die feinste Kr\u00e4utermischung mit der neuesten Technologie, verspricht das ultimative Dampferlebnis. Also lehnen Sie sich zur\u00fcck, entspannen Sie sich und genie\u00dfen Sie die Fahrt.<\/p>","protected":false},"featured_media":287,"comment_status":"open","ping_status":"closed","template":"","meta":{"_seopress_robots_primary_cat":"none","_seopress_titles_title":"Buy Dutch Orange Intense Vapes Liquids at Sense a Delic","_seopress_titles_desc":"Experience the heady intensity of Dutch Orange Intense Vapes Liquids. A premium blend, perfect for both beginners and vaping aficionados!  Buy now!","_seopress_robots_index":""},"product_brand":[],"product_cat":[20],"product_tag":[],"class_list":{"0":"post-256","1":"product","2":"type-product","3":"status-publish","4":"has-post-thumbnail","6":"product_cat-vapes-liquids","8":"first","9":"outofstock","10":"featured","11":"taxable","12":"shipping-taxable","13":"purchasable","14":"product-type-variable","15":"has-default-attributes"},"_links":{"self":[{"href":"https:\/\/senseadelic.com\/de\/wp-json\/wp\/v2\/product\/256","targetHints":{"allow":["GET"]}}],"collection":[{"href":"https:\/\/senseadelic.com\/de\/wp-json\/wp\/v2\/product"}],"about":[{"href":"https:\/\/senseadelic.com\/de\/wp-json\/wp\/v2\/types\/product"}],"replies":[{"embeddable":true,"href":"https:\/\/senseadelic.com\/de\/wp-json\/wp\/v2\/comments?post=256"}],"version-history":[{"count":0,"href":"https:\/\/senseadelic.com\/de\/wp-json\/wp\/v2\/product\/256\/revisions"}],"wp:featuredmedia":[{"embeddable":true,"href":"https:\/\/senseadelic.com\/de\/wp-json\/wp\/v2\/media\/287"}],"wp:attachment":[{"href":"https:\/\/senseadelic.com\/de\/wp-json\/wp\/v2\/media?parent=256"}],"wp:term":[{"taxonomy":"product_brand","embeddable":true,"href":"https:\/\/senseadelic.com\/de\/wp-json\/wp\/v2\/product_brand?post=256"},{"taxonomy":"product_cat","embeddable":true,"href":"https:\/\/senseadelic.com\/de\/wp-json\/wp\/v2\/product_cat?post=256"},{"taxonomy":"product_tag","embeddable":true,"href":"https:\/\/senseadelic.com\/de\/wp-json\/wp\/v2\/product_tag?post=256"}],"curies":[{"name":"wp","href":"https:\/\/api.w.org\/{rel}","templated":true}]}}