{"id":260,"date":"2023-12-27T00:49:34","date_gmt":"2023-12-27T00:49:34","guid":{"rendered":"https:\/\/live3.senseadelic.com\/?post_type=product&#038;p=260"},"modified":"2024-09-26T12:20:23","modified_gmt":"2024-09-26T12:20:23","slug":"molly","status":"publish","type":"product","link":"https:\/\/senseadelic.com\/de\/shop\/stimulants-supplies\/molly\/","title":{"rendered":"Molly"},"content":{"rendered":"","protected":false},"excerpt":{"rendered":"<p>MOLLY ist eine fl\u00fcssige Form der Gl\u00fcckseligkeit, die eine belebende Erfahrung bietet. Es verspricht, den K\u00f6rper mit Energie zu versorgen, den Geist zu erheben, alle Sinne zu sch\u00e4rfen und eine tiefe Verbindung zum Universum herzustellen. Mit MOLLY k\u00f6nnen die Benutzer ein positives Gef\u00fchl erwarten, das sie bef\u00e4higt, Liebe zu teilen und die ganze Nacht zu tanzen.<\/p>","protected":false},"featured_media":292,"comment_status":"closed","ping_status":"closed","template":"","meta":{"_seopress_robots_primary_cat":"none","_seopress_titles_title":"Buy Pure Molly Stimulants Online at our Smart Shop Store","_seopress_titles_desc":"Shop premium, reliable Molly stimulants at Sense a Delic \u2013 your trusted online destination for all things Psychedelic Stimulants. Get your desired state today!","_seopress_robots_index":""},"product_brand":[],"product_cat":[21],"product_tag":[80,82,84,85],"class_list":{"0":"post-260","1":"product","2":"type-product","3":"status-publish","4":"has-post-thumbnail","6":"product_cat-stimulants-supplies","7":"product_tag-3-fea","8":"product_tag-4-fma","9":"product_tag-5-mapb","10":"product_tag-5-meo-mipt","12":"first","13":"outofstock","14":"taxable","15":"shipping-taxable","16":"purchasable","17":"product-type-variable","18":"has-default-attributes"},"_links":{"self":[{"href":"https:\/\/senseadelic.com\/de\/wp-json\/wp\/v2\/product\/260","targetHints":{"allow":["GET"]}}],"collection":[{"href":"https:\/\/senseadelic.com\/de\/wp-json\/wp\/v2\/product"}],"about":[{"href":"https:\/\/senseadelic.com\/de\/wp-json\/wp\/v2\/types\/product"}],"replies":[{"embeddable":true,"href":"https:\/\/senseadelic.com\/de\/wp-json\/wp\/v2\/comments?post=260"}],"version-history":[{"count":0,"href":"https:\/\/senseadelic.com\/de\/wp-json\/wp\/v2\/product\/260\/revisions"}],"wp:featuredmedia":[{"embeddable":true,"href":"https:\/\/senseadelic.com\/de\/wp-json\/wp\/v2\/media\/292"}],"wp:attachment":[{"href":"https:\/\/senseadelic.com\/de\/wp-json\/wp\/v2\/media?parent=260"}],"wp:term":[{"taxonomy":"product_brand","embeddable":true,"href":"https:\/\/senseadelic.com\/de\/wp-json\/wp\/v2\/product_brand?post=260"},{"taxonomy":"product_cat","embeddable":true,"href":"https:\/\/senseadelic.com\/de\/wp-json\/wp\/v2\/product_cat?post=260"},{"taxonomy":"product_tag","embeddable":true,"href":"https:\/\/senseadelic.com\/de\/wp-json\/wp\/v2\/product_tag?post=260"}],"curies":[{"name":"wp","href":"https:\/\/api.w.org\/{rel}","templated":true}]}}