{"id":262,"date":"2023-12-27T00:49:34","date_gmt":"2023-12-27T00:49:34","guid":{"rendered":"https:\/\/live3.senseadelic.com\/?post_type=product&#038;p=262"},"modified":"2024-09-26T12:20:23","modified_gmt":"2024-09-26T12:20:23","slug":"zinnoberrot-2","status":"publish","type":"product","link":"https:\/\/senseadelic.com\/de\/shop\/stimulants-supplies\/vermillion\/","title":{"rendered":"Zinnoberrot"},"content":{"rendered":"","protected":false},"excerpt":{"rendered":"<p>VERMILLION ist eine magische Fl\u00fcssigkeit, die eine himmlische Erfahrung bietet, die f\u00fcr Heiterkeit, gute Laune und verbesserte Sinne sorgt. Es ist eine L\u00f6sung f\u00fcr Stimmungsschwankungen, Angstzust\u00e4nde und chronische M\u00fcdigkeit. Durch die kontinuierliche Freisetzung von Serotonin sorgt VERMILLION den ganzen Tag \u00fcber f\u00fcr gute Laune und erm\u00f6glicht es dem Einzelnen, sich auf das Positive zu konzentrieren und das Leben in vollen Z\u00fcgen zu genie\u00dfen.<\/p>","protected":false},"featured_media":294,"comment_status":"closed","ping_status":"closed","template":"","meta":{"_seopress_robots_primary_cat":"none","_seopress_titles_title":"Boost Your Energy with Vermillion Stimulants Today","_seopress_titles_desc":"Boost your vitality with Vermillion, a premium stimulant at Sense a Delic UK. Experience enhanced focus and energy, now available for fast UK shipping!","_seopress_robots_index":""},"product_brand":[],"product_cat":[21],"product_tag":[82,84],"class_list":{"0":"post-262","1":"product","2":"type-product","3":"status-publish","4":"has-post-thumbnail","6":"product_cat-stimulants-supplies","7":"product_tag-4-fma","8":"product_tag-5-mapb","10":"first","11":"outofstock","12":"taxable","13":"shipping-taxable","14":"purchasable","15":"product-type-variable","16":"has-default-attributes"},"_links":{"self":[{"href":"https:\/\/senseadelic.com\/de\/wp-json\/wp\/v2\/product\/262","targetHints":{"allow":["GET"]}}],"collection":[{"href":"https:\/\/senseadelic.com\/de\/wp-json\/wp\/v2\/product"}],"about":[{"href":"https:\/\/senseadelic.com\/de\/wp-json\/wp\/v2\/types\/product"}],"replies":[{"embeddable":true,"href":"https:\/\/senseadelic.com\/de\/wp-json\/wp\/v2\/comments?post=262"}],"version-history":[{"count":0,"href":"https:\/\/senseadelic.com\/de\/wp-json\/wp\/v2\/product\/262\/revisions"}],"wp:featuredmedia":[{"embeddable":true,"href":"https:\/\/senseadelic.com\/de\/wp-json\/wp\/v2\/media\/294"}],"wp:attachment":[{"href":"https:\/\/senseadelic.com\/de\/wp-json\/wp\/v2\/media?parent=262"}],"wp:term":[{"taxonomy":"product_brand","embeddable":true,"href":"https:\/\/senseadelic.com\/de\/wp-json\/wp\/v2\/product_brand?post=262"},{"taxonomy":"product_cat","embeddable":true,"href":"https:\/\/senseadelic.com\/de\/wp-json\/wp\/v2\/product_cat?post=262"},{"taxonomy":"product_tag","embeddable":true,"href":"https:\/\/senseadelic.com\/de\/wp-json\/wp\/v2\/product_tag?post=262"}],"curies":[{"name":"wp","href":"https:\/\/api.w.org\/{rel}","templated":true}]}}