{"id":266,"date":"2023-12-27T00:49:35","date_gmt":"2023-12-27T00:49:35","guid":{"rendered":"https:\/\/live3.senseadelic.com\/?post_type=product&#038;p=266"},"modified":"2025-08-12T09:15:45","modified_gmt":"2025-08-12T09:15:45","slug":"hollandische-orange-langlebig","status":"publish","type":"product","link":"https:\/\/senseadelic.com\/de\/shop\/smoking-blends\/herbal-blends\/dutch-orange-long-lasting\/","title":{"rendered":"Dutch Orange Langlebig"},"content":{"rendered":"","protected":false},"excerpt":{"rendered":"<p>Dutch Orange Long Lasting ist eine einzigartige Kr\u00e4utermischung, die ein starkes und langanhaltendes k\u00f6rperliches High erzeugt und die sensorische Stimulation f\u00fcr einen l\u00e4ngeren Zeitraum verst\u00e4rkt. Diese Mischung wurde entwickelt, um eine lang anhaltende euphorische Erfahrung zu gew\u00e4hrleisten.<\/p>","protected":false},"featured_media":298,"comment_status":"closed","ping_status":"closed","template":"","meta":{"_seopress_robots_primary_cat":"none","_seopress_titles_title":"Dutch Orange Blend a Long-Lasting Relaxation Herbal Blends","_seopress_titles_desc":"Enjoy a lasting, calming high with Dutch Orange Herbal Blends from Sense a Delic. Shop now for unparalleled aroma and exceptional quality!","_seopress_robots_index":""},"product_brand":[],"product_cat":[29],"product_tag":[],"class_list":{"0":"post-266","1":"product","2":"type-product","3":"status-publish","4":"has-post-thumbnail","6":"product_cat-herbal-blends","8":"first","9":"outofstock","10":"taxable","11":"shipping-taxable","12":"purchasable","13":"product-type-variable","14":"has-default-attributes"},"_links":{"self":[{"href":"https:\/\/senseadelic.com\/de\/wp-json\/wp\/v2\/product\/266","targetHints":{"allow":["GET"]}}],"collection":[{"href":"https:\/\/senseadelic.com\/de\/wp-json\/wp\/v2\/product"}],"about":[{"href":"https:\/\/senseadelic.com\/de\/wp-json\/wp\/v2\/types\/product"}],"replies":[{"embeddable":true,"href":"https:\/\/senseadelic.com\/de\/wp-json\/wp\/v2\/comments?post=266"}],"version-history":[{"count":0,"href":"https:\/\/senseadelic.com\/de\/wp-json\/wp\/v2\/product\/266\/revisions"}],"wp:featuredmedia":[{"embeddable":true,"href":"https:\/\/senseadelic.com\/de\/wp-json\/wp\/v2\/media\/298"}],"wp:attachment":[{"href":"https:\/\/senseadelic.com\/de\/wp-json\/wp\/v2\/media?parent=266"}],"wp:term":[{"taxonomy":"product_brand","embeddable":true,"href":"https:\/\/senseadelic.com\/de\/wp-json\/wp\/v2\/product_brand?post=266"},{"taxonomy":"product_cat","embeddable":true,"href":"https:\/\/senseadelic.com\/de\/wp-json\/wp\/v2\/product_cat?post=266"},{"taxonomy":"product_tag","embeddable":true,"href":"https:\/\/senseadelic.com\/de\/wp-json\/wp\/v2\/product_tag?post=266"}],"curies":[{"name":"wp","href":"https:\/\/api.w.org\/{rel}","templated":true}]}}