{"id":269,"date":"2023-12-27T00:49:35","date_gmt":"2023-12-27T00:49:35","guid":{"rendered":"https:\/\/live3.senseadelic.com\/?post_type=product&#038;p=269"},"modified":"2024-09-26T12:20:23","modified_gmt":"2024-09-26T12:20:23","slug":"ketama-gold","status":"publish","type":"product","link":"https:\/\/senseadelic.com\/de\/shop\/smoking-blends\/solid-blends\/ketama-gold\/","title":{"rendered":"Ketama Gold"},"content":{"rendered":"","protected":false},"excerpt":{"rendered":"<p>Sie sitzen auf einem Berg im Himalaya und machen eine pers\u00f6nliche Pilgerreise, w\u00e4hrend sie ein St\u00fcck cremiges Ketama-Gold in der Hand halten. Sie zerbr\u00f6seln den Stein, f\u00fchren ein Ritual durch, um ihn zu rollen, und z\u00fcnden Weihrauch an. Der Erz\u00e4hler dr\u00fcckt seine Zufriedenheit und Dankbarkeit f\u00fcr diese authentische Erfahrung aus und vergleicht sie mit einer spirituellen Reise. Schlie\u00dflich versp\u00fcren sie ein Gef\u00fchl der Euphorie, das sie damit gleichsetzen, so hoch wie der Himalaya zu sein und sich zu Hause zu f\u00fchlen.<\/p>","protected":false},"featured_media":304,"comment_status":"open","ping_status":"closed","template":"","meta":{"_seopress_robots_primary_cat":"none","_seopress_titles_title":"Experience the Relaxation with Premium Ketama Gold Solid Blends","_seopress_titles_desc":"Experience the natural bliss of Ketama Gold solid blends. Eco-friendly, tobacco-free and satisfying. Perfect for a smoother smoking experience. Shop now!","_seopress_robots_index":""},"product_brand":[],"product_cat":[18],"product_tag":[],"class_list":{"0":"post-269","1":"product","2":"type-product","3":"status-publish","4":"has-post-thumbnail","6":"product_cat-solid-blends","8":"first","9":"outofstock","10":"taxable","11":"shipping-taxable","12":"purchasable","13":"product-type-variable","14":"has-default-attributes"},"_links":{"self":[{"href":"https:\/\/senseadelic.com\/de\/wp-json\/wp\/v2\/product\/269","targetHints":{"allow":["GET"]}}],"collection":[{"href":"https:\/\/senseadelic.com\/de\/wp-json\/wp\/v2\/product"}],"about":[{"href":"https:\/\/senseadelic.com\/de\/wp-json\/wp\/v2\/types\/product"}],"replies":[{"embeddable":true,"href":"https:\/\/senseadelic.com\/de\/wp-json\/wp\/v2\/comments?post=269"}],"version-history":[{"count":0,"href":"https:\/\/senseadelic.com\/de\/wp-json\/wp\/v2\/product\/269\/revisions"}],"wp:featuredmedia":[{"embeddable":true,"href":"https:\/\/senseadelic.com\/de\/wp-json\/wp\/v2\/media\/304"}],"wp:attachment":[{"href":"https:\/\/senseadelic.com\/de\/wp-json\/wp\/v2\/media?parent=269"}],"wp:term":[{"taxonomy":"product_brand","embeddable":true,"href":"https:\/\/senseadelic.com\/de\/wp-json\/wp\/v2\/product_brand?post=269"},{"taxonomy":"product_cat","embeddable":true,"href":"https:\/\/senseadelic.com\/de\/wp-json\/wp\/v2\/product_cat?post=269"},{"taxonomy":"product_tag","embeddable":true,"href":"https:\/\/senseadelic.com\/de\/wp-json\/wp\/v2\/product_tag?post=269"}],"curies":[{"name":"wp","href":"https:\/\/api.w.org\/{rel}","templated":true}]}}