{"id":275,"date":"2023-12-27T00:49:35","date_gmt":"2023-12-27T00:49:35","guid":{"rendered":"https:\/\/live3.senseadelic.com\/?post_type=product&#038;p=275"},"modified":"2026-02-13T19:41:53","modified_gmt":"2026-02-13T19:41:53","slug":"cbd-ol-30","status":"publish","type":"product","link":"https:\/\/senseadelic.com\/de\/shop\/cbd-oil\/cbd-oil-30\/","title":{"rendered":"CBD-\u00d6l 30%"},"content":{"rendered":"","protected":false},"excerpt":{"rendered":"<p>Spirit of Nature bietet mit seinem st\u00e4rksten CBD-\u00d6lprodukt eine 100% nat\u00fcrliche L\u00f6sung f\u00fcr h\u00e4ufige Beschwerden wie Angst, Stress und Schmerzen. Das 30% CBD-\u00d6l ist hochkonzentriert, liefert 300 Milligramm CBD pro ml und ist f\u00fcr diejenigen gedacht, die eine starke Linderung ben\u00f6tigen. Dieses Produkt verf\u00fcgt \u00fcber ein breites Spektrum an Cannabinoiden und Terpenen f\u00fcr maximale Wirksamkeit und wird mit \u00fcberkritischem CO2 extrahiert, um Reinheit zu gew\u00e4hrleisten. Jede 10-ml-Flasche enth\u00e4lt 3000 mg CBD und CBDA, mit einem THC-Gehalt von weniger als 0,2%, was es zu einer wirksamen und effektiven Option f\u00fcr sofortige Linderung macht.<\/p>","protected":false},"featured_media":307,"comment_status":"open","ping_status":"closed","template":"","meta":{"_seopress_robots_primary_cat":"none","_seopress_titles_title":"Experience the Calming Benefits of our 30% CBD Oil","_seopress_titles_desc":"Explore our premium CBD Oil 30% at Sense a Delic. Quality-tested and suitable for a variety of applications. Enhance your well-being today!","_seopress_robots_index":""},"product_brand":[],"product_cat":[19],"product_tag":[],"class_list":{"0":"post-275","1":"product","2":"type-product","3":"status-publish","4":"has-post-thumbnail","6":"product_cat-cbd-oil","8":"first","9":"outofstock","10":"taxable","11":"shipping-taxable","12":"purchasable","13":"product-type-variable","14":"has-default-attributes"},"_links":{"self":[{"href":"https:\/\/senseadelic.com\/de\/wp-json\/wp\/v2\/product\/275","targetHints":{"allow":["GET"]}}],"collection":[{"href":"https:\/\/senseadelic.com\/de\/wp-json\/wp\/v2\/product"}],"about":[{"href":"https:\/\/senseadelic.com\/de\/wp-json\/wp\/v2\/types\/product"}],"replies":[{"embeddable":true,"href":"https:\/\/senseadelic.com\/de\/wp-json\/wp\/v2\/comments?post=275"}],"version-history":[{"count":0,"href":"https:\/\/senseadelic.com\/de\/wp-json\/wp\/v2\/product\/275\/revisions"}],"wp:featuredmedia":[{"embeddable":true,"href":"https:\/\/senseadelic.com\/de\/wp-json\/wp\/v2\/media\/307"}],"wp:attachment":[{"href":"https:\/\/senseadelic.com\/de\/wp-json\/wp\/v2\/media?parent=275"}],"wp:term":[{"taxonomy":"product_brand","embeddable":true,"href":"https:\/\/senseadelic.com\/de\/wp-json\/wp\/v2\/product_brand?post=275"},{"taxonomy":"product_cat","embeddable":true,"href":"https:\/\/senseadelic.com\/de\/wp-json\/wp\/v2\/product_cat?post=275"},{"taxonomy":"product_tag","embeddable":true,"href":"https:\/\/senseadelic.com\/de\/wp-json\/wp\/v2\/product_tag?post=275"}],"curies":[{"name":"wp","href":"https:\/\/api.w.org\/{rel}","templated":true}]}}