{"id":329,"date":"2023-12-27T00:49:47","date_gmt":"2023-12-27T00:49:47","guid":{"rendered":"https:\/\/live3.senseadelic.com\/?post_type=product&#038;p=329"},"modified":"2024-09-26T12:20:23","modified_gmt":"2024-09-26T12:20:23","slug":"moxy","status":"publish","type":"product","link":"https:\/\/senseadelic.com\/de\/shop\/psychedelics-supplies\/moxy\/","title":{"rendered":"Moxy"},"content":{"rendered":"","protected":false},"excerpt":{"rendered":"<p>Der verr\u00fcckte Hutmacher und Molly laden dich ein, mit ihnen im Wunderland ein unglaubliches Abenteuer zu erleben. In MoXY sorgt eine einzigartige Kombination aus Wohlf\u00fchl-Euphorie und trippigen Vibes f\u00fcr ein wirklich unvergessliches und \u00fcberw\u00e4ltigendes Erlebnis. Im Gegensatz zu anderen Psychedelika bietet MoXY einen berauschenden H\u00f6hepunkt und einen sanften Comedown, der die sexuelle Aktivit\u00e4t steigern kann.<\/p>","protected":false},"featured_media":343,"comment_status":"open","ping_status":"closed","template":"","meta":{"_seopress_robots_primary_cat":"none","_seopress_titles_title":"Buy Moxy Psychedelics at Smart Shop Sense a Delic","_seopress_titles_desc":"Experience the unique effects of Moxy from Sense a Delic. Rated as the best online shop for high-quality psychedelics in UK. Fast shipping, discreet packaging.","_seopress_robots_index":""},"product_brand":[],"product_cat":[35],"product_tag":[85],"class_list":{"0":"post-329","1":"product","2":"type-product","3":"status-publish","4":"has-post-thumbnail","6":"product_cat-psychedelics-supplies","7":"product_tag-5-meo-mipt","9":"first","10":"outofstock","11":"taxable","12":"shipping-taxable","13":"purchasable","14":"product-type-variable","15":"has-default-attributes"},"_links":{"self":[{"href":"https:\/\/senseadelic.com\/de\/wp-json\/wp\/v2\/product\/329","targetHints":{"allow":["GET"]}}],"collection":[{"href":"https:\/\/senseadelic.com\/de\/wp-json\/wp\/v2\/product"}],"about":[{"href":"https:\/\/senseadelic.com\/de\/wp-json\/wp\/v2\/types\/product"}],"replies":[{"embeddable":true,"href":"https:\/\/senseadelic.com\/de\/wp-json\/wp\/v2\/comments?post=329"}],"version-history":[{"count":0,"href":"https:\/\/senseadelic.com\/de\/wp-json\/wp\/v2\/product\/329\/revisions"}],"wp:featuredmedia":[{"embeddable":true,"href":"https:\/\/senseadelic.com\/de\/wp-json\/wp\/v2\/media\/343"}],"wp:attachment":[{"href":"https:\/\/senseadelic.com\/de\/wp-json\/wp\/v2\/media?parent=329"}],"wp:term":[{"taxonomy":"product_brand","embeddable":true,"href":"https:\/\/senseadelic.com\/de\/wp-json\/wp\/v2\/product_brand?post=329"},{"taxonomy":"product_cat","embeddable":true,"href":"https:\/\/senseadelic.com\/de\/wp-json\/wp\/v2\/product_cat?post=329"},{"taxonomy":"product_tag","embeddable":true,"href":"https:\/\/senseadelic.com\/de\/wp-json\/wp\/v2\/product_tag?post=329"}],"curies":[{"name":"wp","href":"https:\/\/api.w.org\/{rel}","templated":true}]}}