{"id":384,"date":"2023-12-27T00:49:59","date_gmt":"2023-12-27T00:49:59","guid":{"rendered":"https:\/\/live3.senseadelic.com\/?post_type=product&#038;p=384"},"modified":"2024-06-17T16:44:40","modified_gmt":"2024-06-17T16:44:40","slug":"erdbeere-cbd-blume","status":"publish","type":"product","link":"https:\/\/senseadelic.com\/de\/shop\/cannabis\/strawberry-cbd-flower\/","title":{"rendered":"Erdbeere CBD Blume"},"content":{"rendered":"","protected":false},"excerpt":{"rendered":"<p>Die Sorte Strawberry Kush ist ein beliebter Hybrid, der f\u00fcr seinen leicht s\u00fc\u00dfen Geschmack bekannt ist. Sie wird vorwiegend in Nordamerika gefunden und ist oft eine Kreuzung zwischen den Sorten Strawberry Cough und OG Kush.<\/p>","protected":false},"featured_media":395,"comment_status":"closed","ping_status":"closed","template":"","meta":{"_seopress_robots_primary_cat":"none","_seopress_titles_title":"Buy Strawberry CBD Flower an Experience of Unique Relaxation","_seopress_titles_desc":"Discover the sweet, fragrant, and relaxing experience of our Strawberry CBD flower. Finest quality, UK delivery. Feel the real power of nature!","_seopress_robots_index":""},"product_brand":[],"product_cat":[45],"product_tag":[],"class_list":{"0":"post-384","1":"product","2":"type-product","3":"status-publish","4":"has-post-thumbnail","6":"product_cat-cannabis","8":"first","9":"outofstock","10":"taxable","11":"shipping-taxable","12":"purchasable","13":"product-type-variable","14":"has-default-attributes"},"_links":{"self":[{"href":"https:\/\/senseadelic.com\/de\/wp-json\/wp\/v2\/product\/384","targetHints":{"allow":["GET"]}}],"collection":[{"href":"https:\/\/senseadelic.com\/de\/wp-json\/wp\/v2\/product"}],"about":[{"href":"https:\/\/senseadelic.com\/de\/wp-json\/wp\/v2\/types\/product"}],"replies":[{"embeddable":true,"href":"https:\/\/senseadelic.com\/de\/wp-json\/wp\/v2\/comments?post=384"}],"version-history":[{"count":0,"href":"https:\/\/senseadelic.com\/de\/wp-json\/wp\/v2\/product\/384\/revisions"}],"wp:featuredmedia":[{"embeddable":true,"href":"https:\/\/senseadelic.com\/de\/wp-json\/wp\/v2\/media\/395"}],"wp:attachment":[{"href":"https:\/\/senseadelic.com\/de\/wp-json\/wp\/v2\/media?parent=384"}],"wp:term":[{"taxonomy":"product_brand","embeddable":true,"href":"https:\/\/senseadelic.com\/de\/wp-json\/wp\/v2\/product_brand?post=384"},{"taxonomy":"product_cat","embeddable":true,"href":"https:\/\/senseadelic.com\/de\/wp-json\/wp\/v2\/product_cat?post=384"},{"taxonomy":"product_tag","embeddable":true,"href":"https:\/\/senseadelic.com\/de\/wp-json\/wp\/v2\/product_tag?post=384"}],"curies":[{"name":"wp","href":"https:\/\/api.w.org\/{rel}","templated":true}]}}