{"id":387,"date":"2023-12-27T00:49:59","date_gmt":"2023-12-27T00:49:59","guid":{"rendered":"https:\/\/live3.senseadelic.com\/?post_type=product&#038;p=387"},"modified":"2025-09-12T18:56:14","modified_gmt":"2025-09-12T18:56:14","slug":"kratom-premium-pulver-1-3-mitragyna","status":"publish","type":"product","link":"https:\/\/senseadelic.com\/de\/shop\/premium-kratom-powder\/kratom-premium-powder-1-3-mitragyna\/","title":{"rendered":"Kratom Premium-Pulver 1.3% Mitragyna"},"content":{"rendered":"","protected":false},"excerpt":{"rendered":"<p>Kratom, wissenschaftlich anerkannt als Mitragyna speciosa, stammt aus den \u00fcppigen W\u00e4ldern S\u00fcdostasiens und ist seit unz\u00e4hligen Generationen ein Eckpfeiler der traditionellen Medizin. Premium Kratom-Pulver mit einem Mitragynin-Gehalt von 1-3%, ein Zeichen f\u00fcr seine hohe Qualit\u00e4t und Potenz. Begib dich auf eine Reise mit Premium Kratom Pulver und entdecke einen nat\u00fcrlichen Weg zu mehr Wohlbefinden und Vitalit\u00e4t.<\/p>","protected":false},"featured_media":406,"comment_status":"closed","ping_status":"closed","template":"","meta":{"_seopress_robots_primary_cat":"none","_seopress_titles_title":"Buy Premium Kratom Powder 1.3% Mitragyna at Sense a Delic","_seopress_titles_desc":"Premium Kratom Powder with 1-3% Mitragynine. Launch on a journey with Premium Kratom powder and discover a natural pathway to improved wellness and vitality.","_seopress_robots_index":""},"product_brand":[],"product_cat":[46],"product_tag":[],"class_list":{"0":"post-387","1":"product","2":"type-product","3":"status-publish","4":"has-post-thumbnail","6":"product_cat-premium-kratom-powder","8":"first","9":"outofstock","10":"taxable","11":"shipping-taxable","12":"purchasable","13":"product-type-variable","14":"has-default-attributes"},"_links":{"self":[{"href":"https:\/\/senseadelic.com\/de\/wp-json\/wp\/v2\/product\/387","targetHints":{"allow":["GET"]}}],"collection":[{"href":"https:\/\/senseadelic.com\/de\/wp-json\/wp\/v2\/product"}],"about":[{"href":"https:\/\/senseadelic.com\/de\/wp-json\/wp\/v2\/types\/product"}],"replies":[{"embeddable":true,"href":"https:\/\/senseadelic.com\/de\/wp-json\/wp\/v2\/comments?post=387"}],"version-history":[{"count":0,"href":"https:\/\/senseadelic.com\/de\/wp-json\/wp\/v2\/product\/387\/revisions"}],"wp:featuredmedia":[{"embeddable":true,"href":"https:\/\/senseadelic.com\/de\/wp-json\/wp\/v2\/media\/406"}],"wp:attachment":[{"href":"https:\/\/senseadelic.com\/de\/wp-json\/wp\/v2\/media?parent=387"}],"wp:term":[{"taxonomy":"product_brand","embeddable":true,"href":"https:\/\/senseadelic.com\/de\/wp-json\/wp\/v2\/product_brand?post=387"},{"taxonomy":"product_cat","embeddable":true,"href":"https:\/\/senseadelic.com\/de\/wp-json\/wp\/v2\/product_cat?post=387"},{"taxonomy":"product_tag","embeddable":true,"href":"https:\/\/senseadelic.com\/de\/wp-json\/wp\/v2\/product_tag?post=387"}],"curies":[{"name":"wp","href":"https:\/\/api.w.org\/{rel}","templated":true}]}}