{"id":416,"date":"2023-12-27T00:50:10","date_gmt":"2023-12-27T00:50:10","guid":{"rendered":"https:\/\/live3.senseadelic.com\/?post_type=product&#038;p=416"},"modified":"2024-10-06T13:08:27","modified_gmt":"2024-10-06T13:08:27","slug":"kratom-ultra-enhance-pulver-6-0-mitragyna","status":"publish","type":"product","link":"https:\/\/senseadelic.com\/de\/shop\/premium-kratom-powder\/kratom-ultra-enhance-powder-6-0-mitragyna\/","title":{"rendered":"Kratom Ultra Enhance Pulver 6.0% Mitragyna"},"content":{"rendered":"","protected":false},"excerpt":{"rendered":"<p>Kratom gl\u00e4nzt unter den nat\u00fcrlichen Erg\u00e4nzungsmitteln durch seine einzigartigen Vorteile. Unser ultra-verbessertes Kratom-Pulver mit einem Gehalt von 6,0% Mitragynin stellt den H\u00f6hepunkt der F\u00e4higkeiten von Kratom dar. Dieses fortschrittliche Kratom-Pulver wurde entwickelt, um das Wohlbefinden und die Energie stark zu steigern. Beginne Deinen Weg zu ultimativem Wohlbefinden mit ultra-verst\u00e4rktem Kratom-Pulver und entdecke neue H\u00f6hen der Gesundheit und Vitalit\u00e4t.<\/p>","protected":false},"featured_media":420,"comment_status":"closed","ping_status":"closed","template":"","meta":{"_seopress_robots_primary_cat":"none","_seopress_titles_title":"Buy Ultra Enhance Kratom Powder 6.0% Mitragyna Online Now!","_seopress_titles_desc":"Kratom stands out in natural supplements for its remarkable properties. Ultra-enhanced Kratom powder, with an impressive 6.0% Mitragynine content.","_seopress_robots_index":""},"product_brand":[],"product_cat":[46],"product_tag":[],"class_list":{"0":"post-416","1":"product","2":"type-product","3":"status-publish","4":"has-post-thumbnail","6":"product_cat-premium-kratom-powder","8":"first","9":"outofstock","10":"taxable","11":"shipping-taxable","12":"purchasable","13":"product-type-variable","14":"has-default-attributes"},"_links":{"self":[{"href":"https:\/\/senseadelic.com\/de\/wp-json\/wp\/v2\/product\/416","targetHints":{"allow":["GET"]}}],"collection":[{"href":"https:\/\/senseadelic.com\/de\/wp-json\/wp\/v2\/product"}],"about":[{"href":"https:\/\/senseadelic.com\/de\/wp-json\/wp\/v2\/types\/product"}],"replies":[{"embeddable":true,"href":"https:\/\/senseadelic.com\/de\/wp-json\/wp\/v2\/comments?post=416"}],"version-history":[{"count":0,"href":"https:\/\/senseadelic.com\/de\/wp-json\/wp\/v2\/product\/416\/revisions"}],"wp:featuredmedia":[{"embeddable":true,"href":"https:\/\/senseadelic.com\/de\/wp-json\/wp\/v2\/media\/420"}],"wp:attachment":[{"href":"https:\/\/senseadelic.com\/de\/wp-json\/wp\/v2\/media?parent=416"}],"wp:term":[{"taxonomy":"product_brand","embeddable":true,"href":"https:\/\/senseadelic.com\/de\/wp-json\/wp\/v2\/product_brand?post=416"},{"taxonomy":"product_cat","embeddable":true,"href":"https:\/\/senseadelic.com\/de\/wp-json\/wp\/v2\/product_cat?post=416"},{"taxonomy":"product_tag","embeddable":true,"href":"https:\/\/senseadelic.com\/de\/wp-json\/wp\/v2\/product_tag?post=416"}],"curies":[{"name":"wp","href":"https:\/\/api.w.org\/{rel}","templated":true}]}}