{"id":49,"date":"2023-12-27T00:48:43","date_gmt":"2023-12-27T00:48:43","guid":{"rendered":"https:\/\/live3.senseadelic.com\/?post_type=product&#038;p=49"},"modified":"2026-02-13T19:43:08","modified_gmt":"2026-02-13T19:43:08","slug":"cbd-rest","status":"publish","type":"product","link":"https:\/\/senseadelic.com\/de\/shop\/cbd-oil\/cbd-rest\/","title":{"rendered":"CBD Rest"},"content":{"rendered":"","protected":false},"excerpt":{"rendered":"<p>Ein erholsamer Schlaf ist heutzutage aufgrund des Stresses, dem wir t\u00e4glich ausgesetzt sind, selten. Mit dem REST CBD-\u00d6l von Spirit of Nature werden Sie den besten Schlaf Ihres Lebens bekommen. REST CBD-\u00d6l enth\u00e4lt einen hohen Anteil an CBN, Melatonin und Terpenen, um Ruhe, Entspannung und Gelassenheit zu f\u00f6rdern.<\/p>\n<ul>\n<li>Ein ganz nat\u00fcrliches Schlafmittel<\/li>\n<li>Eine 10ml Flasche enth\u00e4lt 1000mg CBD und CBDA<\/li>\n<li>Cannabinoide und Terpene in einem breiten Spektrum<\/li>\n<li>\u00dcberkritische CO2-Extraktion<\/li>\n<li>THC-Gehalt weniger als 0,2%<\/li>\n<\/ul>","protected":false},"featured_media":80,"comment_status":"open","ping_status":"closed","template":"","meta":{"_seopress_robots_primary_cat":"none","_seopress_titles_title":"Relax with Restful CBD Oil for a Peaceful Sleep","_seopress_titles_desc":"","_seopress_robots_index":""},"product_brand":[],"product_cat":[19],"product_tag":[],"class_list":{"0":"post-49","1":"product","2":"type-product","3":"status-publish","4":"has-post-thumbnail","6":"product_cat-cbd-oil","8":"first","9":"outofstock","10":"taxable","11":"shipping-taxable","12":"purchasable","13":"product-type-variable","14":"has-default-attributes"},"_links":{"self":[{"href":"https:\/\/senseadelic.com\/de\/wp-json\/wp\/v2\/product\/49","targetHints":{"allow":["GET"]}}],"collection":[{"href":"https:\/\/senseadelic.com\/de\/wp-json\/wp\/v2\/product"}],"about":[{"href":"https:\/\/senseadelic.com\/de\/wp-json\/wp\/v2\/types\/product"}],"replies":[{"embeddable":true,"href":"https:\/\/senseadelic.com\/de\/wp-json\/wp\/v2\/comments?post=49"}],"version-history":[{"count":0,"href":"https:\/\/senseadelic.com\/de\/wp-json\/wp\/v2\/product\/49\/revisions"}],"wp:featuredmedia":[{"embeddable":true,"href":"https:\/\/senseadelic.com\/de\/wp-json\/wp\/v2\/media\/80"}],"wp:attachment":[{"href":"https:\/\/senseadelic.com\/de\/wp-json\/wp\/v2\/media?parent=49"}],"wp:term":[{"taxonomy":"product_brand","embeddable":true,"href":"https:\/\/senseadelic.com\/de\/wp-json\/wp\/v2\/product_brand?post=49"},{"taxonomy":"product_cat","embeddable":true,"href":"https:\/\/senseadelic.com\/de\/wp-json\/wp\/v2\/product_cat?post=49"},{"taxonomy":"product_tag","embeddable":true,"href":"https:\/\/senseadelic.com\/de\/wp-json\/wp\/v2\/product_tag?post=49"}],"curies":[{"name":"wp","href":"https:\/\/api.w.org\/{rel}","templated":true}]}}