{"id":51,"date":"2023-12-27T00:48:43","date_gmt":"2023-12-27T00:48:43","guid":{"rendered":"https:\/\/live3.senseadelic.com\/?post_type=product&#038;p=51"},"modified":"2026-02-13T19:43:09","modified_gmt":"2026-02-13T19:43:09","slug":"cbd-entspannen","status":"publish","type":"product","link":"https:\/\/senseadelic.com\/de\/shop\/cbd-oil\/cbd-relax\/","title":{"rendered":"CBD Entspannen"},"content":{"rendered":"","protected":false},"excerpt":{"rendered":"<p>M\u00f6chten Sie Ihren Stress auf nat\u00fcrliche Weise abbauen? Mit dem RELAX CBD-\u00d6l von Spirit of Nature k\u00f6nnen Sie ein biochemisches und physiologisches Gleichgewicht erreichen und die stressigen \u00c4ngste beseitigen, die Ihr t\u00e4gliches Wohlbefinden beeintr\u00e4chtigen k\u00f6nnen.<\/p>\n<ul>\n<li>Stressabbau auf nat\u00fcrliche Weise<\/li>\n<li>Jede 10ml Flasche enth\u00e4lt<\/li>\n<li>1000mg CBD und CBDA<\/li>\n<li>Cannabinoide und Terpene in einem breiten Spektrum<\/li>\n<li>\u00dcberkritische C02-Extraktion<\/li>\n<li>THC-Gehalt weniger als 0,2%<\/li>\n<\/ul>","protected":false},"featured_media":82,"comment_status":"open","ping_status":"closed","template":"","meta":{"_seopress_robots_primary_cat":"none","_seopress_titles_title":"Discover Quality CBD Oil for Relax - Sense a Delic","_seopress_titles_desc":"","_seopress_robots_index":""},"product_brand":[],"product_cat":[19],"product_tag":[],"class_list":{"0":"post-51","1":"product","2":"type-product","3":"status-publish","4":"has-post-thumbnail","6":"product_cat-cbd-oil","8":"first","9":"outofstock","10":"taxable","11":"shipping-taxable","12":"purchasable","13":"product-type-variable","14":"has-default-attributes"},"_links":{"self":[{"href":"https:\/\/senseadelic.com\/de\/wp-json\/wp\/v2\/product\/51","targetHints":{"allow":["GET"]}}],"collection":[{"href":"https:\/\/senseadelic.com\/de\/wp-json\/wp\/v2\/product"}],"about":[{"href":"https:\/\/senseadelic.com\/de\/wp-json\/wp\/v2\/types\/product"}],"replies":[{"embeddable":true,"href":"https:\/\/senseadelic.com\/de\/wp-json\/wp\/v2\/comments?post=51"}],"version-history":[{"count":0,"href":"https:\/\/senseadelic.com\/de\/wp-json\/wp\/v2\/product\/51\/revisions"}],"wp:featuredmedia":[{"embeddable":true,"href":"https:\/\/senseadelic.com\/de\/wp-json\/wp\/v2\/media\/82"}],"wp:attachment":[{"href":"https:\/\/senseadelic.com\/de\/wp-json\/wp\/v2\/media?parent=51"}],"wp:term":[{"taxonomy":"product_brand","embeddable":true,"href":"https:\/\/senseadelic.com\/de\/wp-json\/wp\/v2\/product_brand?post=51"},{"taxonomy":"product_cat","embeddable":true,"href":"https:\/\/senseadelic.com\/de\/wp-json\/wp\/v2\/product_cat?post=51"},{"taxonomy":"product_tag","embeddable":true,"href":"https:\/\/senseadelic.com\/de\/wp-json\/wp\/v2\/product_tag?post=51"}],"curies":[{"name":"wp","href":"https:\/\/api.w.org\/{rel}","templated":true}]}}