{"id":5184,"date":"2024-02-29T23:19:29","date_gmt":"2024-02-29T23:19:29","guid":{"rendered":"https:\/\/senseadelic.com\/?post_type=product&#038;p=5184"},"modified":"2024-11-01T16:54:15","modified_gmt":"2024-11-01T16:54:15","slug":"dutch-royale-elite-krautermischung","status":"publish","type":"product","link":"https:\/\/senseadelic.com\/de\/shop\/smoking-blends\/herbal-blends\/dutch-royale-elite-herbal-blend\/","title":{"rendered":"Dutch Royale Elite Kr\u00e4utermischung"},"content":{"rendered":"","protected":false},"excerpt":{"rendered":"<p>Die Dutch Royale Elite Kr\u00e4utermischung, die beste Kr\u00e4utermischung, die Sie bei Sens a Delic kaufen k\u00f6nnen.<\/p>\n<p>Diese nat\u00fcrliche Kreation ist von der Natur inspiriert und bietet den Konsumenten ein einzigartiges Aroma, einen unverf\u00e4lschten Geschmack und eine ausgewogene Wirkung. Egal, ob Sie sich entspannen, Energie tanken oder Kontakte kn\u00fcpfen wollen, Dutch Royale Elite ist die perfekte Wahl, um Ihr Verlangen nach einem k\u00f6stlichen Erlebnis zu stillen.<\/p>","protected":false},"featured_media":5189,"comment_status":"closed","ping_status":"closed","template":"","meta":{"_seopress_robots_primary_cat":"none","_seopress_titles_title":"Dutch Royale Elite Herbal Blend an Experience of Natural Euphoria","_seopress_titles_desc":"Experience the sublime effects of Dutch Orange, the top-rated herbal blend in our shop. Explore Sense a Delic's quality range today!","_seopress_robots_index":""},"product_brand":[],"product_cat":[29],"product_tag":[],"class_list":{"0":"post-5184","1":"product","2":"type-product","3":"status-publish","4":"has-post-thumbnail","6":"product_cat-herbal-blends","8":"first","9":"outofstock","10":"taxable","11":"shipping-taxable","12":"purchasable","13":"product-type-variable","14":"has-default-attributes"},"_links":{"self":[{"href":"https:\/\/senseadelic.com\/de\/wp-json\/wp\/v2\/product\/5184","targetHints":{"allow":["GET"]}}],"collection":[{"href":"https:\/\/senseadelic.com\/de\/wp-json\/wp\/v2\/product"}],"about":[{"href":"https:\/\/senseadelic.com\/de\/wp-json\/wp\/v2\/types\/product"}],"replies":[{"embeddable":true,"href":"https:\/\/senseadelic.com\/de\/wp-json\/wp\/v2\/comments?post=5184"}],"version-history":[{"count":0,"href":"https:\/\/senseadelic.com\/de\/wp-json\/wp\/v2\/product\/5184\/revisions"}],"wp:featuredmedia":[{"embeddable":true,"href":"https:\/\/senseadelic.com\/de\/wp-json\/wp\/v2\/media\/5189"}],"wp:attachment":[{"href":"https:\/\/senseadelic.com\/de\/wp-json\/wp\/v2\/media?parent=5184"}],"wp:term":[{"taxonomy":"product_brand","embeddable":true,"href":"https:\/\/senseadelic.com\/de\/wp-json\/wp\/v2\/product_brand?post=5184"},{"taxonomy":"product_cat","embeddable":true,"href":"https:\/\/senseadelic.com\/de\/wp-json\/wp\/v2\/product_cat?post=5184"},{"taxonomy":"product_tag","embeddable":true,"href":"https:\/\/senseadelic.com\/de\/wp-json\/wp\/v2\/product_tag?post=5184"}],"curies":[{"name":"wp","href":"https:\/\/api.w.org\/{rel}","templated":true}]}}