{"id":55,"date":"2023-12-27T00:48:44","date_gmt":"2023-12-27T00:48:44","guid":{"rendered":"https:\/\/live3.senseadelic.com\/?post_type=product&#038;p=55"},"modified":"2026-02-13T19:43:07","modified_gmt":"2026-02-13T19:43:07","slug":"cbd-immunitat","status":"publish","type":"product","link":"https:\/\/senseadelic.com\/de\/shop\/cbd-oil\/cbd-immunity\/","title":{"rendered":"CBD Immunit\u00e4t"},"content":{"rendered":"","protected":false},"excerpt":{"rendered":"<p>Das CBD-\u00d6l Immunity von Spirit of Nature wurde entwickelt, um Ihr Immunsystem zu st\u00e4rken und die Genesung von Krankheiten zu verbessern.<\/p>\n<p>Es unterst\u00fctzt die k\u00f6rpereigene prim\u00e4re Abwehr gegen Infektionen und hat ganzheitliche Vorteile, die Ihnen helfen, eine optimale Gesundheit zu erhalten. Nehmen Sie es f\u00fcr eine schnellere Aufnahme und eine nat\u00fcrliche Unterst\u00fctzung des Immunsystems sublingual in Ihre t\u00e4gliche Routine auf.<\/p>\n<ul>\n<li>- Infundiert mit 1000mg CBD und CBDA<\/li>\n<li>Enth\u00e4lt ein breites Spektrum an Terpenen und Cannabinoiden<\/li>\n<li>Nutzt die \u00fcberkritische CO2-Extraktion f\u00fcr Reinheit<\/li>\n<li>Garantiert einen THC-Gehalt von unter 0,2%<\/li>\n<li>Jede Flasche enth\u00e4lt 10 ml der Mischung<\/li>\n<\/ul>","protected":false},"featured_media":86,"comment_status":"open","ping_status":"closed","template":"","meta":{"_seopress_robots_primary_cat":"none","_seopress_titles_title":"Boost Immunity with our Top-Quality CBD Immunity Oil","_seopress_titles_desc":"Power up your immune system with Sense a Delic's CBD Immunity Oil. Packed with nutrients for optimal wellness. Order now for better health.","_seopress_robots_index":""},"product_brand":[],"product_cat":[19],"product_tag":[],"class_list":{"0":"post-55","1":"product","2":"type-product","3":"status-publish","4":"has-post-thumbnail","6":"product_cat-cbd-oil","8":"first","9":"outofstock","10":"taxable","11":"shipping-taxable","12":"purchasable","13":"product-type-variable","14":"has-default-attributes"},"_links":{"self":[{"href":"https:\/\/senseadelic.com\/de\/wp-json\/wp\/v2\/product\/55","targetHints":{"allow":["GET"]}}],"collection":[{"href":"https:\/\/senseadelic.com\/de\/wp-json\/wp\/v2\/product"}],"about":[{"href":"https:\/\/senseadelic.com\/de\/wp-json\/wp\/v2\/types\/product"}],"replies":[{"embeddable":true,"href":"https:\/\/senseadelic.com\/de\/wp-json\/wp\/v2\/comments?post=55"}],"version-history":[{"count":0,"href":"https:\/\/senseadelic.com\/de\/wp-json\/wp\/v2\/product\/55\/revisions"}],"wp:featuredmedia":[{"embeddable":true,"href":"https:\/\/senseadelic.com\/de\/wp-json\/wp\/v2\/media\/86"}],"wp:attachment":[{"href":"https:\/\/senseadelic.com\/de\/wp-json\/wp\/v2\/media?parent=55"}],"wp:term":[{"taxonomy":"product_brand","embeddable":true,"href":"https:\/\/senseadelic.com\/de\/wp-json\/wp\/v2\/product_brand?post=55"},{"taxonomy":"product_cat","embeddable":true,"href":"https:\/\/senseadelic.com\/de\/wp-json\/wp\/v2\/product_cat?post=55"},{"taxonomy":"product_tag","embeddable":true,"href":"https:\/\/senseadelic.com\/de\/wp-json\/wp\/v2\/product_tag?post=55"}],"curies":[{"name":"wp","href":"https:\/\/api.w.org\/{rel}","templated":true}]}}