{"id":57,"date":"2023-12-27T00:48:44","date_gmt":"2023-12-27T00:48:44","guid":{"rendered":"https:\/\/live3.senseadelic.com\/?post_type=product&#038;p=57"},"modified":"2026-03-06T21:42:56","modified_gmt":"2026-03-06T21:42:56","slug":"cbd-vitalitat","status":"publish","type":"product","link":"https:\/\/senseadelic.com\/de\/shop\/cbd-oil\/cbd-vitality\/","title":{"rendered":"CBD Vitalit\u00e4t"},"content":{"rendered":"","protected":false},"excerpt":{"rendered":"<p>Mit VITALITY erleben Sie eine Steigerung des Energieniveaus und eine verbesserte Leistungsf\u00e4higkeit. F\u00fchlen Sie sich st\u00e4ndig ersch\u00f6pft? Was auch immer Sie tun, ob als Elternteil, das Kleinkindern hinterherl\u00e4uft, als Berufst\u00e4tiger, der von einer Besprechung zur n\u00e4chsten eilt, als Student, der f\u00fcr Pr\u00fcfungen lernt, oder als Sportler, der Spitzenleistungen erzielen will - das Leben kann hektisch und anspruchsvoll sein. Um Ihren vollen Terminkalender aufrechtzuerhalten, brauchen Sie den ganzen Tag \u00fcber viel Energie. ViTALITY CBD-\u00d6l kombiniert die Vorteile von CBD, CBDA, CBG und CBN mit nat\u00fcrlichen Zus\u00e4tzen und Terpenen, die daf\u00fcr bekannt sind, dass sie die Energie steigern und die Gesundheit verbessern.<\/p>\n<ul>\n<li>Ein ganz nat\u00fcrlicher Energieschub<\/li>\n<li>Jede 10ml Flasche enth\u00e4lt 1000mg CBD und CBDA<\/li>\n<li>Terpene und Cannabinoide in einem breiten Spektrum<\/li>\n<li>\u00dcberkritische C02-Extraktion<\/li>\n<li>THC-Gehalt weniger als 0,2%<\/li>\n<\/ul>","protected":false},"featured_media":88,"comment_status":"open","ping_status":"closed","template":"","meta":{"_seopress_robots_primary_cat":"none","_seopress_titles_title":"Boost Wellness with CBD Vitality Oil - Sense A Delic","_seopress_titles_desc":"","_seopress_robots_index":""},"product_brand":[],"product_cat":[19],"product_tag":[],"class_list":{"0":"post-57","1":"product","2":"type-product","3":"status-publish","4":"has-post-thumbnail","6":"product_cat-cbd-oil","8":"first","9":"outofstock","10":"taxable","11":"shipping-taxable","12":"purchasable","13":"product-type-variable","14":"has-default-attributes"},"_links":{"self":[{"href":"https:\/\/senseadelic.com\/de\/wp-json\/wp\/v2\/product\/57","targetHints":{"allow":["GET"]}}],"collection":[{"href":"https:\/\/senseadelic.com\/de\/wp-json\/wp\/v2\/product"}],"about":[{"href":"https:\/\/senseadelic.com\/de\/wp-json\/wp\/v2\/types\/product"}],"replies":[{"embeddable":true,"href":"https:\/\/senseadelic.com\/de\/wp-json\/wp\/v2\/comments?post=57"}],"version-history":[{"count":0,"href":"https:\/\/senseadelic.com\/de\/wp-json\/wp\/v2\/product\/57\/revisions"}],"wp:featuredmedia":[{"embeddable":true,"href":"https:\/\/senseadelic.com\/de\/wp-json\/wp\/v2\/media\/88"}],"wp:attachment":[{"href":"https:\/\/senseadelic.com\/de\/wp-json\/wp\/v2\/media?parent=57"}],"wp:term":[{"taxonomy":"product_brand","embeddable":true,"href":"https:\/\/senseadelic.com\/de\/wp-json\/wp\/v2\/product_brand?post=57"},{"taxonomy":"product_cat","embeddable":true,"href":"https:\/\/senseadelic.com\/de\/wp-json\/wp\/v2\/product_cat?post=57"},{"taxonomy":"product_tag","embeddable":true,"href":"https:\/\/senseadelic.com\/de\/wp-json\/wp\/v2\/product_tag?post=57"}],"curies":[{"name":"wp","href":"https:\/\/api.w.org\/{rel}","templated":true}]}}