{"id":59,"date":"2023-12-27T00:48:44","date_gmt":"2023-12-27T00:48:44","guid":{"rendered":"https:\/\/live3.senseadelic.com\/?post_type=product&#038;p=59"},"modified":"2025-12-15T19:22:42","modified_gmt":"2025-12-15T19:22:42","slug":"hollandische-orange-original-vapes","status":"publish","type":"product","link":"https:\/\/senseadelic.com\/de\/shop\/vapes-liquids\/dutch-orange-original-vapes\/","title":{"rendered":"Holl\u00e4ndische Orange Original Vapes"},"content":{"rendered":"","protected":false},"excerpt":{"rendered":"<p>Dutch Orange Original Vapes ist eine einzigartige Liquid-Mischung, die von der beliebten Dutch Orange-Mischung inspiriert wurde. Sie zielt darauf ab, das Bewusstsein zu steigern. Es kombiniert eine erstklassige Kr\u00e4utermischung mit fortschrittlicher Technologie, um ein hervorragendes Dampferlebnis zu gew\u00e4hrleisten. Die Benutzer werden ermutigt, sich zu entspannen und die Reise zu genie\u00dfen.<\/p>","protected":false},"featured_media":90,"comment_status":"open","ping_status":"closed","template":"","meta":{"_seopress_robots_primary_cat":"none","_seopress_titles_title":"Buy Dutch Orange Original Vapes Liquids at Sense a Delic","_seopress_titles_desc":"Experience a phenomenal vaping journey like no other with the Dutch Orange Original Vapes Liquids. Exceptional quality, at the Sense a Delic Shop.","_seopress_robots_index":""},"product_brand":[],"product_cat":[20],"product_tag":[],"class_list":{"0":"post-59","1":"product","2":"type-product","3":"status-publish","4":"has-post-thumbnail","6":"product_cat-vapes-liquids","8":"first","9":"outofstock","10":"taxable","11":"shipping-taxable","12":"purchasable","13":"product-type-variable","14":"has-default-attributes"},"_links":{"self":[{"href":"https:\/\/senseadelic.com\/de\/wp-json\/wp\/v2\/product\/59","targetHints":{"allow":["GET"]}}],"collection":[{"href":"https:\/\/senseadelic.com\/de\/wp-json\/wp\/v2\/product"}],"about":[{"href":"https:\/\/senseadelic.com\/de\/wp-json\/wp\/v2\/types\/product"}],"replies":[{"embeddable":true,"href":"https:\/\/senseadelic.com\/de\/wp-json\/wp\/v2\/comments?post=59"}],"version-history":[{"count":0,"href":"https:\/\/senseadelic.com\/de\/wp-json\/wp\/v2\/product\/59\/revisions"}],"wp:featuredmedia":[{"embeddable":true,"href":"https:\/\/senseadelic.com\/de\/wp-json\/wp\/v2\/media\/90"}],"wp:attachment":[{"href":"https:\/\/senseadelic.com\/de\/wp-json\/wp\/v2\/media?parent=59"}],"wp:term":[{"taxonomy":"product_brand","embeddable":true,"href":"https:\/\/senseadelic.com\/de\/wp-json\/wp\/v2\/product_brand?post=59"},{"taxonomy":"product_cat","embeddable":true,"href":"https:\/\/senseadelic.com\/de\/wp-json\/wp\/v2\/product_cat?post=59"},{"taxonomy":"product_tag","embeddable":true,"href":"https:\/\/senseadelic.com\/de\/wp-json\/wp\/v2\/product_tag?post=59"}],"curies":[{"name":"wp","href":"https:\/\/api.w.org\/{rel}","templated":true}]}}