{"id":63,"date":"2023-12-27T00:48:45","date_gmt":"2023-12-27T00:48:45","guid":{"rendered":"https:\/\/live3.senseadelic.com\/?post_type=product&#038;p=63"},"modified":"2024-09-26T12:20:29","modified_gmt":"2024-09-26T12:20:29","slug":"durchfluss","status":"publish","type":"product","link":"https:\/\/senseadelic.com\/de\/shop\/stimulants-supplies\/flow\/","title":{"rendered":"Durchfluss"},"content":{"rendered":"","protected":false},"excerpt":{"rendered":"<p>Flow ist ein sanfter und befriedigender Energizer, der soziale und funktionale Erfahrungen verbessert. Es sorgt f\u00fcr Energie, Konzentration und Genuss ohne negative Auswirkungen am n\u00e4chsten Tag. Egal, ob Sie produktiv bleiben oder ausgehen, Flow erm\u00f6glicht es Ihnen, ohne Ablenkungen oder Kompromisse am n\u00e4chsten Tag auf Kurs zu bleiben.<\/p>","protected":false},"featured_media":95,"comment_status":"closed","ping_status":"closed","template":"","meta":{"_seopress_robots_primary_cat":"none","_seopress_titles_title":"Ultimate Focus with Flow Stimulant from Sense a Delic","_seopress_titles_desc":"Get your full potential with Flow! This mental stimulant enhances cognitive function, focus and creativity. Order now from Sense a Delic.","_seopress_robots_index":""},"product_brand":[],"product_cat":[21],"product_tag":[79],"class_list":{"0":"post-63","1":"product","2":"type-product","3":"status-publish","4":"has-post-thumbnail","6":"product_cat-stimulants-supplies","7":"product_tag-3-fpm","9":"first","10":"outofstock","11":"taxable","12":"shipping-taxable","13":"purchasable","14":"product-type-variable","15":"has-default-attributes"},"_links":{"self":[{"href":"https:\/\/senseadelic.com\/de\/wp-json\/wp\/v2\/product\/63","targetHints":{"allow":["GET"]}}],"collection":[{"href":"https:\/\/senseadelic.com\/de\/wp-json\/wp\/v2\/product"}],"about":[{"href":"https:\/\/senseadelic.com\/de\/wp-json\/wp\/v2\/types\/product"}],"replies":[{"embeddable":true,"href":"https:\/\/senseadelic.com\/de\/wp-json\/wp\/v2\/comments?post=63"}],"version-history":[{"count":0,"href":"https:\/\/senseadelic.com\/de\/wp-json\/wp\/v2\/product\/63\/revisions"}],"wp:featuredmedia":[{"embeddable":true,"href":"https:\/\/senseadelic.com\/de\/wp-json\/wp\/v2\/media\/95"}],"wp:attachment":[{"href":"https:\/\/senseadelic.com\/de\/wp-json\/wp\/v2\/media?parent=63"}],"wp:term":[{"taxonomy":"product_brand","embeddable":true,"href":"https:\/\/senseadelic.com\/de\/wp-json\/wp\/v2\/product_brand?post=63"},{"taxonomy":"product_cat","embeddable":true,"href":"https:\/\/senseadelic.com\/de\/wp-json\/wp\/v2\/product_cat?post=63"},{"taxonomy":"product_tag","embeddable":true,"href":"https:\/\/senseadelic.com\/de\/wp-json\/wp\/v2\/product_tag?post=63"}],"curies":[{"name":"wp","href":"https:\/\/api.w.org\/{rel}","templated":true}]}}