{"id":76,"date":"2023-12-27T00:48:47","date_gmt":"2023-12-27T00:48:47","guid":{"rendered":"https:\/\/live3.senseadelic.com\/?post_type=product&#038;p=76"},"modified":"2024-09-26T12:20:29","modified_gmt":"2024-09-26T12:20:29","slug":"moroko","status":"publish","type":"product","link":"https:\/\/senseadelic.com\/de\/shop\/smoking-blends\/solid-blends\/moroko\/","title":{"rendered":"Moroko"},"content":{"rendered":"","protected":false},"excerpt":{"rendered":"<p>MOROKO ist eine hochwertige und starke Haschischmischung, die f\u00fcr ihr unglaubliches Aroma, ihren Geschmack und ihre starke Wirkung bekannt ist. Diese von Fort Fum\u00e9 entwickelte Mischung ist eine Hommage an ihre Urspr\u00fcnge und bietet ein au\u00dfergew\u00f6hnliches Raucherlebnis. Sie wird denjenigen empfohlen, die Dutch Orange genossen haben und eine st\u00e4rkere Mischung ausprobieren m\u00f6chten.<\/p>","protected":false},"featured_media":115,"comment_status":"closed","ping_status":"closed","template":"","meta":{"_seopress_robots_primary_cat":"none","_seopress_titles_title":"Explore Premium Quality Moroko Solid Smoking Blends","_seopress_titles_desc":"Dive into the enthralling world of sense with Senseadelic's Moroko - a unique, natural blend for smokey refreshment. Shop now!","_seopress_robots_index":""},"product_brand":[],"product_cat":[18],"product_tag":[],"class_list":{"0":"post-76","1":"product","2":"type-product","3":"status-publish","4":"has-post-thumbnail","6":"product_cat-solid-blends","8":"first","9":"outofstock","10":"taxable","11":"shipping-taxable","12":"purchasable","13":"product-type-variable","14":"has-default-attributes"},"_links":{"self":[{"href":"https:\/\/senseadelic.com\/de\/wp-json\/wp\/v2\/product\/76","targetHints":{"allow":["GET"]}}],"collection":[{"href":"https:\/\/senseadelic.com\/de\/wp-json\/wp\/v2\/product"}],"about":[{"href":"https:\/\/senseadelic.com\/de\/wp-json\/wp\/v2\/types\/product"}],"replies":[{"embeddable":true,"href":"https:\/\/senseadelic.com\/de\/wp-json\/wp\/v2\/comments?post=76"}],"version-history":[{"count":0,"href":"https:\/\/senseadelic.com\/de\/wp-json\/wp\/v2\/product\/76\/revisions"}],"wp:featuredmedia":[{"embeddable":true,"href":"https:\/\/senseadelic.com\/de\/wp-json\/wp\/v2\/media\/115"}],"wp:attachment":[{"href":"https:\/\/senseadelic.com\/de\/wp-json\/wp\/v2\/media?parent=76"}],"wp:term":[{"taxonomy":"product_brand","embeddable":true,"href":"https:\/\/senseadelic.com\/de\/wp-json\/wp\/v2\/product_brand?post=76"},{"taxonomy":"product_cat","embeddable":true,"href":"https:\/\/senseadelic.com\/de\/wp-json\/wp\/v2\/product_cat?post=76"},{"taxonomy":"product_tag","embeddable":true,"href":"https:\/\/senseadelic.com\/de\/wp-json\/wp\/v2\/product_tag?post=76"}],"curies":[{"name":"wp","href":"https:\/\/api.w.org\/{rel}","templated":true}]}}