{"id":1082,"date":"2024-01-05T02:01:09","date_gmt":"2024-01-05T02:01:09","guid":{"rendered":"https:\/\/live5.senseadelic.com\/?page_id=1082"},"modified":"2024-06-17T16:38:01","modified_gmt":"2024-06-17T16:38:01","slug":"clausula-de-exencion-de-responsabilidad-sanitaria","status":"publish","type":"page","link":"https:\/\/senseadelic.com\/es\/health-disclaimer\/","title":{"rendered":"Descargo de responsabilidad sanitaria"},"content":{"rendered":"<div data-elementor-type=\"wp-page\" data-elementor-id=\"1082\" class=\"elementor elementor-1082\" data-elementor-post-type=\"page\">\n\t\t\t\t<div class=\"elementor-element elementor-element-8fd8c52 e-flex e-con-boxed e-con e-parent\" data-id=\"8fd8c52\" data-element_type=\"container\" data-e-type=\"container\">\n\t\t\t\t\t<div class=\"e-con-inner\">\n\t\t<div class=\"elementor-element elementor-element-79f865e e-con-full e-flex e-con e-child\" data-id=\"79f865e\" data-element_type=\"container\" data-e-type=\"container\">\n\t\t\t\t<div class=\"elementor-element elementor-element-36452b8 page-title elementor-widget elementor-widget-heading\" data-id=\"36452b8\" data-element_type=\"widget\" data-e-type=\"widget\" data-widget_type=\"heading.default\">\n\t\t\t\t\t<h1 class=\"elementor-heading-title elementor-size-default\">Descargo de responsabilidad sanitaria<\/h1>\t\t\t\t<\/div>\n\t\t\t\t<div class=\"elementor-element elementor-element-7c1c8d6c blog-text-contend elementor-widget elementor-widget-text-editor\" data-id=\"7c1c8d6c\" data-element_type=\"widget\" data-e-type=\"widget\" data-widget_type=\"text-editor.default\">\n\t\t\t\t\t\t\t\t\t<p>Este sitio web es s\u00f3lo para aprender y descubrir cosas nuevas. No est\u00e1 pensada para ayudarte a averiguar qu\u00e9 te pasa si est\u00e1s enfermo, ni para encontrar formas de mejorar de las enfermedades.<\/p><p>Las cosas de las que hablamos aqu\u00ed no deben comerse ni usarse como medicina. S\u00f3lo estamos compartiendo informaci\u00f3n para que la gente piense y aprenda; no estamos diciendo que sea cierto o seguro para probarlo por tu cuenta. Si decides usar algo de lo que aprendas aqu\u00ed, recuerda que s\u00f3lo se supone que es para experimentar o aprender, no para probarlo con la gente.<\/p><p>Adem\u00e1s, si algo sale mal, las personas que gestionan este sitio web no tendr\u00e1n problemas porque aceptas no culparles por utilizarlo.<\/p>\t\t\t\t\t\t\t\t<\/div>\n\t\t\t\t<div class=\"elementor-element elementor-element-236db5a blog-text-contend elementor-widget elementor-widget-text-editor\" data-id=\"236db5a\" data-element_type=\"widget\" data-e-type=\"widget\" data-widget_type=\"text-editor.default\">\n\t\t\t\t\t\t\t\t\t<p><strong>Observaciones finales con advertencias:<\/strong><\/p><p>\"Al concluir nuestra gira, es importante que comparta algunos consejos y precauciones esenciales. Aunque explorar las maravillas de los productos SmartShop puede ser un viaje apasionante, es fundamental acercarse a ellos con atenci\u00f3n y responsabilidad.<\/p><p><strong>1. Conoce tus l\u00edmites:<\/strong> Cada persona reacciona de forma diferente a estas sustancias. Empieza con dosis peque\u00f1as, sobre todo si es la primera vez que pruebas un producto. Comprender la respuesta de tu cuerpo es clave para una experiencia segura y agradable.<\/p><p><strong>2. Sensibilizaci\u00f3n jur\u00eddica:<\/strong> Conozca la situaci\u00f3n legal de estos productos en su zona. Las leyes var\u00edan mucho de un lugar a otro, y es tu responsabilidad mantenerte informado y cumplirlas.<\/p><p><strong>3. Consideraciones sanitarias:<\/strong> Si tiene alg\u00fan problema de salud o est\u00e1 tomando medicaci\u00f3n, consulte a un profesional sanitario antes de utilizar cualquiera de nuestros productos. La seguridad es lo primero.<\/p><p><strong>4. El entorno importa:<\/strong> Tu entorno puede influir significativamente en tu experiencia, especialmente con los psicod\u00e9licos y las trufas. Elige un entorno seguro y c\u00f3modo, y considera la posibilidad de que te acompa\u00f1e un amigo de confianza.<\/p><p><strong>5. Evite las mezclas:<\/strong> Mezclar distintas sustancias puede ser imprevisible y arriesgado. Evita utilizar varios productos a la vez, sobre todo si no est\u00e1s familiarizado con sus efectos.<\/p><p><strong>6. Bienestar mental:<\/strong> Si te sientes estresado, ansioso o tienes problemas de salud mental, es aconsejable evitar o ser muy cauto con las sustancias psicoactivas. Pueden intensificar tu estado de \u00e1nimo actual.<\/p><p><strong>Reflexi\u00f3n final:<\/strong> Nuestro viaje aqu\u00ed no consiste s\u00f3lo en experimentar nuevas sensaciones; se trata de respetar el poder de estas maravillas naturales. Recuerda, el objetivo es mejorar tu bienestar, no comprometerlo. Util\u00edzalo siempre de forma responsable, mantente informado y disfruta del m\u00e1gico mundo de las SmartShops de forma segura.<\/p><p>Gracias por dedicarme su tiempo hoy. Si tiene alguna pregunta o necesita consejo, no dude en ponerse en contacto conmigo. Cu\u00eddense y exploren sabiamente\".<\/p>\t\t\t\t\t\t\t\t<\/div>\n\t\t\t\t<\/div>\n\t\t\t\t\t<\/div>\n\t\t\t\t<\/div>\n\t\t\t\t<\/div>","protected":false},"excerpt":{"rendered":"<p>This website is just for learning and finding out new things. It&#8217;s not meant to help you figure out what&#8217;s wrong if you&#8217;re sick, nor is it for finding ways to get better from illnesses. The things we talk about here should not be eaten or used as medicine. We are just sharing information for [&hellip;]<\/p>\n","protected":false},"author":1,"featured_media":0,"parent":0,"menu_order":48,"comment_status":"closed","ping_status":"closed","template":"","meta":{"_seopress_robots_primary_cat":"","_seopress_titles_title":"Responsible Learning About Chemicals and Natural Wonders","_seopress_titles_desc":"Find high-quality, research-focused content. Exclusively for educational and informational use, not meant for any therapeutic or medicinal use.","_seopress_robots_index":"","footnotes":""},"class_list":["post-1082","page","type-page","status-publish"],"_links":{"self":[{"href":"https:\/\/senseadelic.com\/es\/wp-json\/wp\/v2\/pages\/1082","targetHints":{"allow":["GET"]}}],"collection":[{"href":"https:\/\/senseadelic.com\/es\/wp-json\/wp\/v2\/pages"}],"about":[{"href":"https:\/\/senseadelic.com\/es\/wp-json\/wp\/v2\/types\/page"}],"author":[{"embeddable":true,"href":"https:\/\/senseadelic.com\/es\/wp-json\/wp\/v2\/users\/1"}],"replies":[{"embeddable":true,"href":"https:\/\/senseadelic.com\/es\/wp-json\/wp\/v2\/comments?post=1082"}],"version-history":[{"count":0,"href":"https:\/\/senseadelic.com\/es\/wp-json\/wp\/v2\/pages\/1082\/revisions"}],"wp:attachment":[{"href":"https:\/\/senseadelic.com\/es\/wp-json\/wp\/v2\/media?parent=1082"}],"curies":[{"name":"wp","href":"https:\/\/api.w.org\/{rel}","templated":true}]}}