{"id":902,"date":"2024-01-01T20:43:44","date_gmt":"2024-01-01T20:43:44","guid":{"rendered":"https:\/\/live4.senseadelic.com\/?page_id=902"},"modified":"2024-11-20T21:08:06","modified_gmt":"2024-11-20T21:08:06","slug":"productos-en-venta","status":"publish","type":"page","link":"https:\/\/senseadelic.com\/es\/products-on-sale\/","title":{"rendered":"Productos en venta"},"content":{"rendered":"\t\t<div data-elementor-type=\"wp-page\" data-elementor-id=\"902\" class=\"elementor elementor-902\" data-elementor-post-type=\"page\">\n\t\t\t\t<div class=\"elementor-element elementor-element-a6fcb84 e-flex e-con-boxed e-con e-parent\" data-id=\"a6fcb84\" data-element_type=\"container\" data-e-type=\"container\">\n\t\t\t\t\t<div class=\"e-con-inner\">\n\t\t<div class=\"elementor-element elementor-element-6190276 e-con-full elementor-hidden-mobile e-flex e-con e-child\" data-id=\"6190276\" data-element_type=\"container\" data-e-type=\"container\" data-settings=\"{&quot;sticky&quot;:&quot;top&quot;,&quot;sticky_on&quot;:[&quot;desktop&quot;,&quot;laptop&quot;,&quot;tablet_extra&quot;,&quot;tablet&quot;,&quot;mobile&quot;],&quot;sticky_offset&quot;:0,&quot;sticky_effects_offset&quot;:0,&quot;sticky_anchor_link_offset&quot;:0}\">\n\t\t\t\t<div class=\"elementor-element elementor-element-137485a elementor-widget elementor-widget-template\" data-id=\"137485a\" data-element_type=\"widget\" data-e-type=\"widget\" data-widget_type=\"template.default\">\n\t\t\t\t<div class=\"elementor-widget-container\">\n\t\t\t\t\t\t\t<div class=\"elementor-template\">\n\t\t\t\t\t<div data-elementor-type=\"container\" data-elementor-id=\"606\" class=\"elementor elementor-606\" data-elementor-post-type=\"elementor_library\">\n\t\t\t\t<div class=\"elementor-element elementor-element-78738f10 e-con-full e-flex e-con e-child\" data-id=\"78738f10\" data-element_type=\"container\" data-e-type=\"container\">\n\t\t\t\t<div class=\"elementor-element elementor-element-2a449b79 elementor-nav-menu__align-justify elementor-nav-menu--dropdown-none sidebar-cat-menu elementor-widget elementor-widget-nav-menu\" data-id=\"2a449b79\" data-element_type=\"widget\" data-e-type=\"widget\" data-settings=\"{&quot;layout&quot;:&quot;vertical&quot;,&quot;submenu_icon&quot;:{&quot;value&quot;:&quot;&lt;i aria-hidden=\\&quot;true\\&quot; class=\\&quot;\\&quot;&gt;&lt;\\\/i&gt;&quot;,&quot;library&quot;:&quot;&quot;}}\" data-widget_type=\"nav-menu.default\">\n\t\t\t\t\t\t\t\t<nav aria-label=\"Men\u00fa\" class=\"elementor-nav-menu--main elementor-nav-menu__container elementor-nav-menu--layout-vertical e--pointer-text e--animation-none\">\n\t\t\t\t<ul id=\"menu-1-2a449b79\" class=\"elementor-nav-menu sm-vertical\"><li class=\"menu-item menu-item-type-taxonomy menu-item-object-product_cat menu-item-446\"><a href=\"https:\/\/senseadelic.com\/es\/shop\/smoking-blends\/\" class=\"elementor-item\">Smoking Blends<\/a><\/li>\n<li class=\"sec-menu-sub menu-item menu-item-type-taxonomy menu-item-object-product_cat menu-item-447\"><a href=\"https:\/\/senseadelic.com\/es\/shop\/smoking-blends\/herbal-blends\/\" title=\"Dutch Orange Herbal Blends\" class=\"elementor-item\">Herbal Blends<\/a><\/li>\n<li class=\"sec-menu-sub menu-item menu-item-type-taxonomy menu-item-object-product_cat menu-item-448\"><a href=\"https:\/\/senseadelic.com\/es\/shop\/smoking-blends\/solid-blends\/\" class=\"elementor-item\">Solid Blends<\/a><\/li>\n<li class=\"soldout menu-item menu-item-type-taxonomy menu-item-object-product_cat menu-item-6993\"><a href=\"https:\/\/senseadelic.com\/es\/shop\/cannabis\/\" class=\"elementor-item\">Cannabis<\/a><\/li>\n<li class=\"mushrooms menu-item menu-item-type-taxonomy menu-item-object-product_cat menu-item-451\"><a href=\"https:\/\/senseadelic.com\/es\/shop\/magic-mushrooms\/\" class=\"elementor-item\">Magic Mushrooms<\/a><\/li>\n<li class=\"menu-item menu-item-type-taxonomy menu-item-object-product_cat menu-item-443\"><a href=\"https:\/\/senseadelic.com\/es\/shop\/hhc-gummies\/\" class=\"elementor-item\">Gummies<\/a><\/li>\n<li class=\"menu-item menu-item-type-taxonomy menu-item-object-product_cat menu-item-449\"><a href=\"https:\/\/senseadelic.com\/es\/shop\/vapes-liquids\/\" title=\"Dutch Orange Vapes Liquids\" class=\"elementor-item\">Vapes Liquids<\/a><\/li>\n<li class=\"menu-item menu-item-type-taxonomy menu-item-object-product_cat menu-item-444\"><a href=\"https:\/\/senseadelic.com\/es\/shop\/premium-kratom-powder\/\" title=\"Premium Kratom Powder\" class=\"elementor-item\">Kratom Powder<\/a><\/li>\n<li class=\"menu-item menu-item-type-taxonomy menu-item-object-product_cat menu-item-442\"><a href=\"https:\/\/senseadelic.com\/es\/shop\/cbd-oil\/\" class=\"elementor-item\">CBD Oil<\/a><\/li>\n<li class=\"menu-item menu-item-type-taxonomy menu-item-object-product_cat menu-item-445\"><a href=\"https:\/\/senseadelic.com\/es\/shop\/psychedelics-supplies\/\" class=\"elementor-item\">Psychedelics<\/a><\/li>\n<li class=\"menu-item menu-item-type-taxonomy menu-item-object-product_cat menu-item-450\"><a href=\"https:\/\/senseadelic.com\/es\/shop\/stimulants-supplies\/\" class=\"elementor-item\">Stimulants<\/a><\/li>\n<\/ul>\t\t\t<\/nav>\n\t\t\t\t\t\t<nav class=\"elementor-nav-menu--dropdown elementor-nav-menu__container\" aria-hidden=\"true\">\n\t\t\t\t<ul id=\"menu-2-2a449b79\" class=\"elementor-nav-menu sm-vertical\"><li class=\"menu-item menu-item-type-taxonomy menu-item-object-product_cat menu-item-446\"><a href=\"https:\/\/senseadelic.com\/es\/shop\/smoking-blends\/\" class=\"elementor-item\" tabindex=\"-1\">Smoking Blends<\/a><\/li>\n<li class=\"sec-menu-sub menu-item menu-item-type-taxonomy menu-item-object-product_cat menu-item-447\"><a href=\"https:\/\/senseadelic.com\/es\/shop\/smoking-blends\/herbal-blends\/\" title=\"Dutch Orange Herbal Blends\" class=\"elementor-item\" tabindex=\"-1\">Herbal Blends<\/a><\/li>\n<li class=\"sec-menu-sub menu-item menu-item-type-taxonomy menu-item-object-product_cat menu-item-448\"><a href=\"https:\/\/senseadelic.com\/es\/shop\/smoking-blends\/solid-blends\/\" class=\"elementor-item\" tabindex=\"-1\">Solid Blends<\/a><\/li>\n<li class=\"soldout menu-item menu-item-type-taxonomy menu-item-object-product_cat menu-item-6993\"><a href=\"https:\/\/senseadelic.com\/es\/shop\/cannabis\/\" class=\"elementor-item\" tabindex=\"-1\">Cannabis<\/a><\/li>\n<li class=\"mushrooms menu-item menu-item-type-taxonomy menu-item-object-product_cat menu-item-451\"><a href=\"https:\/\/senseadelic.com\/es\/shop\/magic-mushrooms\/\" class=\"elementor-item\" tabindex=\"-1\">Magic Mushrooms<\/a><\/li>\n<li class=\"menu-item menu-item-type-taxonomy menu-item-object-product_cat menu-item-443\"><a href=\"https:\/\/senseadelic.com\/es\/shop\/hhc-gummies\/\" class=\"elementor-item\" tabindex=\"-1\">Gummies<\/a><\/li>\n<li class=\"menu-item menu-item-type-taxonomy menu-item-object-product_cat menu-item-449\"><a href=\"https:\/\/senseadelic.com\/es\/shop\/vapes-liquids\/\" title=\"Dutch Orange Vapes Liquids\" class=\"elementor-item\" tabindex=\"-1\">Vapes Liquids<\/a><\/li>\n<li class=\"menu-item menu-item-type-taxonomy menu-item-object-product_cat menu-item-444\"><a href=\"https:\/\/senseadelic.com\/es\/shop\/premium-kratom-powder\/\" title=\"Premium Kratom Powder\" class=\"elementor-item\" tabindex=\"-1\">Kratom Powder<\/a><\/li>\n<li class=\"menu-item menu-item-type-taxonomy menu-item-object-product_cat menu-item-442\"><a href=\"https:\/\/senseadelic.com\/es\/shop\/cbd-oil\/\" class=\"elementor-item\" tabindex=\"-1\">CBD Oil<\/a><\/li>\n<li class=\"menu-item menu-item-type-taxonomy menu-item-object-product_cat menu-item-445\"><a href=\"https:\/\/senseadelic.com\/es\/shop\/psychedelics-supplies\/\" class=\"elementor-item\" tabindex=\"-1\">Psychedelics<\/a><\/li>\n<li class=\"menu-item menu-item-type-taxonomy menu-item-object-product_cat menu-item-450\"><a href=\"https:\/\/senseadelic.com\/es\/shop\/stimulants-supplies\/\" class=\"elementor-item\" tabindex=\"-1\">Stimulants<\/a><\/li>\n<\/ul>\t\t\t<\/nav>\n\t\t\t\t\t\t<\/div>\n\t\t\t\t<div class=\"elementor-element elementor-element-4543f46 elementor-widget elementor-widget-spacer\" data-id=\"4543f46\" data-element_type=\"widget\" data-e-type=\"widget\" data-widget_type=\"spacer.default\">\n\t\t\t\t\t\t\t<div class=\"elementor-spacer\">\n\t\t\t<div class=\"elementor-spacer-inner\"><\/div>\n\t\t<\/div>\n\t\t\t\t\t\t<\/div>\n\t\t\t\t<div class=\"elementor-element elementor-element-3ddf8663 animated-fast e-transform jedv-enabled--yes elementor-widget__width-inherit elementor-invisible elementor-widget elementor-widget-image\" data-id=\"3ddf8663\" data-element_type=\"widget\" data-e-type=\"widget\" data-settings=\"{&quot;_animation&quot;:&quot;bounceInLeft&quot;,&quot;_animation_delay&quot;:50,&quot;_transform_flipX_effect&quot;:&quot;transform&quot;}\" data-widget_type=\"image.default\">\n\t\t\t\t\t\t\t\t\t\t\t\t\t\t\t<img decoding=\"async\" src=\"https:\/\/senseadelic.com\/wp-content\/uploads\/sense-a-delic-space-ship-1.avif\" class=\"attachment-large size-large wp-image-3021\" alt=\"sense a delic space ship\" \/>\t\t\t\t\t\t\t\t\t\t\t\t\t\t\t<\/div>\n\t\t\t\t<div class=\"elementor-element elementor-element-4e89c9b elementor-widget__width-inherit textonfire jedv-enabled--yes elementor-invisible elementor-widget elementor-widget-heading\" data-id=\"4e89c9b\" data-element_type=\"widget\" data-e-type=\"widget\" data-settings=\"{&quot;_animation&quot;:&quot;fadeIn&quot;,&quot;_animation_delay&quot;:300}\" data-widget_type=\"heading.default\">\n\t\t\t\t\t<h3 class=\"elementor-heading-title elementor-size-default\">Buy Two Get One Free!<\/h3>\t\t\t\t<\/div>\n\t\t\t\t<\/div>\n\t\t\t\t<\/div>\n\t\t\t\t<\/div>\n\t\t\t\t\t\t<\/div>\n\t\t\t\t<\/div>\n\t\t\t\t<\/div>\n\t\t<div class=\"elementor-element elementor-element-aeb177b e-con-full e-flex e-con e-child\" data-id=\"aeb177b\" data-element_type=\"container\" data-e-type=\"container\">\n\t\t\t\t<div class=\"elementor-element elementor-element-0761e17 page-title elementor-widget elementor-widget-heading\" data-id=\"0761e17\" data-element_type=\"widget\" data-e-type=\"widget\" data-widget_type=\"heading.default\">\n\t\t\t\t\t<h1 class=\"elementor-heading-title elementor-size-default\">Products on Sale and Featured Items<\/h1>\t\t\t\t<\/div>\n\t\t\t\t<div class=\"elementor-element elementor-element-f4a056b elementor-widget elementor-widget-heading\" data-id=\"f4a056b\" data-element_type=\"widget\" data-e-type=\"widget\" data-widget_type=\"heading.default\">\n\t\t\t\t\t<h2 class=\"elementor-heading-title elementor-size-default\">Discover unbeatable deals on our top-quality selection! <\/h2>\t\t\t\t<\/div>\n\t\t\t\t<div class=\"elementor-element elementor-element-4480196 elementor-widget elementor-widget-heading\" data-id=\"4480196\" data-element_type=\"widget\" data-e-type=\"widget\" data-widget_type=\"heading.default\">\n\t\t\t\t\t<span class=\"elementor-heading-title elementor-size-default\">Shop now for exclusive discounts on Smoking Blends, Solid Blends, Vape Liquids, Herbal Blends, CBD Oil, Stimulants, Vapes, Truffles, Psychedelics, Gummies, Cannabis, and Kratom. Elevate your experience with our featured products crafted for your satisfaction. Don't miss out on these limited-time offers!<\/span>\t\t\t\t<\/div>\n\t\t\t\t<div class=\"elementor-element elementor-element-0e9e32d elementor-widget-divider--view-line elementor-widget elementor-widget-divider\" data-id=\"0e9e32d\" data-element_type=\"widget\" data-e-type=\"widget\" data-widget_type=\"divider.default\">\n\t\t\t\t\t\t\t<div class=\"elementor-divider\">\n\t\t\t<span class=\"elementor-divider-separator\">\n\t\t\t\t\t\t<\/span>\n\t\t<\/div>\n\t\t\t\t\t\t<\/div>\n\t\t\t\t<div class=\"woocommerce elementor-element elementor-element-10de326 elementor-grid-1 elementor-grid-tablet-1 elementor-grid-mobile-1 elementor-widget elementor-widget-loop-grid\" data-id=\"10de326\" data-element_type=\"widget\" data-e-type=\"widget\" data-settings=\"{&quot;_skin&quot;:&quot;product&quot;,&quot;template_id&quot;:&quot;889&quot;,&quot;columns&quot;:1,&quot;row_gap&quot;:{&quot;unit&quot;:&quot;px&quot;,&quot;size&quot;:10,&quot;sizes&quot;:[]},&quot;columns_tablet&quot;:1,&quot;columns_mobile&quot;:&quot;1&quot;,&quot;edit_handle_selector&quot;:&quot;[data-elementor-type=\\&quot;loop-item\\&quot;]&quot;,&quot;row_gap_laptop&quot;:{&quot;unit&quot;:&quot;px&quot;,&quot;size&quot;:&quot;&quot;,&quot;sizes&quot;:[]},&quot;row_gap_tablet_extra&quot;:{&quot;unit&quot;:&quot;px&quot;,&quot;size&quot;:&quot;&quot;,&quot;sizes&quot;:[]},&quot;row_gap_tablet&quot;:{&quot;unit&quot;:&quot;px&quot;,&quot;size&quot;:&quot;&quot;,&quot;sizes&quot;:[]},&quot;row_gap_mobile&quot;:{&quot;unit&quot;:&quot;px&quot;,&quot;size&quot;:&quot;&quot;,&quot;sizes&quot;:[]}}\" data-widget_type=\"loop-grid.product\">\n\t\t\t\t<div class=\"elementor-widget-container\">\n\t\t\t\t\t\t\t<div class=\"e-loop-nothing-found-message\">\n\t\t\t\t\t<div class=\"e-loop-nothing-found-message__text\">\n\t\t\t\tIt seems we can\u2019t find what you\u2019re looking for.\t\t\t<\/div>\n\t\t\t<\/div>\n\t\t\t\t\t\t<\/div>\n\t\t\t\t<\/div>\n\t\t\t\t<\/div>\n\t\t\t\t\t<\/div>\n\t\t\t\t<\/div>\n\t\t\t\t<\/div>\n\t\t","protected":false},"excerpt":{"rendered":"<p>Productos en Oferta y Art\u00edculos Destacados \u00a1Descubre ofertas inmejorables en nuestra selecci\u00f3n de primera calidad! Compra ahora para obtener descuentos exclusivos en Mezclas para Fumar, Mezclas S\u00f3lidas, L\u00edquidos para Vapear, Mezclas de Hierbas, Aceite de CBD, Estimulantes, Vapes, Trufas, Psicod\u00e9licos, Gominolas, Cannabis y Kratom. Eleve su experiencia con nuestros productos destacados elaborados para su satisfacci\u00f3n. No te pierdas estas ofertas por tiempo limitado.<\/p>","protected":false},"author":1,"featured_media":0,"parent":0,"menu_order":8,"comment_status":"closed","ping_status":"closed","template":"","meta":{"_seopress_robots_primary_cat":"","_seopress_titles_title":"Exclusive Deals on Psychedelics, Magic Mushrooms - Shop Now","_seopress_titles_desc":"Shop now for exclusive discounts on Smoking Blends, Solid Blends, Vape\r\nLiquids, Dutch Orange Herbal Blends, Stimulants, Vapes, Truffles and\r\nPsychedelics.","_seopress_robots_index":"","footnotes":""},"class_list":["post-902","page","type-page","status-publish"],"_links":{"self":[{"href":"https:\/\/senseadelic.com\/es\/wp-json\/wp\/v2\/pages\/902","targetHints":{"allow":["GET"]}}],"collection":[{"href":"https:\/\/senseadelic.com\/es\/wp-json\/wp\/v2\/pages"}],"about":[{"href":"https:\/\/senseadelic.com\/es\/wp-json\/wp\/v2\/types\/page"}],"author":[{"embeddable":true,"href":"https:\/\/senseadelic.com\/es\/wp-json\/wp\/v2\/users\/1"}],"replies":[{"embeddable":true,"href":"https:\/\/senseadelic.com\/es\/wp-json\/wp\/v2\/comments?post=902"}],"version-history":[{"count":0,"href":"https:\/\/senseadelic.com\/es\/wp-json\/wp\/v2\/pages\/902\/revisions"}],"wp:attachment":[{"href":"https:\/\/senseadelic.com\/es\/wp-json\/wp\/v2\/media?parent=902"}],"curies":[{"name":"wp","href":"https:\/\/api.w.org\/{rel}","templated":true}]}}