{"id":120,"date":"2023-12-27T00:49:05","date_gmt":"2023-12-27T00:49:05","guid":{"rendered":"https:\/\/live3.senseadelic.com\/?post_type=product&#038;p=120"},"modified":"2025-12-15T19:22:42","modified_gmt":"2025-12-15T19:22:42","slug":"dutch-orange-bulls-eye-vapes","status":"publish","type":"product","link":"https:\/\/senseadelic.com\/es\/shop\/vapes-liquids\/dutch-orange-bulls-eye-vapes\/","title":{"rendered":"Dutch Orange Bulls Eye Vapes"},"content":{"rendered":"","protected":false},"excerpt":{"rendered":"<p>Experimenta el siguiente nivel de mezclas l\u00edquidas intensas con Dutch Orange Bulls Eye Vapes. Sum\u00e9rgete en la aventura de vapear definitiva, con una mezcla \u00fanica de los famosos efectos cannabinoides de Dutch Orange y los ricos sabores de los terpenos terap\u00e9uticos del cannabis. Prep\u00e1rate para un extraordinario viaje de sabor que asombrar\u00e1 tus sentidos y elevar\u00e1 tu mente.<\/p>","protected":false},"featured_media":150,"comment_status":"open","ping_status":"closed","template":"","meta":{"_seopress_robots_primary_cat":"none","_seopress_titles_title":"Buy Dutch Orange Bulls Eye Vapes Liquids at Sense a Delic","_seopress_titles_desc":"Experience premium vaping with Dutch Orange Bulls Eye Vapes Liquids. Unique flavours, high quality, unbeatable prices. Elevate your vaping senses today!","_seopress_robots_index":""},"product_brand":[],"product_cat":[20],"product_tag":[],"class_list":{"0":"post-120","1":"product","2":"type-product","3":"status-publish","4":"has-post-thumbnail","6":"product_cat-vapes-liquids","8":"first","9":"outofstock","10":"taxable","11":"shipping-taxable","12":"purchasable","13":"product-type-variable","14":"has-default-attributes"},"_links":{"self":[{"href":"https:\/\/senseadelic.com\/es\/wp-json\/wp\/v2\/product\/120","targetHints":{"allow":["GET"]}}],"collection":[{"href":"https:\/\/senseadelic.com\/es\/wp-json\/wp\/v2\/product"}],"about":[{"href":"https:\/\/senseadelic.com\/es\/wp-json\/wp\/v2\/types\/product"}],"replies":[{"embeddable":true,"href":"https:\/\/senseadelic.com\/es\/wp-json\/wp\/v2\/comments?post=120"}],"version-history":[{"count":0,"href":"https:\/\/senseadelic.com\/es\/wp-json\/wp\/v2\/product\/120\/revisions"}],"wp:featuredmedia":[{"embeddable":true,"href":"https:\/\/senseadelic.com\/es\/wp-json\/wp\/v2\/media\/150"}],"wp:attachment":[{"href":"https:\/\/senseadelic.com\/es\/wp-json\/wp\/v2\/media?parent=120"}],"wp:term":[{"taxonomy":"product_brand","embeddable":true,"href":"https:\/\/senseadelic.com\/es\/wp-json\/wp\/v2\/product_brand?post=120"},{"taxonomy":"product_cat","embeddable":true,"href":"https:\/\/senseadelic.com\/es\/wp-json\/wp\/v2\/product_cat?post=120"},{"taxonomy":"product_tag","embeddable":true,"href":"https:\/\/senseadelic.com\/es\/wp-json\/wp\/v2\/product_tag?post=120"}],"curies":[{"name":"wp","href":"https:\/\/api.w.org\/{rel}","templated":true}]}}