{"id":122,"date":"2023-12-27T00:49:05","date_gmt":"2023-12-27T00:49:05","guid":{"rendered":"https:\/\/live3.senseadelic.com\/?post_type=product&#038;p=122"},"modified":"2025-12-15T19:22:42","modified_gmt":"2025-12-15T19:22:42","slug":"dutch-orange-strawberry-cough-vapes","status":"publish","type":"product","link":"https:\/\/senseadelic.com\/es\/shop\/vapes-liquids\/dutch-orange-strawberry-cough-vapes\/","title":{"rendered":"Dutch Orange Strawberry Cough Vapes"},"content":{"rendered":"","protected":false},"excerpt":{"rendered":"<p>Dutch Orange Vapes presenta Dutch Orange Strawberry Cough Vapes, una nueva l\u00ednea de potentes mezclas l\u00edquidas que combinan los efectos distintivos de los cannabinoides de Dutch Orange con los deliciosos sabores de los terpenos terap\u00e9uticos del cannabis. Entre ellos se encuentra el perfil de terpenos Strawberry Cough, conocido por su dulce aroma a fresa, toques de bayas y matices terrosos. Este perfil ofrece una experiencia de sabor envolvente y proporciona efectos edificantes y euf\u00f3ricos, por lo que es una opci\u00f3n ideal para aliviar el estr\u00e9s.<\/p>","protected":false},"featured_media":152,"comment_status":"open","ping_status":"closed","template":"","meta":{"_seopress_robots_primary_cat":"none","_seopress_titles_title":"Buy Dutch Orange Strawberry Cough Vapes Liquids Online Now!","_seopress_titles_desc":"Experience the unique flavour of Strawberry Cough Vapes Liquids Premium, high-quality vaping liquids. Available now at Smart Shop Sense a Delic !","_seopress_robots_index":""},"product_brand":[],"product_cat":[20],"product_tag":[],"class_list":{"0":"post-122","1":"product","2":"type-product","3":"status-publish","4":"has-post-thumbnail","6":"product_cat-vapes-liquids","8":"first","9":"outofstock","10":"taxable","11":"shipping-taxable","12":"purchasable","13":"product-type-variable","14":"has-default-attributes"},"_links":{"self":[{"href":"https:\/\/senseadelic.com\/es\/wp-json\/wp\/v2\/product\/122","targetHints":{"allow":["GET"]}}],"collection":[{"href":"https:\/\/senseadelic.com\/es\/wp-json\/wp\/v2\/product"}],"about":[{"href":"https:\/\/senseadelic.com\/es\/wp-json\/wp\/v2\/types\/product"}],"replies":[{"embeddable":true,"href":"https:\/\/senseadelic.com\/es\/wp-json\/wp\/v2\/comments?post=122"}],"version-history":[{"count":0,"href":"https:\/\/senseadelic.com\/es\/wp-json\/wp\/v2\/product\/122\/revisions"}],"wp:featuredmedia":[{"embeddable":true,"href":"https:\/\/senseadelic.com\/es\/wp-json\/wp\/v2\/media\/152"}],"wp:attachment":[{"href":"https:\/\/senseadelic.com\/es\/wp-json\/wp\/v2\/media?parent=122"}],"wp:term":[{"taxonomy":"product_brand","embeddable":true,"href":"https:\/\/senseadelic.com\/es\/wp-json\/wp\/v2\/product_brand?post=122"},{"taxonomy":"product_cat","embeddable":true,"href":"https:\/\/senseadelic.com\/es\/wp-json\/wp\/v2\/product_cat?post=122"},{"taxonomy":"product_tag","embeddable":true,"href":"https:\/\/senseadelic.com\/es\/wp-json\/wp\/v2\/product_tag?post=122"}],"curies":[{"name":"wp","href":"https:\/\/api.w.org\/{rel}","templated":true}]}}