{"id":183,"date":"2023-12-27T00:49:19","date_gmt":"2023-12-27T00:49:19","guid":{"rendered":"https:\/\/live3.senseadelic.com\/?post_type=product&#038;p=183"},"modified":"2024-09-26T12:20:29","modified_gmt":"2024-09-26T12:20:29","slug":"golden-teacher-psilocybe-setas-magicas","status":"publish","type":"product","link":"https:\/\/senseadelic.com\/es\/shop\/magic-mushrooms\/golden-teacher-psilocybe-magic-mushrooms\/","title":{"rendered":"Setas m\u00e1gicas Golden Teacher Psilocybe"},"content":{"rendered":"","protected":false},"excerpt":{"rendered":"<p>\u00a1La Seta M\u00e1gica Golden Teacher se ha convertido en una excelente Trufa M\u00e1gica! Este tipo de seta psilocybe cubensis tan apreciada produce efectos asombrosos que potencian tu creatividad y despiertan tu lado art\u00edstico. Con Golden Teacher, puedes sentir como tus sentidos se agudizan y sientes un profundo v\u00ednculo con los sonidos y la naturaleza. Te lleva a una aventura inspiradora llena de alegr\u00eda y fuertes sentimientos que puedes ver, o\u00edr y tocar. Esta trufa m\u00e1gica es excelente para artistas, m\u00fasicos y pintores.<\/p>","protected":false},"featured_media":5023,"comment_status":"closed","ping_status":"closed","template":"","meta":{"_seopress_robots_primary_cat":"none","_seopress_titles_title":"Buy High-Quality Golden Teacher Magic Mushrooms Online","_seopress_titles_desc":"Experience a profound journey & spiritual enlightenment with our Golden Teacher Psilocybe Magic Mushrooms. Award-winning quality, delivered to your door.","_seopress_robots_index":""},"product_brand":[],"product_cat":[34],"product_tag":[],"class_list":{"0":"post-183","1":"product","2":"type-product","3":"status-publish","4":"has-post-thumbnail","6":"product_cat-magic-mushrooms","8":"first","9":"outofstock","10":"sale","11":"taxable","12":"shipping-taxable","13":"purchasable","14":"product-type-variable","15":"has-default-attributes"},"_links":{"self":[{"href":"https:\/\/senseadelic.com\/es\/wp-json\/wp\/v2\/product\/183","targetHints":{"allow":["GET"]}}],"collection":[{"href":"https:\/\/senseadelic.com\/es\/wp-json\/wp\/v2\/product"}],"about":[{"href":"https:\/\/senseadelic.com\/es\/wp-json\/wp\/v2\/types\/product"}],"replies":[{"embeddable":true,"href":"https:\/\/senseadelic.com\/es\/wp-json\/wp\/v2\/comments?post=183"}],"version-history":[{"count":0,"href":"https:\/\/senseadelic.com\/es\/wp-json\/wp\/v2\/product\/183\/revisions"}],"wp:featuredmedia":[{"embeddable":true,"href":"https:\/\/senseadelic.com\/es\/wp-json\/wp\/v2\/media\/5023"}],"wp:attachment":[{"href":"https:\/\/senseadelic.com\/es\/wp-json\/wp\/v2\/media?parent=183"}],"wp:term":[{"taxonomy":"product_brand","embeddable":true,"href":"https:\/\/senseadelic.com\/es\/wp-json\/wp\/v2\/product_brand?post=183"},{"taxonomy":"product_cat","embeddable":true,"href":"https:\/\/senseadelic.com\/es\/wp-json\/wp\/v2\/product_cat?post=183"},{"taxonomy":"product_tag","embeddable":true,"href":"https:\/\/senseadelic.com\/es\/wp-json\/wp\/v2\/product_tag?post=183"}],"curies":[{"name":"wp","href":"https:\/\/api.w.org\/{rel}","templated":true}]}}