{"id":187,"date":"2023-12-27T00:49:19","date_gmt":"2023-12-27T00:49:19","guid":{"rendered":"https:\/\/live3.senseadelic.com\/?post_type=product&#038;p=187"},"modified":"2026-03-31T16:31:25","modified_gmt":"2026-03-31T16:31:25","slug":"naranja-holandes-extremo","status":"publish","type":"product","link":"https:\/\/senseadelic.com\/es\/shop\/smoking-blends\/herbal-blends\/dutch-orange-extreme\/","title":{"rendered":"Naranja holandesa Extreme"},"content":{"rendered":"","protected":false},"excerpt":{"rendered":"<p>Dutch Orange Extreme Herbal Blend, introducida en 2009, ofrece una mezcla cl\u00e1sica conocida por su agradable subid\u00f3n corporal, estimulaci\u00f3n psicoactiva y potenciaci\u00f3n de los sentidos.<\/p>","protected":false},"featured_media":221,"comment_status":"closed","ping_status":"closed","template":"","meta":{"_seopress_robots_primary_cat":"none","_seopress_titles_title":"Experience the Unique Dutch Orange Extreme Herbal Blends","_seopress_titles_desc":"Experience an unrivalled puff with Dutch Orange Extreme! Our premium quality herbal blends offer a smooth, aromatic smoking experience. Shop now!","_seopress_robots_index":""},"product_brand":[],"product_cat":[29],"product_tag":[],"class_list":{"0":"post-187","1":"product","2":"type-product","3":"status-publish","4":"has-post-thumbnail","6":"product_cat-herbal-blends","8":"first","9":"instock","10":"taxable","11":"shipping-taxable","12":"purchasable","13":"product-type-variable","14":"has-default-attributes"},"_links":{"self":[{"href":"https:\/\/senseadelic.com\/es\/wp-json\/wp\/v2\/product\/187","targetHints":{"allow":["GET"]}}],"collection":[{"href":"https:\/\/senseadelic.com\/es\/wp-json\/wp\/v2\/product"}],"about":[{"href":"https:\/\/senseadelic.com\/es\/wp-json\/wp\/v2\/types\/product"}],"replies":[{"embeddable":true,"href":"https:\/\/senseadelic.com\/es\/wp-json\/wp\/v2\/comments?post=187"}],"version-history":[{"count":0,"href":"https:\/\/senseadelic.com\/es\/wp-json\/wp\/v2\/product\/187\/revisions"}],"wp:featuredmedia":[{"embeddable":true,"href":"https:\/\/senseadelic.com\/es\/wp-json\/wp\/v2\/media\/221"}],"wp:attachment":[{"href":"https:\/\/senseadelic.com\/es\/wp-json\/wp\/v2\/media?parent=187"}],"wp:term":[{"taxonomy":"product_brand","embeddable":true,"href":"https:\/\/senseadelic.com\/es\/wp-json\/wp\/v2\/product_brand?post=187"},{"taxonomy":"product_cat","embeddable":true,"href":"https:\/\/senseadelic.com\/es\/wp-json\/wp\/v2\/product_cat?post=187"},{"taxonomy":"product_tag","embeddable":true,"href":"https:\/\/senseadelic.com\/es\/wp-json\/wp\/v2\/product_tag?post=187"}],"curies":[{"name":"wp","href":"https:\/\/api.w.org\/{rel}","templated":true}]}}