{"id":192,"date":"2023-12-27T00:49:20","date_gmt":"2023-12-27T00:49:20","guid":{"rendered":"https:\/\/live3.senseadelic.com\/?post_type=product&#038;p=192"},"modified":"2024-09-26T12:20:24","modified_gmt":"2024-09-26T12:20:24","slug":"salto","status":"publish","type":"product","link":"https:\/\/senseadelic.com\/es\/shop\/psychedelics-supplies\/leap\/","title":{"rendered":"Salto"},"content":{"rendered":"","protected":false},"excerpt":{"rendered":"<p>LEAP ofrece una experiencia inmersiva marcada por sensaciones de ingravidez y percepci\u00f3n alterada de la vista y el o\u00eddo, que insin\u00faa un viaje transformador. Lo presenta Leap Psychedelics de Sense a Delic, prometiendo expansi\u00f3n personal y conciencia expandida. \u00a1Emprendamos hoy mismo una aventura novedosa!<\/p>","protected":false},"featured_media":227,"comment_status":"open","ping_status":"closed","template":"","meta":{"_seopress_robots_primary_cat":"none","_seopress_titles_title":"Leap Psychedelics Experience a Transform of Mind and Vision","_seopress_titles_desc":"Experience personal transformation with Leap Psychedelics from Sense a Delic. Enhance your mind, expand your consciousness. Step into a new world today!","_seopress_robots_index":""},"product_brand":[],"product_cat":[35],"product_tag":[93],"class_list":{"0":"post-192","1":"product","2":"type-product","3":"status-publish","4":"has-post-thumbnail","6":"product_cat-psychedelics-supplies","7":"product_tag-2-fdck","9":"first","10":"outofstock","11":"taxable","12":"shipping-taxable","13":"purchasable","14":"product-type-variable","15":"has-default-attributes"},"_links":{"self":[{"href":"https:\/\/senseadelic.com\/es\/wp-json\/wp\/v2\/product\/192","targetHints":{"allow":["GET"]}}],"collection":[{"href":"https:\/\/senseadelic.com\/es\/wp-json\/wp\/v2\/product"}],"about":[{"href":"https:\/\/senseadelic.com\/es\/wp-json\/wp\/v2\/types\/product"}],"replies":[{"embeddable":true,"href":"https:\/\/senseadelic.com\/es\/wp-json\/wp\/v2\/comments?post=192"}],"version-history":[{"count":0,"href":"https:\/\/senseadelic.com\/es\/wp-json\/wp\/v2\/product\/192\/revisions"}],"wp:featuredmedia":[{"embeddable":true,"href":"https:\/\/senseadelic.com\/es\/wp-json\/wp\/v2\/media\/227"}],"wp:attachment":[{"href":"https:\/\/senseadelic.com\/es\/wp-json\/wp\/v2\/media?parent=192"}],"wp:term":[{"taxonomy":"product_brand","embeddable":true,"href":"https:\/\/senseadelic.com\/es\/wp-json\/wp\/v2\/product_brand?post=192"},{"taxonomy":"product_cat","embeddable":true,"href":"https:\/\/senseadelic.com\/es\/wp-json\/wp\/v2\/product_cat?post=192"},{"taxonomy":"product_tag","embeddable":true,"href":"https:\/\/senseadelic.com\/es\/wp-json\/wp\/v2\/product_tag?post=192"}],"curies":[{"name":"wp","href":"https:\/\/api.w.org\/{rel}","templated":true}]}}