{"id":210,"date":"2023-12-27T00:49:21","date_gmt":"2023-12-27T00:49:21","guid":{"rendered":"https:\/\/live3.senseadelic.com\/?post_type=product&#038;p=210"},"modified":"2026-02-13T19:43:04","modified_gmt":"2026-02-13T19:43:04","slug":"cbd-confort","status":"publish","type":"product","link":"https:\/\/senseadelic.com\/es\/shop\/cbd-oil\/cbd-comfort\/","title":{"rendered":"CBD Confort"},"content":{"rendered":"","protected":false},"excerpt":{"rendered":"<p>Redescubre c\u00f3mo te recuperas. Con el Aceite de CBD COMFORT de Spirit of Nature, podr\u00e1s recuperarte de los dolores y molestias que pueden afectar a tu bienestar cada d\u00eda. Con altos niveles de CBD y potenciado con Honokiol y terpenos que pueden ayudar a aliviar el dolor y reducir la inflamaci\u00f3n, el Aceite de CBD COMFORT es una forma totalmente natural y segura de hacer frente a las molestias del dolor.<\/p>\n<ul>\n<li>Alivio natural del dolor<\/li>\n<li>Cada botella de 10ml contiene 2000mg de CBD<\/li>\n<li>Contiene una amplia gama de cannabinoides y terpenos<\/li>\n<li>Extracci\u00f3n de CO2 supercr\u00edtico<\/li>\n<li>Contenido de THC inferior a 0,2%<\/li>\n<\/ul>","protected":false},"featured_media":283,"comment_status":"open","ping_status":"closed","template":"","meta":{"_seopress_robots_primary_cat":"none","_seopress_titles_title":"","_seopress_titles_desc":"","_seopress_robots_index":""},"product_brand":[],"product_cat":[19],"product_tag":[],"class_list":{"0":"post-210","1":"product","2":"type-product","3":"status-publish","4":"has-post-thumbnail","6":"product_cat-cbd-oil","8":"first","9":"outofstock","10":"taxable","11":"shipping-taxable","12":"purchasable","13":"product-type-variable","14":"has-default-attributes"},"_links":{"self":[{"href":"https:\/\/senseadelic.com\/es\/wp-json\/wp\/v2\/product\/210","targetHints":{"allow":["GET"]}}],"collection":[{"href":"https:\/\/senseadelic.com\/es\/wp-json\/wp\/v2\/product"}],"about":[{"href":"https:\/\/senseadelic.com\/es\/wp-json\/wp\/v2\/types\/product"}],"replies":[{"embeddable":true,"href":"https:\/\/senseadelic.com\/es\/wp-json\/wp\/v2\/comments?post=210"}],"version-history":[{"count":0,"href":"https:\/\/senseadelic.com\/es\/wp-json\/wp\/v2\/product\/210\/revisions"}],"wp:featuredmedia":[{"embeddable":true,"href":"https:\/\/senseadelic.com\/es\/wp-json\/wp\/v2\/media\/283"}],"wp:attachment":[{"href":"https:\/\/senseadelic.com\/es\/wp-json\/wp\/v2\/media?parent=210"}],"wp:term":[{"taxonomy":"product_brand","embeddable":true,"href":"https:\/\/senseadelic.com\/es\/wp-json\/wp\/v2\/product_brand?post=210"},{"taxonomy":"product_cat","embeddable":true,"href":"https:\/\/senseadelic.com\/es\/wp-json\/wp\/v2\/product_cat?post=210"},{"taxonomy":"product_tag","embeddable":true,"href":"https:\/\/senseadelic.com\/es\/wp-json\/wp\/v2\/product_tag?post=210"}],"curies":[{"name":"wp","href":"https:\/\/api.w.org\/{rel}","templated":true}]}}