{"id":258,"date":"2023-12-27T00:49:34","date_gmt":"2023-12-27T00:49:34","guid":{"rendered":"https:\/\/live3.senseadelic.com\/?post_type=product&#038;p=258"},"modified":"2024-09-26T12:20:23","modified_gmt":"2024-09-26T12:20:23","slug":"lilly","status":"publish","type":"product","link":"https:\/\/senseadelic.com\/es\/shop\/stimulants-supplies\/lilly\/","title":{"rendered":"Lilly"},"content":{"rendered":"","protected":false},"excerpt":{"rendered":"<p>El producto LiLLY te proporcionar\u00e1 una incre\u00edble sensaci\u00f3n de energ\u00eda, permiti\u00e9ndote bailar toda la noche en un estado euf\u00f3rico con tus amigos.<\/p>","protected":false},"featured_media":290,"comment_status":"closed","ping_status":"closed","template":"","meta":{"_seopress_robots_primary_cat":"none","_seopress_titles_title":"Buy Lilly Premium Quality Stimulants Online at Sense a Delic","_seopress_titles_desc":"Explore Sense a Delic shop to buy top-quality Lilly stimulants online. Enjoy fast shipping in the UK. Visit now for great deals!","_seopress_robots_index":""},"product_brand":[],"product_cat":[21],"product_tag":[80,84],"class_list":{"0":"post-258","1":"product","2":"type-product","3":"status-publish","4":"has-post-thumbnail","6":"product_cat-stimulants-supplies","7":"product_tag-3-fea","8":"product_tag-5-mapb","10":"first","11":"outofstock","12":"taxable","13":"shipping-taxable","14":"purchasable","15":"product-type-variable","16":"has-default-attributes"},"_links":{"self":[{"href":"https:\/\/senseadelic.com\/es\/wp-json\/wp\/v2\/product\/258","targetHints":{"allow":["GET"]}}],"collection":[{"href":"https:\/\/senseadelic.com\/es\/wp-json\/wp\/v2\/product"}],"about":[{"href":"https:\/\/senseadelic.com\/es\/wp-json\/wp\/v2\/types\/product"}],"replies":[{"embeddable":true,"href":"https:\/\/senseadelic.com\/es\/wp-json\/wp\/v2\/comments?post=258"}],"version-history":[{"count":0,"href":"https:\/\/senseadelic.com\/es\/wp-json\/wp\/v2\/product\/258\/revisions"}],"wp:featuredmedia":[{"embeddable":true,"href":"https:\/\/senseadelic.com\/es\/wp-json\/wp\/v2\/media\/290"}],"wp:attachment":[{"href":"https:\/\/senseadelic.com\/es\/wp-json\/wp\/v2\/media?parent=258"}],"wp:term":[{"taxonomy":"product_brand","embeddable":true,"href":"https:\/\/senseadelic.com\/es\/wp-json\/wp\/v2\/product_brand?post=258"},{"taxonomy":"product_cat","embeddable":true,"href":"https:\/\/senseadelic.com\/es\/wp-json\/wp\/v2\/product_cat?post=258"},{"taxonomy":"product_tag","embeddable":true,"href":"https:\/\/senseadelic.com\/es\/wp-json\/wp\/v2\/product_tag?post=258"}],"curies":[{"name":"wp","href":"https:\/\/api.w.org\/{rel}","templated":true}]}}