{"id":268,"date":"2023-12-27T00:49:35","date_gmt":"2023-12-27T00:49:35","guid":{"rendered":"https:\/\/live3.senseadelic.com\/?post_type=product&#038;p=268"},"modified":"2024-09-26T12:20:23","modified_gmt":"2024-09-26T12:20:23","slug":"climax","status":"publish","type":"product","link":"https:\/\/senseadelic.com\/es\/shop\/stimulants-supplies\/climax\/","title":{"rendered":"Climax"},"content":{"rendered":"","protected":false},"excerpt":{"rendered":"<p>Este energizante radiante promete aumentar su estado de \u00e1nimo y su deseo por las cosas que ama en la vida. Garantiza una experiencia incre\u00edble, llena de sensaciones placenteras que podr\u00e1s compartir con tus seres queridos.<\/p>","protected":false},"featured_media":300,"comment_status":"closed","ping_status":"closed","template":"","meta":{"_seopress_robots_primary_cat":"none","_seopress_titles_title":"Elevate Your Mood with Climax Stimulants from Sense a Delic","_seopress_titles_desc":"Boost your energy with high-quality Climax Stimulants from Sense a Delic. Safe, effective, and delivered quickly to your door. Shop now!","_seopress_robots_index":""},"product_brand":[],"product_cat":[21],"product_tag":[84],"class_list":{"0":"post-268","1":"product","2":"type-product","3":"status-publish","4":"has-post-thumbnail","6":"product_cat-stimulants-supplies","7":"product_tag-5-mapb","9":"first","10":"outofstock","11":"taxable","12":"shipping-taxable","13":"purchasable","14":"product-type-variable","15":"has-default-attributes"},"_links":{"self":[{"href":"https:\/\/senseadelic.com\/es\/wp-json\/wp\/v2\/product\/268","targetHints":{"allow":["GET"]}}],"collection":[{"href":"https:\/\/senseadelic.com\/es\/wp-json\/wp\/v2\/product"}],"about":[{"href":"https:\/\/senseadelic.com\/es\/wp-json\/wp\/v2\/types\/product"}],"replies":[{"embeddable":true,"href":"https:\/\/senseadelic.com\/es\/wp-json\/wp\/v2\/comments?post=268"}],"version-history":[{"count":0,"href":"https:\/\/senseadelic.com\/es\/wp-json\/wp\/v2\/product\/268\/revisions"}],"wp:featuredmedia":[{"embeddable":true,"href":"https:\/\/senseadelic.com\/es\/wp-json\/wp\/v2\/media\/300"}],"wp:attachment":[{"href":"https:\/\/senseadelic.com\/es\/wp-json\/wp\/v2\/media?parent=268"}],"wp:term":[{"taxonomy":"product_brand","embeddable":true,"href":"https:\/\/senseadelic.com\/es\/wp-json\/wp\/v2\/product_brand?post=268"},{"taxonomy":"product_cat","embeddable":true,"href":"https:\/\/senseadelic.com\/es\/wp-json\/wp\/v2\/product_cat?post=268"},{"taxonomy":"product_tag","embeddable":true,"href":"https:\/\/senseadelic.com\/es\/wp-json\/wp\/v2\/product_tag?post=268"}],"curies":[{"name":"wp","href":"https:\/\/api.w.org\/{rel}","templated":true}]}}