{"id":275,"date":"2023-12-27T00:49:35","date_gmt":"2023-12-27T00:49:35","guid":{"rendered":"https:\/\/live3.senseadelic.com\/?post_type=product&#038;p=275"},"modified":"2026-02-13T19:41:53","modified_gmt":"2026-02-13T19:41:53","slug":"aceite-de-cbd-30","status":"publish","type":"product","link":"https:\/\/senseadelic.com\/es\/shop\/cbd-oil\/cbd-oil-30\/","title":{"rendered":"Aceite de CBD 30%"},"content":{"rendered":"","protected":false},"excerpt":{"rendered":"<p>Spirit of Nature ofrece una soluci\u00f3n natural 100% para dolencias comunes como la ansiedad, el estr\u00e9s y el dolor con su producto de aceite de CBD m\u00e1s potente. El aceite de CBD 30% es altamente concentrado, con 300 miligramos de CBD por ml, y est\u00e1 dise\u00f1ado para aquellos que necesitan un alivio potente. Este producto contiene un amplio espectro de cannabinoides y terpenos para una m\u00e1xima eficacia, extra\u00eddos mediante CO2 supercr\u00edtico para garantizar su pureza. Cada botella de 10 ml contiene 3000 mg de CBD y CBDA, con un contenido de THC inferior a 0,2%, lo que la convierte en una opci\u00f3n potente y eficaz para el alivio instant\u00e1neo.<\/p>","protected":false},"featured_media":307,"comment_status":"open","ping_status":"closed","template":"","meta":{"_seopress_robots_primary_cat":"none","_seopress_titles_title":"Experience the Calming Benefits of our 30% CBD Oil","_seopress_titles_desc":"Explore our premium CBD Oil 30% at Sense a Delic. Quality-tested and suitable for a variety of applications. Enhance your well-being today!","_seopress_robots_index":""},"product_brand":[],"product_cat":[19],"product_tag":[],"class_list":{"0":"post-275","1":"product","2":"type-product","3":"status-publish","4":"has-post-thumbnail","6":"product_cat-cbd-oil","8":"first","9":"outofstock","10":"taxable","11":"shipping-taxable","12":"purchasable","13":"product-type-variable","14":"has-default-attributes"},"_links":{"self":[{"href":"https:\/\/senseadelic.com\/es\/wp-json\/wp\/v2\/product\/275","targetHints":{"allow":["GET"]}}],"collection":[{"href":"https:\/\/senseadelic.com\/es\/wp-json\/wp\/v2\/product"}],"about":[{"href":"https:\/\/senseadelic.com\/es\/wp-json\/wp\/v2\/types\/product"}],"replies":[{"embeddable":true,"href":"https:\/\/senseadelic.com\/es\/wp-json\/wp\/v2\/comments?post=275"}],"version-history":[{"count":0,"href":"https:\/\/senseadelic.com\/es\/wp-json\/wp\/v2\/product\/275\/revisions"}],"wp:featuredmedia":[{"embeddable":true,"href":"https:\/\/senseadelic.com\/es\/wp-json\/wp\/v2\/media\/307"}],"wp:attachment":[{"href":"https:\/\/senseadelic.com\/es\/wp-json\/wp\/v2\/media?parent=275"}],"wp:term":[{"taxonomy":"product_brand","embeddable":true,"href":"https:\/\/senseadelic.com\/es\/wp-json\/wp\/v2\/product_brand?post=275"},{"taxonomy":"product_cat","embeddable":true,"href":"https:\/\/senseadelic.com\/es\/wp-json\/wp\/v2\/product_cat?post=275"},{"taxonomy":"product_tag","embeddable":true,"href":"https:\/\/senseadelic.com\/es\/wp-json\/wp\/v2\/product_tag?post=275"}],"curies":[{"name":"wp","href":"https:\/\/api.w.org\/{rel}","templated":true}]}}