{"id":391,"date":"2023-12-27T00:50:00","date_gmt":"2023-12-27T00:50:00","guid":{"rendered":"https:\/\/live3.senseadelic.com\/?post_type=product&#038;p=391"},"modified":"2025-09-12T18:56:54","modified_gmt":"2025-09-12T18:56:54","slug":"kratom-premium-polvo-1-5-mitragyna","status":"publish","type":"product","link":"https:\/\/senseadelic.com\/es\/shop\/premium-kratom-powder\/kratom-premium-powder-1-5-mitragyna\/","title":{"rendered":"Kratom Premium Polvo 1.5% Mitragyna"},"content":{"rendered":"","protected":false},"excerpt":{"rendered":"<p>El Kratom, conocido cient\u00edficamente como Mitragyna speciosa, es un apreciado elemento natural del sudeste asi\u00e1tico, celebrado por sus beneficios medicinales desde hace muchos a\u00f1os. Nuestro \u00e9nfasis en el polvo de Kratom de primera calidad, especialmente con un contenido de Mitragynine que oscila entre 1-5%, subraya un compromiso con la pureza y potencia sin igual. Experimente los beneficios del Kratom en polvo de primera calidad que le cambiar\u00e1n la vida y adopte una v\u00eda natural para mejorar su salud y su energ\u00eda.<\/p>","protected":false},"featured_media":408,"comment_status":"closed","ping_status":"closed","template":"","meta":{"_seopress_robots_primary_cat":"none","_seopress_titles_title":"Buy Premium Kratom Powder 1.5% Mitragyna at Sense a Delic","_seopress_titles_desc":"Upgrade your Kratom experience with our Kratom Premium Powder 1.5% Mitragyna. Lab-tested potency of 1.5% for relief from minor ailments. Quality assured.","_seopress_robots_index":""},"product_brand":[],"product_cat":[46],"product_tag":[],"class_list":{"0":"post-391","1":"product","2":"type-product","3":"status-publish","4":"has-post-thumbnail","6":"product_cat-premium-kratom-powder","8":"first","9":"outofstock","10":"taxable","11":"shipping-taxable","12":"purchasable","13":"product-type-variable","14":"has-default-attributes"},"_links":{"self":[{"href":"https:\/\/senseadelic.com\/es\/wp-json\/wp\/v2\/product\/391","targetHints":{"allow":["GET"]}}],"collection":[{"href":"https:\/\/senseadelic.com\/es\/wp-json\/wp\/v2\/product"}],"about":[{"href":"https:\/\/senseadelic.com\/es\/wp-json\/wp\/v2\/types\/product"}],"replies":[{"embeddable":true,"href":"https:\/\/senseadelic.com\/es\/wp-json\/wp\/v2\/comments?post=391"}],"version-history":[{"count":0,"href":"https:\/\/senseadelic.com\/es\/wp-json\/wp\/v2\/product\/391\/revisions"}],"wp:featuredmedia":[{"embeddable":true,"href":"https:\/\/senseadelic.com\/es\/wp-json\/wp\/v2\/media\/408"}],"wp:attachment":[{"href":"https:\/\/senseadelic.com\/es\/wp-json\/wp\/v2\/media?parent=391"}],"wp:term":[{"taxonomy":"product_brand","embeddable":true,"href":"https:\/\/senseadelic.com\/es\/wp-json\/wp\/v2\/product_brand?post=391"},{"taxonomy":"product_cat","embeddable":true,"href":"https:\/\/senseadelic.com\/es\/wp-json\/wp\/v2\/product_cat?post=391"},{"taxonomy":"product_tag","embeddable":true,"href":"https:\/\/senseadelic.com\/es\/wp-json\/wp\/v2\/product_tag?post=391"}],"curies":[{"name":"wp","href":"https:\/\/api.w.org\/{rel}","templated":true}]}}