{"id":47,"date":"2023-12-27T00:48:42","date_gmt":"2023-12-27T00:48:42","guid":{"rendered":"https:\/\/live3.senseadelic.com\/?post_type=product&#038;p=47"},"modified":"2024-09-26T12:20:29","modified_gmt":"2024-09-26T12:20:29","slug":"oro-afgano","status":"publish","type":"product","link":"https:\/\/senseadelic.com\/es\/shop\/smoking-blends\/solid-blends\/afghani-gold\/","title":{"rendered":"Oro afgano"},"content":{"rendered":"","protected":false},"excerpt":{"rendered":"<p>Afghani Gold es un hach\u00eds s\u00f3lido muy codiciado, conocido por su textura suave, sus potentes efectos y su sabor y aroma inolvidables. Se elabora utilizando t\u00e9cnicas tradicionales de prensado a mano que preservan las propiedades naturales de la planta de cannabis.<\/p>\n<p>Originaria de la cordillera del Hindu Kush y de provincias como Balkh y Mazar-i, es famosa por su c\u00e1\u00f1amo Indica y Sativa de alta calidad. Afghani Gold ofrece una experiencia afgana cl\u00e1sica y est\u00e1 considerada uno de los mejores s\u00f3lidos de hach\u00eds a nivel mundial.<\/p>","protected":false},"featured_media":77,"comment_status":"open","ping_status":"closed","template":"","meta":{"_seopress_robots_primary_cat":"none","_seopress_titles_title":"Buy Our Exquisite Afghani Gold Solid Smoking Blends Now","_seopress_titles_desc":"Enjoy the ultimate relaxation experience with the finest quality Afghani Gold, a premium solid blend available at sensational Senseadelic online shop!","_seopress_robots_index":""},"product_brand":[],"product_cat":[18],"product_tag":[],"class_list":{"0":"post-47","1":"product","2":"type-product","3":"status-publish","4":"has-post-thumbnail","6":"product_cat-solid-blends","8":"first","9":"outofstock","10":"taxable","11":"shipping-taxable","12":"purchasable","13":"product-type-variable","14":"has-default-attributes"},"_links":{"self":[{"href":"https:\/\/senseadelic.com\/es\/wp-json\/wp\/v2\/product\/47","targetHints":{"allow":["GET"]}}],"collection":[{"href":"https:\/\/senseadelic.com\/es\/wp-json\/wp\/v2\/product"}],"about":[{"href":"https:\/\/senseadelic.com\/es\/wp-json\/wp\/v2\/types\/product"}],"replies":[{"embeddable":true,"href":"https:\/\/senseadelic.com\/es\/wp-json\/wp\/v2\/comments?post=47"}],"version-history":[{"count":0,"href":"https:\/\/senseadelic.com\/es\/wp-json\/wp\/v2\/product\/47\/revisions"}],"wp:featuredmedia":[{"embeddable":true,"href":"https:\/\/senseadelic.com\/es\/wp-json\/wp\/v2\/media\/77"}],"wp:attachment":[{"href":"https:\/\/senseadelic.com\/es\/wp-json\/wp\/v2\/media?parent=47"}],"wp:term":[{"taxonomy":"product_brand","embeddable":true,"href":"https:\/\/senseadelic.com\/es\/wp-json\/wp\/v2\/product_brand?post=47"},{"taxonomy":"product_cat","embeddable":true,"href":"https:\/\/senseadelic.com\/es\/wp-json\/wp\/v2\/product_cat?post=47"},{"taxonomy":"product_tag","embeddable":true,"href":"https:\/\/senseadelic.com\/es\/wp-json\/wp\/v2\/product_tag?post=47"}],"curies":[{"name":"wp","href":"https:\/\/api.w.org\/{rel}","templated":true}]}}