{"id":74,"date":"2023-12-27T00:48:47","date_gmt":"2023-12-27T00:48:47","guid":{"rendered":"https:\/\/live3.senseadelic.com\/?post_type=product&#038;p=74"},"modified":"2025-09-12T18:54:54","modified_gmt":"2025-09-12T18:54:54","slug":"kashmir-kush","status":"publish","type":"product","link":"https:\/\/senseadelic.com\/es\/shop\/smoking-blends\/solid-blends\/kashmir-kush\/","title":{"rendered":"Cachemira Kush"},"content":{"rendered":"","protected":false},"excerpt":{"rendered":"<p>La esencia de las mezclas para fumar de Cachemira est\u00e1 magn\u00edficamente capturada por este s\u00f3lido de calidad por excelencia. El divino aroma y sabor de la hierba son ahora m\u00e1s refinados y profundos que nunca para satisfacer tus deseos \u00fanicos.<\/p>\n<p>Un exquisito ejemplo de charas de \u00e9bano de primera calidad que alterar\u00e1 todo tu sistema sensorial para siempre, Kashmir Kush te eleva hasta las alturas del mism\u00edsimo Himalaya.<\/p>","protected":false},"featured_media":113,"comment_status":"open","ping_status":"closed","template":"","meta":{"_seopress_robots_primary_cat":"none","_seopress_titles_title":"Experience Exotic Relaxation with Kashmir Kush Solid Blend","_seopress_titles_desc":"Experience the intensity of Kashmir Kush, a top rated smoking solid blend at Sense a Delic. Perfect for relaxation. Buy now!","_seopress_robots_index":""},"product_brand":[],"product_cat":[18],"product_tag":[],"class_list":{"0":"post-74","1":"product","2":"type-product","3":"status-publish","4":"has-post-thumbnail","6":"product_cat-solid-blends","8":"first","9":"outofstock","10":"taxable","11":"shipping-taxable","12":"purchasable","13":"product-type-variable","14":"has-default-attributes"},"_links":{"self":[{"href":"https:\/\/senseadelic.com\/es\/wp-json\/wp\/v2\/product\/74","targetHints":{"allow":["GET"]}}],"collection":[{"href":"https:\/\/senseadelic.com\/es\/wp-json\/wp\/v2\/product"}],"about":[{"href":"https:\/\/senseadelic.com\/es\/wp-json\/wp\/v2\/types\/product"}],"replies":[{"embeddable":true,"href":"https:\/\/senseadelic.com\/es\/wp-json\/wp\/v2\/comments?post=74"}],"version-history":[{"count":0,"href":"https:\/\/senseadelic.com\/es\/wp-json\/wp\/v2\/product\/74\/revisions"}],"wp:featuredmedia":[{"embeddable":true,"href":"https:\/\/senseadelic.com\/es\/wp-json\/wp\/v2\/media\/113"}],"wp:attachment":[{"href":"https:\/\/senseadelic.com\/es\/wp-json\/wp\/v2\/media?parent=74"}],"wp:term":[{"taxonomy":"product_brand","embeddable":true,"href":"https:\/\/senseadelic.com\/es\/wp-json\/wp\/v2\/product_brand?post=74"},{"taxonomy":"product_cat","embeddable":true,"href":"https:\/\/senseadelic.com\/es\/wp-json\/wp\/v2\/product_cat?post=74"},{"taxonomy":"product_tag","embeddable":true,"href":"https:\/\/senseadelic.com\/es\/wp-json\/wp\/v2\/product_tag?post=74"}],"curies":[{"name":"wp","href":"https:\/\/api.w.org\/{rel}","templated":true}]}}