{"id":1059,"date":"2024-01-05T01:22:57","date_gmt":"2024-01-05T01:22:57","guid":{"rendered":"https:\/\/live5.senseadelic.com\/?page_id=1059"},"modified":"2024-08-09T11:01:44","modified_gmt":"2024-08-09T11:01:44","slug":"plan-du-site","status":"publish","type":"page","link":"https:\/\/senseadelic.com\/fr\/sitemap\/","title":{"rendered":"Plan du site"},"content":{"rendered":"<div data-elementor-type=\"wp-page\" data-elementor-id=\"1059\" class=\"elementor elementor-1059\" data-elementor-post-type=\"page\">\n\t\t\t\t<div class=\"elementor-element elementor-element-8dfc2d4 e-flex e-con-boxed e-con e-parent\" data-id=\"8dfc2d4\" data-element_type=\"container\" data-e-type=\"container\">\n\t\t\t\t\t<div class=\"e-con-inner\">\n\t\t\t\t<div class=\"elementor-element elementor-element-2e32ffb page-title elementor-widget elementor-widget-heading\" data-id=\"2e32ffb\" data-element_type=\"widget\" data-e-type=\"widget\" data-widget_type=\"heading.default\">\n\t\t\t\t\t<h1 class=\"elementor-heading-title elementor-size-default\">Plan du site Smart Shop Sense a Deleic<\/h1>\t\t\t\t<\/div>\n\t\t\t\t\t<\/div>\n\t\t\t\t<\/div>\n\t\t<div class=\"elementor-element elementor-element-928aaeb e-flex e-con-boxed e-con e-parent\" data-id=\"928aaeb\" data-element_type=\"container\" data-e-type=\"container\">\n\t\t\t\t\t<div class=\"e-con-inner\">\n\t\t<div class=\"elementor-element elementor-element-4a614e7 e-con-full e-flex e-con e-child\" data-id=\"4a614e7\" data-element_type=\"container\" data-e-type=\"container\">\n\t\t\t\t<div class=\"elementor-element elementor-element-d5dc22d sitemapstyling elementor-widget elementor-widget-sitemap\" data-id=\"d5dc22d\" data-element_type=\"widget\" data-e-type=\"widget\" data-widget_type=\"sitemap.default\">\n\t\t\t\t\t<div class=\"elementor-sitemap-wrap\"><div class=\"elementor-sitemap-section\"><h2 class=\"elementor-sitemap-title elementor-sitemap-page-title\">Pages<\/h2><ul class=\"elementor-sitemap-list elementor-sitemap-page-list\"><li class=\"elementor-sitemap-item elementor-sitemap-item-page page_item page-item-43081\"><a href=\"https:\/\/senseadelic.com\/fr\/sense-a-delic-2026\/\">Sense A Delic - 2026<\/a><\/li><li class=\"elementor-sitemap-item elementor-sitemap-item-page page_item page-item-1021\"><a href=\"https:\/\/senseadelic.com\/fr\/\">Sense A Delic<\/a><\/li><li class=\"elementor-sitemap-item elementor-sitemap-item-page page_item page-item-1236\"><a href=\"https:\/\/senseadelic.com\/fr\/about-smart-shop-sense-a-delic\/\">\u00c0 propos de Smart Shop Sense a Delic<\/a><\/li><li class=\"elementor-sitemap-item elementor-sitemap-item-page page_item page-item-25\"><a href=\"https:\/\/senseadelic.com\/fr\/shop\/\">Boutique<\/a><\/li><li class=\"elementor-sitemap-item elementor-sitemap-item-page page_item page-item-34570\"><a href=\"https:\/\/senseadelic.com\/fr\/products-information\/\">Informations sur les produits<\/a><\/li><li class=\"elementor-sitemap-item elementor-sitemap-item-page page_item page-item-902\"><a href=\"https:\/\/senseadelic.com\/fr\/products-on-sale\/\">Produits en vente<\/a><\/li><li class=\"elementor-sitemap-item elementor-sitemap-item-page page_item page-item-820 current_page_parent\"><a href=\"https:\/\/senseadelic.com\/fr\/blog\/\">Blog<\/a><\/li><li class=\"elementor-sitemap-item elementor-sitemap-item-page page_item page-item-513\"><a href=\"https:\/\/senseadelic.com\/fr\/frequently-asked-questions\/\">Foire Aux Questions<\/a><\/li><li class=\"elementor-sitemap-item elementor-sitemap-item-page page_item page-item-818\"><a href=\"https:\/\/senseadelic.com\/fr\/contact-us\/\">Contact<\/a><\/li><li class=\"elementor-sitemap-item elementor-sitemap-item-page page_item page-item-26\"><a href=\"https:\/\/senseadelic.com\/fr\/shopping-basket\/\">Panier<\/a><\/li><li class=\"elementor-sitemap-item elementor-sitemap-item-page page_item page-item-27\"><a href=\"https:\/\/senseadelic.com\/fr\/checkout-page\/\">Page de paiement<\/a><\/li><li class=\"elementor-sitemap-item elementor-sitemap-item-page page_item page-item-1495\"><a href=\"https:\/\/senseadelic.com\/fr\/order-invoice-page\/\">Page de la facture de la commande<\/a><\/li><li class=\"elementor-sitemap-item elementor-sitemap-item-page page_item page-item-28\"><a href=\"https:\/\/senseadelic.com\/fr\/my-account\/\">Mon compte<\/a><\/li><li class=\"elementor-sitemap-item elementor-sitemap-item-page page_item page-item-842\"><a href=\"https:\/\/senseadelic.com\/fr\/order-tracking\/\">Suivi des commandes<\/a><\/li><li class=\"elementor-sitemap-item elementor-sitemap-item-page page_item page-item-1075\"><a href=\"https:\/\/senseadelic.com\/fr\/terms-and-conditions\/\">Termes et Condition<\/a><\/li><li class=\"elementor-sitemap-item elementor-sitemap-item-page page_item page-item-1076\"><a href=\"https:\/\/senseadelic.com\/fr\/privacy-policy\/\">Politique de confidentialit\u00e9<\/a><\/li><li class=\"elementor-sitemap-item elementor-sitemap-item-page page_item page-item-1082\"><a href=\"https:\/\/senseadelic.com\/fr\/health-disclaimer\/\">Avertissement Sant\u00e9<\/a><\/li><li class=\"elementor-sitemap-item elementor-sitemap-item-page page_item page-item-1059\"><a href=\"https:\/\/senseadelic.com\/fr\/sitemap\/\">Plan du site<\/a><\/li><li class=\"elementor-sitemap-item elementor-sitemap-item-page page_item page-item-10039\"><a href=\"https:\/\/senseadelic.com\/fr\/html-sitemap\/\">Plan du site en HTML<\/a><\/li><li class=\"elementor-sitemap-item elementor-sitemap-item-page page_item page-item-8176\"><a href=\"https:\/\/senseadelic.com\/fr\/unsubscribe\/\">Se d\u00e9sabonner<\/a><\/li><\/ul><\/div><div class=\"elementor-sitemap-section\"><h2 class=\"elementor-sitemap-title elementor-sitemap-category-title\">Cat\u00e9gories de postes<\/h2><ul class=\"elementor-sitemap-list elementor-sitemap-category-list\">\t<li class=\"elementor-sitemap-item elementor-sitemap-item-category cat-item cat-item-62\"><a href=\"https:\/\/senseadelic.com\/fr\/category\/magic-mushrooms\/\">Truffes magiques<\/a>\n<\/li>\n\t<li class=\"elementor-sitemap-item elementor-sitemap-item-category cat-item cat-item-63\"><a href=\"https:\/\/senseadelic.com\/fr\/category\/mushrooms\/\">Champignons<\/a>\n<\/li>\n\t<li class=\"elementor-sitemap-item elementor-sitemap-item-category cat-item cat-item-69\"><a href=\"https:\/\/senseadelic.com\/fr\/category\/health\/\">Sant\u00e9<\/a>\n<\/li>\n\t<li class=\"elementor-sitemap-item elementor-sitemap-item-category cat-item cat-item-71\"><a href=\"https:\/\/senseadelic.com\/fr\/category\/smartshops\/\">SmartShops<\/a>\n<\/li>\n\t<li class=\"elementor-sitemap-item elementor-sitemap-item-category cat-item cat-item-77\"><a href=\"https:\/\/senseadelic.com\/fr\/category\/information\/\">Informations<\/a>\n<\/li>\n\t<li class=\"elementor-sitemap-item elementor-sitemap-item-category cat-item cat-item-78\"><a href=\"https:\/\/senseadelic.com\/fr\/category\/hhc\/\">HHC<\/a>\n<\/li>\n<\/ul><\/div><div class=\"elementor-sitemap-section\"><h2 class=\"elementor-sitemap-title elementor-sitemap-post-title\">Postes<\/h2><ul class=\"elementor-sitemap-list elementor-sitemap-post-list\"><li class=\"elementor-sitemap-item elementor-sitemap-item-post page_item page-item-2102\"><a href=\"https:\/\/senseadelic.com\/fr\/smartshops-the-world-of-legal-psychoactive-substances\/\">SmartShops le monde des substances psychoactives l\u00e9gales<\/a><\/li><li class=\"elementor-sitemap-item elementor-sitemap-item-post page_item page-item-6469\"><a href=\"https:\/\/senseadelic.com\/fr\/your-info-guide-to-shamanic-snuff\/\">Votre guide d'information sur le tabac \u00e0 priser chamanique<\/a><\/li><li class=\"elementor-sitemap-item elementor-sitemap-item-post page_item page-item-5958\"><a href=\"https:\/\/senseadelic.com\/fr\/discover-hhc-gummies-at-sense-a-delic-smart-shop\/\">D\u00e9couvrez les gommes HHC sur Sense a Delic Smart Shop<\/a><\/li><li class=\"elementor-sitemap-item elementor-sitemap-item-post page_item page-item-1896\"><a href=\"https:\/\/senseadelic.com\/fr\/a-guide-to-cbd-oil\/\">Guide de l'huile de CBD<\/a><\/li><li class=\"elementor-sitemap-item elementor-sitemap-item-post page_item page-item-6010\"><a href=\"https:\/\/senseadelic.com\/fr\/the-ultimate-guide-to-hhc-vapes\/\">Le Guide Ultime des Vapes HHC \u00c9levez votre exp\u00e9rience<\/a><\/li><li class=\"elementor-sitemap-item elementor-sitemap-item-post page_item page-item-8325\"><a href=\"https:\/\/senseadelic.com\/fr\/the-remarkable-benefits-of-cbd-oil-information\/\">Les avantages remarquables de l'huile de CBD<\/a><\/li><li class=\"elementor-sitemap-item elementor-sitemap-item-post page_item page-item-5808\"><a href=\"https:\/\/senseadelic.com\/fr\/premium-kratom-powder-guide\/\">Premium Kratom Powder Guide<\/a><\/li><li class=\"elementor-sitemap-item elementor-sitemap-item-post page_item page-item-6323\"><a href=\"https:\/\/senseadelic.com\/fr\/research-chemicals-of-psychoactive-substances\/\">Recherche de substances chimiques psychoactives<\/a><\/li><li class=\"elementor-sitemap-item elementor-sitemap-item-post page_item page-item-5843\"><a href=\"https:\/\/senseadelic.com\/fr\/the-emerging-trend-in-vaping-hhc-alternatives\/\">La tendance \u00e9mergente du vapotage Les alternatives HHC<\/a><\/li><li class=\"elementor-sitemap-item elementor-sitemap-item-post page_item page-item-1240\"><a href=\"https:\/\/senseadelic.com\/fr\/magic-mushrooms-a-psychedelic-trip-from-mother-nature\/\">Les champignons magiques, un voyage psych\u00e9d\u00e9lique de M\u00e8re Nature<\/a><\/li><li class=\"elementor-sitemap-item elementor-sitemap-item-post page_item page-item-1249\"><a href=\"https:\/\/senseadelic.com\/fr\/the-mystique-of-magic-truffles\/\">Le myst\u00e8re des truffes magiques<\/a><\/li><li class=\"elementor-sitemap-item elementor-sitemap-item-post page_item page-item-1253\"><a href=\"https:\/\/senseadelic.com\/fr\/amanita-muscaria-exploration\/\">Amanita Muscaria Exploration<\/a><\/li><li class=\"elementor-sitemap-item elementor-sitemap-item-post page_item page-item-15341\"><a href=\"https:\/\/senseadelic.com\/fr\/what-is-hhc-everything-you-need-to-know\/\">Qu'est-ce que HHC ? Tout ce qu'il faut savoir<\/a><\/li><\/ul><\/div><div class=\"elementor-sitemap-section\"><h2 class=\"elementor-sitemap-title elementor-sitemap-product_cat-title\">Cat\u00e9gories de produits<\/h2><ul class=\"elementor-sitemap-list elementor-sitemap-product_cat-list\">\t<li class=\"elementor-sitemap-item elementor-sitemap-item-product_cat cat-item cat-item-17\"><a href=\"https:\/\/senseadelic.com\/fr\/shop\/smoking-blends\/\">M\u00e9langes \u00e0 fumer<\/a>\n<\/li>\n\t<li class=\"elementor-sitemap-item elementor-sitemap-item-product_cat cat-item cat-item-18\"><a href=\"https:\/\/senseadelic.com\/fr\/shop\/smoking-blends\/solid-blends\/\">M\u00e9langes solides<\/a>\n<\/li>\n\t<li class=\"elementor-sitemap-item elementor-sitemap-item-product_cat cat-item cat-item-19\"><a href=\"https:\/\/senseadelic.com\/fr\/shop\/cbd-oil\/\">Huile de CBD<\/a>\n<\/li>\n\t<li class=\"elementor-sitemap-item elementor-sitemap-item-product_cat cat-item cat-item-20\"><a href=\"https:\/\/senseadelic.com\/fr\/shop\/vapes-liquids\/\">Vapes Liquides<\/a>\n<\/li>\n\t<li class=\"elementor-sitemap-item elementor-sitemap-item-product_cat cat-item cat-item-21\"><a href=\"https:\/\/senseadelic.com\/fr\/shop\/stimulants-supplies\/\">Stimulants Fournitures<\/a>\n<\/li>\n\t<li class=\"elementor-sitemap-item elementor-sitemap-item-product_cat cat-item cat-item-28\"><a href=\"https:\/\/senseadelic.com\/fr\/shop\/hhc-vapes\/\">HHC Vapes<\/a>\n<\/li>\n\t<li class=\"elementor-sitemap-item elementor-sitemap-item-product_cat cat-item cat-item-29\"><a href=\"https:\/\/senseadelic.com\/fr\/shop\/smoking-blends\/herbal-blends\/\">M\u00e9langes de plantes<\/a>\n<\/li>\n\t<li class=\"elementor-sitemap-item elementor-sitemap-item-product_cat cat-item cat-item-34\"><a href=\"https:\/\/senseadelic.com\/fr\/shop\/magic-mushrooms\/\">Truffes magiques<\/a>\n<\/li>\n\t<li class=\"elementor-sitemap-item elementor-sitemap-item-product_cat cat-item cat-item-35\"><a href=\"https:\/\/senseadelic.com\/fr\/shop\/psychedelics-supplies\/\">Fournitures de psych\u00e9d\u00e9liques<\/a>\n<\/li>\n\t<li class=\"elementor-sitemap-item elementor-sitemap-item-product_cat cat-item cat-item-36\"><a href=\"https:\/\/senseadelic.com\/fr\/shop\/hhc-gummies\/\">Gommes HHC<\/a>\n<\/li>\n\t<li class=\"elementor-sitemap-item elementor-sitemap-item-product_cat cat-item cat-item-45\"><a href=\"https:\/\/senseadelic.com\/fr\/shop\/cannabis\/\">Cannabis<\/a>\n<\/li>\n\t<li class=\"elementor-sitemap-item elementor-sitemap-item-product_cat cat-item cat-item-46\"><a href=\"https:\/\/senseadelic.com\/fr\/shop\/premium-kratom-powder\/\">Poudre de Kratom<\/a>\n<\/li>\n<\/ul><\/div><div class=\"elementor-sitemap-section\"><h2 class=\"elementor-sitemap-title elementor-sitemap-product_tag-title\">\u00c9tiquettes du produit<\/h2><span class=\"elementor-sitemap-list elementor-sitemap-product_tag-list\">Aucun<\/span><\/div><\/div>\t\t\t\t<\/div>\n\t\t\t\t<\/div>\n\t\t<div class=\"elementor-element elementor-element-6486fb7 e-con-full e-flex e-con e-child\" data-id=\"6486fb7\" data-element_type=\"container\" data-e-type=\"container\">\n\t\t\t\t<div class=\"elementor-element elementor-element-fdc5f89 sitemapstyling elementor-widget elementor-widget-sitemap\" data-id=\"fdc5f89\" data-element_type=\"widget\" data-e-type=\"widget\" data-widget_type=\"sitemap.default\">\n\t\t\t\t\t<div class=\"elementor-sitemap-wrap\"><div class=\"elementor-sitemap-section\"><h2 class=\"elementor-sitemap-title elementor-sitemap-product-title\">Produits<\/h2><ul class=\"elementor-sitemap-list elementor-sitemap-product-list\"><li class=\"elementor-sitemap-item elementor-sitemap-item-product page_item page-item-137\"><a href=\"https:\/\/senseadelic.com\/fr\/shop\/smoking-blends\/herbal-blends\/dutch-orange-original\/\">Orange hollandaise originale<\/a><\/li><li class=\"elementor-sitemap-item elementor-sitemap-item-product page_item page-item-187\"><a href=\"https:\/\/senseadelic.com\/fr\/shop\/smoking-blends\/herbal-blends\/dutch-orange-extreme\/\">Orange hollandaise extr\u00eame<\/a><\/li><li class=\"elementor-sitemap-item elementor-sitemap-item-product page_item page-item-141\"><a href=\"https:\/\/senseadelic.com\/fr\/shop\/smoking-blends\/herbal-blends\/dutch-orange-supreme\/\">Supr\u00eame d'orange hollandais<\/a><\/li><li class=\"elementor-sitemap-item elementor-sitemap-item-product page_item page-item-139\"><a href=\"https:\/\/senseadelic.com\/fr\/shop\/smoking-blends\/herbal-blends\/dutch-orange-intense\/\">Orange hollandaise intense<\/a><\/li><li class=\"elementor-sitemap-item elementor-sitemap-item-product page_item page-item-266\"><a href=\"https:\/\/senseadelic.com\/fr\/shop\/smoking-blends\/herbal-blends\/dutch-orange-long-lasting\/\">Orange hollandaise longue dur\u00e9e<\/a><\/li><li class=\"elementor-sitemap-item elementor-sitemap-item-product page_item page-item-14340\"><a href=\"https:\/\/senseadelic.com\/fr\/shop\/smoking-blends\/herbal-blends\/dutch-royale-sublime\/\">La Royale hollandaise sublim\u00e9e<\/a><\/li><li class=\"elementor-sitemap-item elementor-sitemap-item-product page_item page-item-5184\"><a href=\"https:\/\/senseadelic.com\/fr\/shop\/smoking-blends\/herbal-blends\/dutch-royale-elite-herbal-blend\/\">Dutch Royale Elite Herbal Blend<\/a><\/li><li class=\"elementor-sitemap-item elementor-sitemap-item-product page_item page-item-5191\"><a href=\"https:\/\/senseadelic.com\/fr\/shop\/smoking-blends\/herbal-blends\/elixir-herbal-blend\/\">M\u00e9lange d'herbes Elixir<\/a><\/li><li class=\"elementor-sitemap-item elementor-sitemap-item-product page_item page-item-180\"><a href=\"https:\/\/senseadelic.com\/fr\/shop\/smoking-blends\/herbal-blends\/dutch-royale-platinium\/\">Platine royale n\u00e9erlandaise<\/a><\/li><li class=\"elementor-sitemap-item elementor-sitemap-item-product page_item page-item-145\"><a href=\"https:\/\/senseadelic.com\/fr\/shop\/smoking-blends\/herbal-blends\/dutch-royale-imperial\/\">Royale hollandaise imp\u00e9riale<\/a><\/li><li class=\"elementor-sitemap-item elementor-sitemap-item-product page_item page-item-143\"><a href=\"https:\/\/senseadelic.com\/fr\/shop\/smoking-blends\/herbal-blends\/dutch-royale-suave\/\">Dutch Royale Suave<\/a><\/li><li class=\"elementor-sitemap-item elementor-sitemap-item-product page_item page-item-182\"><a href=\"https:\/\/senseadelic.com\/fr\/shop\/smoking-blends\/herbal-blends\/ganja\/\">Ganja M\u00e9lange d'herbes de premi\u00e8re qualit\u00e9<\/a><\/li><\/ul><\/div><\/div>\t\t\t\t<\/div>\n\t\t\t\t<\/div>\n\t\t\t\t\t<\/div>\n\t\t\t\t<\/div>\n\t\t\t\t<\/div>","protected":false},"excerpt":{"rendered":"<p>Plan du site Smart Shop Sense a Deleic<\/p>","protected":false},"author":1,"featured_media":0,"parent":0,"menu_order":60,"comment_status":"closed","ping_status":"closed","template":"","meta":{"_seopress_robots_primary_cat":"","_seopress_titles_title":"Smart Shopping Sitemap Navigate Deals with Ease","_seopress_titles_desc":"Navigate through Sense a Delic's website with ease. Our sitemap lets you explore all our offerings in one place. Dive in now!","_seopress_robots_index":"","footnotes":""},"class_list":["post-1059","page","type-page","status-publish"],"_links":{"self":[{"href":"https:\/\/senseadelic.com\/fr\/wp-json\/wp\/v2\/pages\/1059","targetHints":{"allow":["GET"]}}],"collection":[{"href":"https:\/\/senseadelic.com\/fr\/wp-json\/wp\/v2\/pages"}],"about":[{"href":"https:\/\/senseadelic.com\/fr\/wp-json\/wp\/v2\/types\/page"}],"author":[{"embeddable":true,"href":"https:\/\/senseadelic.com\/fr\/wp-json\/wp\/v2\/users\/1"}],"replies":[{"embeddable":true,"href":"https:\/\/senseadelic.com\/fr\/wp-json\/wp\/v2\/comments?post=1059"}],"version-history":[{"count":0,"href":"https:\/\/senseadelic.com\/fr\/wp-json\/wp\/v2\/pages\/1059\/revisions"}],"wp:attachment":[{"href":"https:\/\/senseadelic.com\/fr\/wp-json\/wp\/v2\/media?parent=1059"}],"curies":[{"name":"wp","href":"https:\/\/api.w.org\/{rel}","templated":true}]}}