{"id":1076,"date":"2024-01-05T01:58:52","date_gmt":"2024-01-05T01:58:52","guid":{"rendered":"https:\/\/live5.senseadelic.com\/?page_id=1076"},"modified":"2024-06-17T16:39:15","modified_gmt":"2024-06-17T16:39:15","slug":"politique-de-confidentialite","status":"publish","type":"page","link":"https:\/\/senseadelic.com\/fr\/privacy-policy\/","title":{"rendered":"Politique de confidentialit\u00e9"},"content":{"rendered":"<div data-elementor-type=\"wp-page\" data-elementor-id=\"1076\" class=\"elementor elementor-1076\" data-elementor-post-type=\"page\">\n\t\t\t\t<div class=\"elementor-element elementor-element-fc3f8bf e-flex e-con-boxed e-con e-parent\" data-id=\"fc3f8bf\" data-element_type=\"container\" data-e-type=\"container\">\n\t\t\t\t\t<div class=\"e-con-inner\">\n\t\t<div class=\"elementor-element elementor-element-ced091d e-con-full e-flex e-con e-child\" data-id=\"ced091d\" data-element_type=\"container\" data-e-type=\"container\">\n\t\t\t\t<div class=\"elementor-element elementor-element-4574cae page-title elementor-widget elementor-widget-heading\" data-id=\"4574cae\" data-element_type=\"widget\" data-e-type=\"widget\" data-widget_type=\"heading.default\">\n\t\t\t\t\t<h1 class=\"elementor-heading-title elementor-size-default\">Politique de confidentialit\u00e9<\/h1>\t\t\t\t<\/div>\n\t\t\t\t<div class=\"elementor-element elementor-element-5a62221f blog-text-contend elementor-widget elementor-widget-text-editor\" data-id=\"5a62221f\" data-element_type=\"widget\" data-e-type=\"widget\" data-widget_type=\"text-editor.default\">\n\t\t\t\t\t\t\t\t\t<h2>Qui sommes-nous ?<\/h2><p>L'adresse de notre site web est https:\/\/senseadelic.com.<\/p><h3>Commentaires<\/h3><p>Lorsque les visiteurs laissent des commentaires sur le site, nous recueillons les donn\u00e9es figurant dans le formulaire de commentaires ainsi que l'adresse IP et la cha\u00eene de l'agent utilisateur du navigateur du visiteur afin de faciliter la d\u00e9tection des spams.<\/p><p>Une cha\u00eene anonyme cr\u00e9\u00e9e \u00e0 partir de votre adresse \u00e9lectronique (\u00e9galement appel\u00e9e \"hash\") peut \u00eatre fournie au service Gravatar pour v\u00e9rifier si vous l'utilisez. La politique de confidentialit\u00e9 du service Gravatar est disponible ici : https:\/\/automattic.com\/privacy\/. Apr\u00e8s approbation de votre commentaire, votre photo de profil est visible par le public dans le contexte de votre commentaire.<\/p><h3>Les m\u00e9dias<\/h3><p>Si vous t\u00e9l\u00e9chargez des images sur le site web, vous devez \u00e9viter de le faire avec des donn\u00e9es de localisation int\u00e9gr\u00e9es (EXIF GPS). Les visiteurs peuvent t\u00e9l\u00e9charger et extraire toutes les donn\u00e9es de localisation des images sur le site web.<\/p><h3>Cookies<\/h3><p>Si vous laissez un commentaire sur notre site, vous pouvez choisir d'enregistrer votre nom, votre adresse \u00e9lectronique et votre site web dans des cookies. Ces cookies sont destin\u00e9s \u00e0 vous faciliter la t\u00e2che, de sorte que vous n'ayez pas \u00e0 fournir \u00e0 nouveau vos coordonn\u00e9es lorsque vous laissez un autre commentaire. Ces cookies ont une dur\u00e9e de vie d'un an.<\/p><p>Si vous visitez notre page de connexion, nous installerons un cookie temporaire pour d\u00e9terminer si votre navigateur accepte les cookies. Ce cookie ne contient aucune donn\u00e9e personnelle et est supprim\u00e9 lorsque vous fermez votre navigateur.<\/p><p>Lorsque vous vous connectez, nous installons plusieurs cookies pour enregistrer vos informations de connexion et vos choix d'affichage \u00e0 l'\u00e9cran. Les cookies de connexion durent deux jours et les cookies d'options d'\u00e9cran durent un an. Si vous s\u00e9lectionnez l'option \"Se souvenir de moi\", votre connexion sera conserv\u00e9e pendant deux semaines. Si vous vous d\u00e9connectez de votre compte, les cookies de connexion seront supprim\u00e9s.<\/p><p>Supposons que vous modifiez ou publiez un article. Un cookie suppl\u00e9mentaire sera enregistr\u00e9 dans votre navigateur. Ce cookie ne contient aucune donn\u00e9e personnelle et indique l'identifiant de l'article que vous venez de modifier. Il expire au bout d'un jour.<\/p><h3>Contenu int\u00e9gr\u00e9 d'autres sites web<\/h3><p>Les articles de ce site peuvent contenir du contenu int\u00e9gr\u00e9 (par exemple, des vid\u00e9os, des images, des articles, etc.). Le contenu int\u00e9gr\u00e9 provenant d'autres sites web se comporte exactement comme si le visiteur avait visit\u00e9 l'autre site web.<\/p><p>Ces sites web peuvent collecter des donn\u00e9es vous concernant, utiliser des cookies, int\u00e9grer un suivi suppl\u00e9mentaire par des tiers et surveiller votre interaction avec ce contenu int\u00e9gr\u00e9, y compris votre interaction avec le contenu int\u00e9gr\u00e9 si vous avez un compte et que vous \u00eates connect\u00e9 \u00e0 ce site web.<\/p><h3>Avec qui partageons-nous vos donn\u00e9es ?<\/h3><p>Si vous demandez une r\u00e9initialisation de votre mot de passe, votre adresse IP sera incluse dans l'e-mail de r\u00e9initialisation.<\/p><h3>Dur\u00e9e de conservation des donn\u00e9es<\/h3><p>Si vous laissez un commentaire, celui-ci et ses m\u00e9tadonn\u00e9es sont conserv\u00e9s ind\u00e9finiment. Cela nous permet de reconna\u00eetre et d'approuver automatiquement les commentaires de suivi au lieu de les conserver dans une file d'attente de mod\u00e9ration.<\/p><p>Pour les utilisateurs qui s'inscrivent sur notre site web (le cas \u00e9ch\u00e9ant), nous stockons \u00e9galement les informations personnelles qu'ils fournissent dans leur profil d'utilisateur. Tous les utilisateurs peuvent voir, modifier ou supprimer leurs informations personnelles \u00e0 tout moment (sauf qu'ils ne peuvent pas changer leur nom d'utilisateur). Les administrateurs du site web peuvent \u00e9galement consulter et modifier ces informations.<\/p><h3>Quels sont vos droits sur vos donn\u00e9es ?<\/h3><p>Si vous avez un compte sur ce site ou si vous avez laiss\u00e9 des commentaires, vous pouvez demander \u00e0 recevoir un fichier export\u00e9 des donn\u00e9es personnelles que nous d\u00e9tenons \u00e0 votre sujet, y compris les donn\u00e9es que vous avez fournies. Vous pouvez \u00e9galement nous demander d'effacer toutes les donn\u00e9es \u00e0 caract\u00e8re personnel que nous d\u00e9tenons \u00e0 votre sujet. Cela n'inclut pas les donn\u00e9es que nous devons conserver \u00e0 des fins administratives, juridiques ou de s\u00e9curit\u00e9.<\/p><h3>O\u00f9 vos donn\u00e9es sont-elles envoy\u00e9es ?<\/h3><p>Les commentaires des visiteurs peuvent \u00eatre v\u00e9rifi\u00e9s par un service automatis\u00e9 de d\u00e9tection des spams.<\/p>\t\t\t\t\t\t\t\t<\/div>\n\t\t\t\t<\/div>\n\t\t\t\t\t<\/div>\n\t\t\t\t<\/div>\n\t\t\t\t<\/div>","protected":false},"excerpt":{"rendered":"<p>Who we are Our website address is https:\/\/senseadelic.com. Comments When visitors leave comments on the site, we collect the data shown in the comments form and the visitor\u2019s IP address and browser user agent string to help with spam detection. An anonymized string created from your email address (also called a hash) may be provided [&hellip;]<\/p>\n","protected":false},"author":1,"featured_media":0,"parent":0,"menu_order":44,"comment_status":"closed","ping_status":"closed","template":"","meta":{"_seopress_robots_primary_cat":"","_seopress_titles_title":"Explore Sense Delic Privacy and User Data Insights","_seopress_titles_desc":"Navigate Sense a Delic.com with ease. We're dedicated to protecting user data, offering transparency in comments, media uploads, and cookies. Your data, your control.","_seopress_robots_index":"","footnotes":""},"class_list":["post-1076","page","type-page","status-publish"],"_links":{"self":[{"href":"https:\/\/senseadelic.com\/fr\/wp-json\/wp\/v2\/pages\/1076","targetHints":{"allow":["GET"]}}],"collection":[{"href":"https:\/\/senseadelic.com\/fr\/wp-json\/wp\/v2\/pages"}],"about":[{"href":"https:\/\/senseadelic.com\/fr\/wp-json\/wp\/v2\/types\/page"}],"author":[{"embeddable":true,"href":"https:\/\/senseadelic.com\/fr\/wp-json\/wp\/v2\/users\/1"}],"replies":[{"embeddable":true,"href":"https:\/\/senseadelic.com\/fr\/wp-json\/wp\/v2\/comments?post=1076"}],"version-history":[{"count":0,"href":"https:\/\/senseadelic.com\/fr\/wp-json\/wp\/v2\/pages\/1076\/revisions"}],"wp:attachment":[{"href":"https:\/\/senseadelic.com\/fr\/wp-json\/wp\/v2\/media?parent=1076"}],"curies":[{"name":"wp","href":"https:\/\/api.w.org\/{rel}","templated":true}]}}