{"id":1082,"date":"2024-01-05T02:01:09","date_gmt":"2024-01-05T02:01:09","guid":{"rendered":"https:\/\/live5.senseadelic.com\/?page_id=1082"},"modified":"2024-06-17T16:38:01","modified_gmt":"2024-06-17T16:38:01","slug":"clause-de-non-responsabilite-en-matiere-de-sante","status":"publish","type":"page","link":"https:\/\/senseadelic.com\/fr\/health-disclaimer\/","title":{"rendered":"Avertissement Sant\u00e9"},"content":{"rendered":"<div data-elementor-type=\"wp-page\" data-elementor-id=\"1082\" class=\"elementor elementor-1082\" data-elementor-post-type=\"page\">\n\t\t\t\t<div class=\"elementor-element elementor-element-8fd8c52 e-flex e-con-boxed e-con e-parent\" data-id=\"8fd8c52\" data-element_type=\"container\" data-e-type=\"container\">\n\t\t\t\t\t<div class=\"e-con-inner\">\n\t\t<div class=\"elementor-element elementor-element-79f865e e-con-full e-flex e-con e-child\" data-id=\"79f865e\" data-element_type=\"container\" data-e-type=\"container\">\n\t\t\t\t<div class=\"elementor-element elementor-element-36452b8 page-title elementor-widget elementor-widget-heading\" data-id=\"36452b8\" data-element_type=\"widget\" data-e-type=\"widget\" data-widget_type=\"heading.default\">\n\t\t\t\t\t<h1 class=\"elementor-heading-title elementor-size-default\">Avertissement Sant\u00e9<\/h1>\t\t\t\t<\/div>\n\t\t\t\t<div class=\"elementor-element elementor-element-7c1c8d6c blog-text-contend elementor-widget elementor-widget-text-editor\" data-id=\"7c1c8d6c\" data-element_type=\"widget\" data-e-type=\"widget\" data-widget_type=\"text-editor.default\">\n\t\t\t\t\t\t\t\t\t<p>Ce site web est uniquement destin\u00e9 \u00e0 l'apprentissage et \u00e0 la d\u00e9couverte de nouvelles choses. Il n'est pas destin\u00e9 \u00e0 vous aider \u00e0 comprendre ce qui ne va pas si vous \u00eates malade, ni \u00e0 trouver des moyens de gu\u00e9rir d'une maladie.<\/p><p>Les choses dont nous parlons ici ne doivent pas \u00eatre consomm\u00e9es ou utilis\u00e9es comme m\u00e9dicaments. Nous partageons simplement des informations pour que les gens r\u00e9fl\u00e9chissent et apprennent ; nous ne disons pas que c'est vrai ou qu'il est s\u00fbr d'essayer par soi-m\u00eame. Si vous d\u00e9cidez d'utiliser ce que vous apprenez ici, rappelez-vous que c'est seulement pour des exp\u00e9riences ou pour apprendre, pas pour essayer sur des gens.<\/p><p>En outre, en cas de probl\u00e8me, les personnes qui g\u00e8rent ce site web n'auront pas de probl\u00e8mes, car vous acceptez de ne pas leur reprocher de l'avoir utilis\u00e9.<\/p>\t\t\t\t\t\t\t\t<\/div>\n\t\t\t\t<div class=\"elementor-element elementor-element-236db5a blog-text-contend elementor-widget elementor-widget-text-editor\" data-id=\"236db5a\" data-element_type=\"widget\" data-e-type=\"widget\" data-widget_type=\"text-editor.default\">\n\t\t\t\t\t\t\t\t\t<p><strong>Remarques finales et mises en garde :<\/strong><\/p><p>\"Alors que nous terminons notre tourn\u00e9e, il est important pour moi de partager quelques conseils et mises en garde essentiels. Si l'exploration des merveilles des produits SmartShop peut s'av\u00e9rer passionnante, il est essentiel de l'aborder avec prudence et responsabilit\u00e9.<\/p><p><strong>1. Conna\u00eetre ses limites :<\/strong> Chaque individu r\u00e9agit diff\u00e9remment \u00e0 ces substances. Commencez par de petites doses, surtout si vous essayez un produit pour la premi\u00e8re fois. Comprendre la r\u00e9action de votre corps est la cl\u00e9 d'une exp\u00e9rience s\u00fbre et agr\u00e9able.<\/p><p><strong>2. Sensibilisation juridique :<\/strong> Renseignez-vous sur le statut juridique de ces produits dans votre r\u00e9gion. Les lois varient consid\u00e9rablement d'un endroit \u00e0 l'autre et il est de votre responsabilit\u00e9 de vous tenir inform\u00e9 et de respecter la l\u00e9gislation en vigueur.<\/p><p><strong>3. Consid\u00e9rations relatives \u00e0 la sant\u00e9 :<\/strong> Si vous avez des probl\u00e8mes de sant\u00e9 ou si vous prenez des m\u00e9dicaments, consultez un professionnel de la sant\u00e9 avant d'utiliser l'un de nos produits. La s\u00e9curit\u00e9 avant tout !<\/p><p><strong>4. L'importance du cadre :<\/strong> Votre environnement peut avoir un impact significatif sur votre exp\u00e9rience, en particulier avec les psych\u00e9d\u00e9liques et les truffes. Choisissez un endroit s\u00fbr et confortable, et pensez \u00e0 vous faire accompagner par un ami de confiance.<\/p><p><strong>5. \u00c9viter les m\u00e9langes :<\/strong> M\u00e9langer diff\u00e9rentes substances peut \u00eatre impr\u00e9visible et risqu\u00e9. \u00c9vitez d'utiliser plusieurs produits en m\u00eame temps, surtout si vous ne connaissez pas leurs effets.<\/p><p><strong>6. Le bien-\u00eatre mental :<\/strong> Si vous vous sentez stress\u00e9, anxieux ou si vous avez des probl\u00e8mes de sant\u00e9 mentale, il est conseill\u00e9 d'\u00e9viter les substances psychoactives ou d'\u00eatre tr\u00e8s prudent \u00e0 leur \u00e9gard. Elles peuvent intensifier l'\u00e9tat d'esprit dans lequel vous vous trouvez.<\/p><p><strong>Derni\u00e8re r\u00e9flexion :<\/strong> Notre voyage ici ne consiste pas seulement \u00e0 \u00e9prouver de nouvelles sensations, mais aussi \u00e0 respecter le pouvoir de ces merveilles naturelles. N'oubliez pas que l'objectif est d'am\u00e9liorer votre bien-\u00eatre, pas de le compromettre. Utilisez toujours les produits de mani\u00e8re responsable, restez inform\u00e9 et profitez du monde magique des SmartShops en toute s\u00e9curit\u00e9.<\/p><p>Je vous remercie de m'avoir consacr\u00e9 du temps aujourd'hui. Si vous avez des questions ou besoin de conseils, n'h\u00e9sitez pas \u00e0 me contacter. Prenez soin de vous et explorez avec sagesse !<\/p>\t\t\t\t\t\t\t\t<\/div>\n\t\t\t\t<\/div>\n\t\t\t\t\t<\/div>\n\t\t\t\t<\/div>\n\t\t\t\t<\/div>","protected":false},"excerpt":{"rendered":"<p>This website is just for learning and finding out new things. It&#8217;s not meant to help you figure out what&#8217;s wrong if you&#8217;re sick, nor is it for finding ways to get better from illnesses. The things we talk about here should not be eaten or used as medicine. We are just sharing information for [&hellip;]<\/p>\n","protected":false},"author":1,"featured_media":0,"parent":0,"menu_order":48,"comment_status":"closed","ping_status":"closed","template":"","meta":{"_seopress_robots_primary_cat":"","_seopress_titles_title":"Responsible Learning About Chemicals and Natural Wonders","_seopress_titles_desc":"Find high-quality, research-focused content. Exclusively for educational and informational use, not meant for any therapeutic or medicinal use.","_seopress_robots_index":"","footnotes":""},"class_list":["post-1082","page","type-page","status-publish"],"_links":{"self":[{"href":"https:\/\/senseadelic.com\/fr\/wp-json\/wp\/v2\/pages\/1082","targetHints":{"allow":["GET"]}}],"collection":[{"href":"https:\/\/senseadelic.com\/fr\/wp-json\/wp\/v2\/pages"}],"about":[{"href":"https:\/\/senseadelic.com\/fr\/wp-json\/wp\/v2\/types\/page"}],"author":[{"embeddable":true,"href":"https:\/\/senseadelic.com\/fr\/wp-json\/wp\/v2\/users\/1"}],"replies":[{"embeddable":true,"href":"https:\/\/senseadelic.com\/fr\/wp-json\/wp\/v2\/comments?post=1082"}],"version-history":[{"count":0,"href":"https:\/\/senseadelic.com\/fr\/wp-json\/wp\/v2\/pages\/1082\/revisions"}],"wp:attachment":[{"href":"https:\/\/senseadelic.com\/fr\/wp-json\/wp\/v2\/media?parent=1082"}],"curies":[{"name":"wp","href":"https:\/\/api.w.org\/{rel}","templated":true}]}}