{"id":118,"date":"2023-12-27T00:49:04","date_gmt":"2023-12-27T00:49:04","guid":{"rendered":"https:\/\/live3.senseadelic.com\/?post_type=product&#038;p=118"},"modified":"2025-12-15T19:22:42","modified_gmt":"2025-12-15T19:22:42","slug":"dutch-orange-easy-smoke-vapes","status":"publish","type":"product","link":"https:\/\/senseadelic.com\/fr\/shop\/vapes-liquids\/dutch-orange-easy-smoke-vapes\/","title":{"rendered":"Orange hollandaise Easy Smoke Vapes"},"content":{"rendered":"","protected":false},"excerpt":{"rendered":"<p>D\u00e9couvrez une ambiance d\u00e9tendue avec le m\u00e9lange d'herbes Dutch Orange Easy Smoke Vapes sous forme de vape. Ce liquide associe des vibrations cool \u00e0 la technologie la plus r\u00e9cente pour un rituel de \"fum\u00e9e\" plus sain et plus relaxant. Parfait pour un moment Dutch Orange d\u00e9contract\u00e9, vous adorerez le voyage doux et paisible. Profitez d'une exp\u00e9rience sereine mais vivante.<\/p>","protected":false},"featured_media":147,"comment_status":"open","ping_status":"closed","template":"","meta":{"_seopress_robots_primary_cat":"none","_seopress_titles_title":"Buy Dutch Orange Easy Smoke Vapes Liquids Online Now","_seopress_titles_desc":"Experience a unique, fresh zing with Dutch Orange Easy Smoke Vapes Liquids. Available now at Sense a Delic, the authentic vape shop in the UK.","_seopress_robots_index":""},"product_brand":[],"product_cat":[20],"product_tag":[],"class_list":{"0":"post-118","1":"product","2":"type-product","3":"status-publish","4":"has-post-thumbnail","6":"product_cat-vapes-liquids","8":"first","9":"outofstock","10":"taxable","11":"shipping-taxable","12":"purchasable","13":"product-type-variable","14":"has-default-attributes"},"_links":{"self":[{"href":"https:\/\/senseadelic.com\/fr\/wp-json\/wp\/v2\/product\/118","targetHints":{"allow":["GET"]}}],"collection":[{"href":"https:\/\/senseadelic.com\/fr\/wp-json\/wp\/v2\/product"}],"about":[{"href":"https:\/\/senseadelic.com\/fr\/wp-json\/wp\/v2\/types\/product"}],"replies":[{"embeddable":true,"href":"https:\/\/senseadelic.com\/fr\/wp-json\/wp\/v2\/comments?post=118"}],"version-history":[{"count":0,"href":"https:\/\/senseadelic.com\/fr\/wp-json\/wp\/v2\/product\/118\/revisions"}],"wp:featuredmedia":[{"embeddable":true,"href":"https:\/\/senseadelic.com\/fr\/wp-json\/wp\/v2\/media\/147"}],"wp:attachment":[{"href":"https:\/\/senseadelic.com\/fr\/wp-json\/wp\/v2\/media?parent=118"}],"wp:term":[{"taxonomy":"product_brand","embeddable":true,"href":"https:\/\/senseadelic.com\/fr\/wp-json\/wp\/v2\/product_brand?post=118"},{"taxonomy":"product_cat","embeddable":true,"href":"https:\/\/senseadelic.com\/fr\/wp-json\/wp\/v2\/product_cat?post=118"},{"taxonomy":"product_tag","embeddable":true,"href":"https:\/\/senseadelic.com\/fr\/wp-json\/wp\/v2\/product_tag?post=118"}],"curies":[{"name":"wp","href":"https:\/\/api.w.org\/{rel}","templated":true}]}}