{"id":137,"date":"2023-12-27T00:49:06","date_gmt":"2023-12-27T00:49:06","guid":{"rendered":"https:\/\/live3.senseadelic.com\/?post_type=product&#038;p=137"},"modified":"2026-04-09T15:51:10","modified_gmt":"2026-04-09T15:51:10","slug":"orange-hollandaise-originale","status":"publish","type":"product","link":"https:\/\/senseadelic.com\/fr\/shop\/smoking-blends\/herbal-blends\/dutch-orange-original\/","title":{"rendered":"Orange hollandaise originale"},"content":{"rendered":"","protected":false},"excerpt":{"rendered":"<p>Le m\u00e9lange Dutch Orange Original est un m\u00e9lange populaire introduit pour la premi\u00e8re fois en 2009. Il offre un high corporel agr\u00e9able, une stimulation psychoactive et une am\u00e9lioration sensorielle.<\/p>","protected":false},"featured_media":170,"comment_status":"closed","ping_status":"closed","template":"","meta":{"_seopress_robots_primary_cat":"none","_seopress_titles_title":"Dutch Orange Original Blend an Happening of Natural Euphoria","_seopress_titles_desc":"Experience the sublime effects of Dutch Orange Original, the top-rated herbal blend in our shop. Explore Sense a Delic's quality range today!","_seopress_robots_index":""},"product_brand":[],"product_cat":[29],"product_tag":[],"class_list":{"0":"post-137","1":"product","2":"type-product","3":"status-publish","4":"has-post-thumbnail","6":"product_cat-herbal-blends","8":"first","9":"instock","10":"featured","11":"taxable","12":"shipping-taxable","13":"purchasable","14":"product-type-variable","15":"has-default-attributes"},"_links":{"self":[{"href":"https:\/\/senseadelic.com\/fr\/wp-json\/wp\/v2\/product\/137","targetHints":{"allow":["GET"]}}],"collection":[{"href":"https:\/\/senseadelic.com\/fr\/wp-json\/wp\/v2\/product"}],"about":[{"href":"https:\/\/senseadelic.com\/fr\/wp-json\/wp\/v2\/types\/product"}],"replies":[{"embeddable":true,"href":"https:\/\/senseadelic.com\/fr\/wp-json\/wp\/v2\/comments?post=137"}],"version-history":[{"count":0,"href":"https:\/\/senseadelic.com\/fr\/wp-json\/wp\/v2\/product\/137\/revisions"}],"wp:featuredmedia":[{"embeddable":true,"href":"https:\/\/senseadelic.com\/fr\/wp-json\/wp\/v2\/media\/170"}],"wp:attachment":[{"href":"https:\/\/senseadelic.com\/fr\/wp-json\/wp\/v2\/media?parent=137"}],"wp:term":[{"taxonomy":"product_brand","embeddable":true,"href":"https:\/\/senseadelic.com\/fr\/wp-json\/wp\/v2\/product_brand?post=137"},{"taxonomy":"product_cat","embeddable":true,"href":"https:\/\/senseadelic.com\/fr\/wp-json\/wp\/v2\/product_cat?post=137"},{"taxonomy":"product_tag","embeddable":true,"href":"https:\/\/senseadelic.com\/fr\/wp-json\/wp\/v2\/product_tag?post=137"}],"curies":[{"name":"wp","href":"https:\/\/api.w.org\/{rel}","templated":true}]}}