{"id":14340,"date":"2024-10-21T16:07:32","date_gmt":"2024-10-21T16:07:32","guid":{"rendered":"https:\/\/senseadelic.com\/?post_type=product&#038;p=14340"},"modified":"2025-10-23T15:16:34","modified_gmt":"2025-10-23T15:16:34","slug":"royale-hollandaise-sublime","status":"publish","type":"product","link":"https:\/\/senseadelic.com\/fr\/shop\/smoking-blends\/herbal-blends\/dutch-royale-sublime\/","title":{"rendered":"La Royale hollandaise sublim\u00e9e"},"content":{"rendered":"<p><strong>Qu'est-ce qui rend SUBLIME sp\u00e9cial ?<\/strong><\/p>\n<ul>\n<li><strong>Le m\u00e9lange le plus puissant \u00e0 ce jour<\/strong>: D\u00e9couvrez des saveurs profondes et cors\u00e9es et une intensit\u00e9 in\u00e9gal\u00e9e pour une exp\u00e9rience de fumage ultime.<\/li>\n<li><strong>Terp\u00e8nes naturels<\/strong>: Infus\u00e9 avec des terp\u00e8nes naturels de la plante Cannabis Sativa, vous donnant un v\u00e9ritable ar\u00f4me de cannabis sans le THC.<\/li>\n<li><strong>Ingr\u00e9dients de premi\u00e8re qualit\u00e9<\/strong>: Nous n'utilisons que des ingr\u00e9dients de premi\u00e8re qualit\u00e9 pour garantir que chaque bouff\u00e9e soit luxueuse.<\/li>\n<li><strong>Sans THC<\/strong>: Obtenez le go\u00fbt et l'ar\u00f4me fantastiques du cannabis sans THC afin de pouvoir en profiter \u00e0 tout moment.<\/li>\n<\/ul>\n<p><strong>Pourquoi choisir SUBLIME ?<\/strong> Si vous aimez les saveurs riches et souhaitez une exp\u00e9rience forte et relaxante, SUBLIME est fait pour vous. Con\u00e7u pour ceux qui appr\u00e9cient la qualit\u00e9, ce m\u00e9lange \u00e9quilibre parfaitement luxe et intensit\u00e9.<\/p>","protected":false},"excerpt":{"rendered":"<p>Faites passer vos m\u00e9langes d'herbes \u00e0 fumer \u00e0 la vitesse sup\u00e9rieure avec <strong>SUBLIME<\/strong>SUBLIME est le m\u00e9lange le plus puissant de Dutch Royale. Que vous soyez un nouveau fumeur ou un fumeur exp\u00e9riment\u00e9, SUBLIME vous apporte une saveur riche et une puissance incroyable \u00e0 chaque bouff\u00e9e.<\/p>","protected":false},"featured_media":14343,"comment_status":"closed","ping_status":"closed","template":"","meta":{"_seopress_robots_primary_cat":"29","_seopress_titles_title":"Dutch Royale Sublime Rich Flavors Herbal Smoking Blend","_seopress_titles_desc":"Indulge in Dutch Royale Sublime's Herbal Blend THC-free rich Flavors and natural terpenes for an unmatched, intense smoking experience anytime.","_seopress_robots_index":""},"product_brand":[],"product_cat":[29],"product_tag":[],"class_list":{"0":"post-14340","1":"product","2":"type-product","3":"status-publish","4":"has-post-thumbnail","6":"product_cat-herbal-blends","8":"first","9":"outofstock","10":"featured","11":"taxable","12":"shipping-taxable","13":"purchasable","14":"product-type-variable"},"_links":{"self":[{"href":"https:\/\/senseadelic.com\/fr\/wp-json\/wp\/v2\/product\/14340","targetHints":{"allow":["GET"]}}],"collection":[{"href":"https:\/\/senseadelic.com\/fr\/wp-json\/wp\/v2\/product"}],"about":[{"href":"https:\/\/senseadelic.com\/fr\/wp-json\/wp\/v2\/types\/product"}],"replies":[{"embeddable":true,"href":"https:\/\/senseadelic.com\/fr\/wp-json\/wp\/v2\/comments?post=14340"}],"version-history":[{"count":0,"href":"https:\/\/senseadelic.com\/fr\/wp-json\/wp\/v2\/product\/14340\/revisions"}],"wp:featuredmedia":[{"embeddable":true,"href":"https:\/\/senseadelic.com\/fr\/wp-json\/wp\/v2\/media\/14343"}],"wp:attachment":[{"href":"https:\/\/senseadelic.com\/fr\/wp-json\/wp\/v2\/media?parent=14340"}],"wp:term":[{"taxonomy":"product_brand","embeddable":true,"href":"https:\/\/senseadelic.com\/fr\/wp-json\/wp\/v2\/product_brand?post=14340"},{"taxonomy":"product_cat","embeddable":true,"href":"https:\/\/senseadelic.com\/fr\/wp-json\/wp\/v2\/product_cat?post=14340"},{"taxonomy":"product_tag","embeddable":true,"href":"https:\/\/senseadelic.com\/fr\/wp-json\/wp\/v2\/product_tag?post=14340"}],"curies":[{"name":"wp","href":"https:\/\/api.w.org\/{rel}","templated":true}]}}