{"id":180,"date":"2023-12-27T00:49:19","date_gmt":"2023-12-27T00:49:19","guid":{"rendered":"https:\/\/live3.senseadelic.com\/?post_type=product&#038;p=180"},"modified":"2024-10-21T18:40:54","modified_gmt":"2024-10-21T18:40:54","slug":"dutch-royale-platinium","status":"publish","type":"product","link":"https:\/\/senseadelic.com\/fr\/shop\/smoking-blends\/herbal-blends\/dutch-royale-platinium\/","title":{"rendered":"Platine royale n\u00e9erlandaise"},"content":{"rendered":"","protected":false},"excerpt":{"rendered":"<p>Le Dutch Royale Platinium Herbal Blend est un nouveau m\u00e9lange d'herbes propos\u00e9 par Sense a Delic, connu pour la satisfaction supr\u00eame qu'il procure en fumant. Il s'inspire de la nature et est consid\u00e9r\u00e9 comme le meilleur m\u00e9lange d'herbes jamais propos\u00e9.<\/p>\n<p>Le m\u00e9lange a un ar\u00f4me unique, une saveur authentique et des effets \u00e9quilibr\u00e9s qui procurent une exp\u00e9rience agr\u00e9able.<\/p>","protected":false},"featured_media":211,"comment_status":"closed","ping_status":"closed","template":"","meta":{"_seopress_robots_primary_cat":"none","_seopress_titles_title":"Buy Dutch Royale Platinum Herbal Blends","_seopress_titles_desc":"Experience the unique Dutch Royale Platinum - a top-notch herbal blend at Sense a Delic. The supreme quality Dutch Dutch Herbal Blends you can trust. Shop now!","_seopress_robots_index":""},"product_brand":[],"product_cat":[29],"product_tag":[],"class_list":{"0":"post-180","1":"product","2":"type-product","3":"status-publish","4":"has-post-thumbnail","6":"product_cat-herbal-blends","8":"first","9":"outofstock","10":"taxable","11":"shipping-taxable","12":"purchasable","13":"product-type-variable","14":"has-default-attributes"},"_links":{"self":[{"href":"https:\/\/senseadelic.com\/fr\/wp-json\/wp\/v2\/product\/180","targetHints":{"allow":["GET"]}}],"collection":[{"href":"https:\/\/senseadelic.com\/fr\/wp-json\/wp\/v2\/product"}],"about":[{"href":"https:\/\/senseadelic.com\/fr\/wp-json\/wp\/v2\/types\/product"}],"replies":[{"embeddable":true,"href":"https:\/\/senseadelic.com\/fr\/wp-json\/wp\/v2\/comments?post=180"}],"version-history":[{"count":0,"href":"https:\/\/senseadelic.com\/fr\/wp-json\/wp\/v2\/product\/180\/revisions"}],"wp:featuredmedia":[{"embeddable":true,"href":"https:\/\/senseadelic.com\/fr\/wp-json\/wp\/v2\/media\/211"}],"wp:attachment":[{"href":"https:\/\/senseadelic.com\/fr\/wp-json\/wp\/v2\/media?parent=180"}],"wp:term":[{"taxonomy":"product_brand","embeddable":true,"href":"https:\/\/senseadelic.com\/fr\/wp-json\/wp\/v2\/product_brand?post=180"},{"taxonomy":"product_cat","embeddable":true,"href":"https:\/\/senseadelic.com\/fr\/wp-json\/wp\/v2\/product_cat?post=180"},{"taxonomy":"product_tag","embeddable":true,"href":"https:\/\/senseadelic.com\/fr\/wp-json\/wp\/v2\/product_tag?post=180"}],"curies":[{"name":"wp","href":"https:\/\/api.w.org\/{rel}","templated":true}]}}