{"id":183,"date":"2023-12-27T00:49:19","date_gmt":"2023-12-27T00:49:19","guid":{"rendered":"https:\/\/live3.senseadelic.com\/?post_type=product&#038;p=183"},"modified":"2024-09-26T12:20:29","modified_gmt":"2024-09-26T12:20:29","slug":"professeur-dor-psilocybe-champignons-magiques","status":"publish","type":"product","link":"https:\/\/senseadelic.com\/fr\/shop\/magic-mushrooms\/golden-teacher-psilocybe-magic-mushrooms\/","title":{"rendered":"Champignons magiques Psilocybe Golden Teacher"},"content":{"rendered":"","protected":false},"excerpt":{"rendered":"<p>Le champignon magique Golden Teacher est devenu une excellente truffe magique ! Ce type de champignon psilocybe cubensis tr\u00e8s appr\u00e9ci\u00e9 a des effets \u00e9tonnants qui stimulent votre cr\u00e9ativit\u00e9 et r\u00e9veillent votre c\u00f4t\u00e9 artistique. Avec Golden Teacher, vous pouvez sentir vos sens s'aiguiser et ressentir un lien profond avec les sons et la nature. Il vous emm\u00e8ne dans une aventure inspirante, pleine de joie et de sentiments forts que vous pouvez voir, entendre et toucher. Cette truffe magique est excellente pour les artistes, les musiciens et les peintres.<\/p>","protected":false},"featured_media":5023,"comment_status":"closed","ping_status":"closed","template":"","meta":{"_seopress_robots_primary_cat":"none","_seopress_titles_title":"Buy High-Quality Golden Teacher Magic Mushrooms Online","_seopress_titles_desc":"Experience a profound journey & spiritual enlightenment with our Golden Teacher Psilocybe Magic Mushrooms. Award-winning quality, delivered to your door.","_seopress_robots_index":""},"product_brand":[],"product_cat":[34],"product_tag":[],"class_list":{"0":"post-183","1":"product","2":"type-product","3":"status-publish","4":"has-post-thumbnail","6":"product_cat-magic-mushrooms","8":"first","9":"outofstock","10":"sale","11":"taxable","12":"shipping-taxable","13":"purchasable","14":"product-type-variable","15":"has-default-attributes"},"_links":{"self":[{"href":"https:\/\/senseadelic.com\/fr\/wp-json\/wp\/v2\/product\/183","targetHints":{"allow":["GET"]}}],"collection":[{"href":"https:\/\/senseadelic.com\/fr\/wp-json\/wp\/v2\/product"}],"about":[{"href":"https:\/\/senseadelic.com\/fr\/wp-json\/wp\/v2\/types\/product"}],"replies":[{"embeddable":true,"href":"https:\/\/senseadelic.com\/fr\/wp-json\/wp\/v2\/comments?post=183"}],"version-history":[{"count":0,"href":"https:\/\/senseadelic.com\/fr\/wp-json\/wp\/v2\/product\/183\/revisions"}],"wp:featuredmedia":[{"embeddable":true,"href":"https:\/\/senseadelic.com\/fr\/wp-json\/wp\/v2\/media\/5023"}],"wp:attachment":[{"href":"https:\/\/senseadelic.com\/fr\/wp-json\/wp\/v2\/media?parent=183"}],"wp:term":[{"taxonomy":"product_brand","embeddable":true,"href":"https:\/\/senseadelic.com\/fr\/wp-json\/wp\/v2\/product_brand?post=183"},{"taxonomy":"product_cat","embeddable":true,"href":"https:\/\/senseadelic.com\/fr\/wp-json\/wp\/v2\/product_cat?post=183"},{"taxonomy":"product_tag","embeddable":true,"href":"https:\/\/senseadelic.com\/fr\/wp-json\/wp\/v2\/product_tag?post=183"}],"curies":[{"name":"wp","href":"https:\/\/api.w.org\/{rel}","templated":true}]}}