{"id":198,"date":"2023-12-27T00:49:20","date_gmt":"2023-12-27T00:49:20","guid":{"rendered":"https:\/\/live3.senseadelic.com\/?post_type=product&#038;p=198"},"modified":"2026-03-18T18:57:38","modified_gmt":"2026-03-18T18:57:38","slug":"cubes-de-gomme-hhc","status":"publish","type":"product","link":"https:\/\/senseadelic.com\/fr\/shop\/hhc-gummies\/hhc-gummy-cubes\/","title":{"rendered":"Cubes de gomme"},"content":{"rendered":"","protected":false},"excerpt":{"rendered":"<p>Les gommes HHC offrent une fa\u00e7on m\u00e9morable et agr\u00e9able de se d\u00e9tendre et d'exp\u00e9rimenter un high puissant. Avec 25 mg de HHC de haute qualit\u00e9 dans chaque cube, ces gommes procurent une exp\u00e9rience b\u00e9ate et euphorique. La d\u00e9gustation de ces gommes, aux saveurs enti\u00e8rement naturelles comme la past\u00e8que et la pomme acide, satisfera vos papilles gustatives et \u00e9l\u00e8vera votre humeur. N'attendez plus. Essayez Sense a Delic Gummies d\u00e8s aujourd'hui et profitez de l'ultime sensation de fra\u00eecheur.<\/p>","protected":false},"featured_media":6172,"comment_status":"open","ping_status":"closed","template":"","meta":{"_seopress_robots_primary_cat":"none","_seopress_titles_title":"Buy HCC Gummy Cubes at Sense a Delic Online Smart Shop","_seopress_titles_desc":"Buy your HHC Gummy Cubes for a delicious, potent experience with 25mg of premium HHC Quality ingredients. Taste the difference with Sense A Delic!","_seopress_robots_index":""},"product_brand":[],"product_cat":[36],"product_tag":[],"class_list":{"0":"post-198","1":"product","2":"type-product","3":"status-publish","4":"has-post-thumbnail","6":"product_cat-hhc-gummies","8":"first","9":"outofstock","10":"featured","11":"taxable","12":"shipping-taxable","13":"purchasable","14":"product-type-variable","15":"has-default-attributes"},"_links":{"self":[{"href":"https:\/\/senseadelic.com\/fr\/wp-json\/wp\/v2\/product\/198","targetHints":{"allow":["GET"]}}],"collection":[{"href":"https:\/\/senseadelic.com\/fr\/wp-json\/wp\/v2\/product"}],"about":[{"href":"https:\/\/senseadelic.com\/fr\/wp-json\/wp\/v2\/types\/product"}],"replies":[{"embeddable":true,"href":"https:\/\/senseadelic.com\/fr\/wp-json\/wp\/v2\/comments?post=198"}],"version-history":[{"count":0,"href":"https:\/\/senseadelic.com\/fr\/wp-json\/wp\/v2\/product\/198\/revisions"}],"wp:featuredmedia":[{"embeddable":true,"href":"https:\/\/senseadelic.com\/fr\/wp-json\/wp\/v2\/media\/6172"}],"wp:attachment":[{"href":"https:\/\/senseadelic.com\/fr\/wp-json\/wp\/v2\/media?parent=198"}],"wp:term":[{"taxonomy":"product_brand","embeddable":true,"href":"https:\/\/senseadelic.com\/fr\/wp-json\/wp\/v2\/product_brand?post=198"},{"taxonomy":"product_cat","embeddable":true,"href":"https:\/\/senseadelic.com\/fr\/wp-json\/wp\/v2\/product_cat?post=198"},{"taxonomy":"product_tag","embeddable":true,"href":"https:\/\/senseadelic.com\/fr\/wp-json\/wp\/v2\/product_tag?post=198"}],"curies":[{"name":"wp","href":"https:\/\/api.w.org\/{rel}","templated":true}]}}