{"id":206,"date":"2023-12-27T00:49:20","date_gmt":"2023-12-27T00:49:20","guid":{"rendered":"https:\/\/live3.senseadelic.com\/?post_type=product&#038;p=206"},"modified":"2024-09-26T12:20:23","modified_gmt":"2024-09-26T12:20:23","slug":"feliz-e","status":"publish","type":"product","link":"https:\/\/senseadelic.com\/fr\/shop\/stimulants-supplies\/feliz-e\/","title":{"rendered":"Feliz E"},"content":{"rendered":"","protected":false},"excerpt":{"rendered":"<p>Feliz E est un produit qui offre des heures insouciantes de proximit\u00e9 \u00e9motionnelle et une meilleure appr\u00e9ciation de la musique. Il est particuli\u00e8rement adapt\u00e9 aux f\u00eates, car il apporte des vagues d'amour et d'\u00e9nergie. En faisant l'exp\u00e9rience de Feliz E, on entre dans un monde de bonheur et de bien-\u00eatre g\u00e9n\u00e9ral.<\/p>","protected":false},"featured_media":249,"comment_status":"closed","ping_status":"closed","template":"","meta":{"_seopress_robots_primary_cat":"none","_seopress_titles_title":"Get a Invigorating Energy Boost with Feliz E Stimulant","_seopress_titles_desc":"Experience new energy with Feliz E \u2013 one of the top-quality stimulants available at Sense a Delic. Make every day a Feliz-E day!","_seopress_robots_index":""},"product_brand":[],"product_cat":[21],"product_tag":[84],"class_list":{"0":"post-206","1":"product","2":"type-product","3":"status-publish","4":"has-post-thumbnail","6":"product_cat-stimulants-supplies","7":"product_tag-5-mapb","9":"first","10":"outofstock","11":"taxable","12":"shipping-taxable","13":"purchasable","14":"product-type-variable","15":"has-default-attributes"},"_links":{"self":[{"href":"https:\/\/senseadelic.com\/fr\/wp-json\/wp\/v2\/product\/206","targetHints":{"allow":["GET"]}}],"collection":[{"href":"https:\/\/senseadelic.com\/fr\/wp-json\/wp\/v2\/product"}],"about":[{"href":"https:\/\/senseadelic.com\/fr\/wp-json\/wp\/v2\/types\/product"}],"replies":[{"embeddable":true,"href":"https:\/\/senseadelic.com\/fr\/wp-json\/wp\/v2\/comments?post=206"}],"version-history":[{"count":0,"href":"https:\/\/senseadelic.com\/fr\/wp-json\/wp\/v2\/product\/206\/revisions"}],"wp:featuredmedia":[{"embeddable":true,"href":"https:\/\/senseadelic.com\/fr\/wp-json\/wp\/v2\/media\/249"}],"wp:attachment":[{"href":"https:\/\/senseadelic.com\/fr\/wp-json\/wp\/v2\/media?parent=206"}],"wp:term":[{"taxonomy":"product_brand","embeddable":true,"href":"https:\/\/senseadelic.com\/fr\/wp-json\/wp\/v2\/product_brand?post=206"},{"taxonomy":"product_cat","embeddable":true,"href":"https:\/\/senseadelic.com\/fr\/wp-json\/wp\/v2\/product_cat?post=206"},{"taxonomy":"product_tag","embeddable":true,"href":"https:\/\/senseadelic.com\/fr\/wp-json\/wp\/v2\/product_tag?post=206"}],"curies":[{"name":"wp","href":"https:\/\/api.w.org\/{rel}","templated":true}]}}