{"id":208,"date":"2023-12-27T00:49:20","date_gmt":"2023-12-27T00:49:20","guid":{"rendered":"https:\/\/live3.senseadelic.com\/?post_type=product&#038;p=208"},"modified":"2025-09-12T18:58:18","modified_gmt":"2025-09-12T18:58:18","slug":"pollen","status":"publish","type":"product","link":"https:\/\/senseadelic.com\/fr\/shop\/smoking-blends\/solid-blends\/pollen\/","title":{"rendered":"Pollen"},"content":{"rendered":"","protected":false},"excerpt":{"rendered":"<p>Le nectar l\u00e9g\u00e8rement dor\u00e9 de Pollen est un nouveau m\u00e9lange solide de la s\u00e9rie Shayana. Il s'inspire de la tradition marocaine de cr\u00e9ation des meilleurs m\u00e9langes. Ce produit peut \u00eatre \u00e9miett\u00e9 et consomm\u00e9 comme le vrai. Il est fabriqu\u00e9 \u00e0 partir d'ingr\u00e9dients de qualit\u00e9 sup\u00e9rieure dont la puissance a \u00e9t\u00e9 test\u00e9e, ce qui garantit une exp\u00e9rience forte et agr\u00e9able.<\/p>","protected":false},"featured_media":251,"comment_status":"open","ping_status":"closed","template":"","meta":{"_seopress_robots_primary_cat":"none","_seopress_titles_title":"Experience Premium Quality Pollen Solid Smoking Blends","_seopress_titles_desc":"Experience the finest Pollen Smoking Blends at Senseadelic! Enjoy a unique herbal smoke blend inspired by nature, crafted for your relaxation.","_seopress_robots_index":""},"product_brand":[],"product_cat":[18],"product_tag":[],"class_list":{"0":"post-208","1":"product","2":"type-product","3":"status-publish","4":"has-post-thumbnail","6":"product_cat-solid-blends","8":"first","9":"outofstock","10":"taxable","11":"shipping-taxable","12":"purchasable","13":"product-type-variable","14":"has-default-attributes"},"_links":{"self":[{"href":"https:\/\/senseadelic.com\/fr\/wp-json\/wp\/v2\/product\/208","targetHints":{"allow":["GET"]}}],"collection":[{"href":"https:\/\/senseadelic.com\/fr\/wp-json\/wp\/v2\/product"}],"about":[{"href":"https:\/\/senseadelic.com\/fr\/wp-json\/wp\/v2\/types\/product"}],"replies":[{"embeddable":true,"href":"https:\/\/senseadelic.com\/fr\/wp-json\/wp\/v2\/comments?post=208"}],"version-history":[{"count":0,"href":"https:\/\/senseadelic.com\/fr\/wp-json\/wp\/v2\/product\/208\/revisions"}],"wp:featuredmedia":[{"embeddable":true,"href":"https:\/\/senseadelic.com\/fr\/wp-json\/wp\/v2\/media\/251"}],"wp:attachment":[{"href":"https:\/\/senseadelic.com\/fr\/wp-json\/wp\/v2\/media?parent=208"}],"wp:term":[{"taxonomy":"product_brand","embeddable":true,"href":"https:\/\/senseadelic.com\/fr\/wp-json\/wp\/v2\/product_brand?post=208"},{"taxonomy":"product_cat","embeddable":true,"href":"https:\/\/senseadelic.com\/fr\/wp-json\/wp\/v2\/product_cat?post=208"},{"taxonomy":"product_tag","embeddable":true,"href":"https:\/\/senseadelic.com\/fr\/wp-json\/wp\/v2\/product_tag?post=208"}],"curies":[{"name":"wp","href":"https:\/\/api.w.org\/{rel}","templated":true}]}}